{"id":629,"date":"2023-02-15T13:44:19","date_gmt":"2023-02-15T11:44:19","guid":{"rendered":"https:\/\/www.dionlux.md\/?post_type=product&#038;p=629"},"modified":"2023-02-21T20:54:21","modified_gmt":"2023-02-21T18:54:21","slug":"panou-incalzitor-clasic-alb-900w","status":"publish","type":"product","link":"https:\/\/www.dionlux.md\/ru\/product\/panou-incalzitor-clasic-alb-900w\/","title":{"rendered":"Panou \u00cenc\u0103lzitor Clasic Alb 900W"},"content":{"rendered":"<section class=\"wpb-content-wrapper\"><div class=\"vc_row wpb_row vc_row-fluid\"><div class=\"wpb_column vc_column_container vc_col-sm-12\"><div class=\"vc_column-inner\"><div class=\"wpb_wrapper\">\n\t<div class=\"wpb_text_column wpb_content_element\" >\n\t\t<div class=\"wpb_wrapper\">\n\t\t\t<p>Panourile noastre clasice albe de \u00eenc\u0103lzire IR sunt incredibil de flexibile \u0219i multilaterale. Sunt potrivite at\u00e2t pentru instala\u021bii casnice, c\u00e2t \u0219i pentru cele comerciale. \u0218i poate fi folosit \u00een diverse loca\u021bii, de la pere\u021bii b\u0103ii p\u00e2n\u0103 la tavanele birourilor. Minunat de adaptabile, sunt disponibile \u00een trei op\u021biuni de cadru elegante pentru a se potrivi oric\u0103rui stil de decor.<\/p>\n<p>Dac\u0103 dori\u021bi s\u0103 monta\u021bi panoul IR pe tavan, va trebui s\u0103 achizi\u021biona\u021bi un <a href=\"\/ru\/product\/suspension-kit-for-panel\/\"><strong>kit de suspendare<\/strong><\/a> al\u0103turi de acesta. V\u0103 recomand\u0103m s\u0103 l\u0103sa\u021bi un spa\u021biu de cel pu\u021bin 5 cm \u00eentre tavan \u0219i panou odat\u0103 instalat pentru a asigura un flux adecvat de aer \u00een spatele \u00eenc\u0103lzitorului.<\/p>\n<p>Acest panou va veni cu o pelicul\u0103 transparent\u0103 pe partea frontal\u0103 care trebuie dezlipit\u0103 \u00eenainte de prima utilizare. Dac\u0103 utiliza\u021bi \u00eenc\u0103lzitorul \u00eenainte de a desprinde pelicula, folia se poate decolora \u0219i se poate topi pe suprafa\u021ba \u00eenc\u0103lzitorului.<\/p>\n<p>V\u0103 rug\u0103m s\u0103 re\u021bine\u021bi c\u0103 zona de \u00eenc\u0103lzire indicat\u0103 se bazeaz\u0103 pe condi\u021bii optime.<\/p>\n<h2>Acoperire FIR pentru eficien\u021b\u0103 \u0219i siguran\u021b\u0103 maxim\u0103<\/h2>\n<p>Panourile noastre cu infraro\u0219u vin cu o acoperire FIR premium nou-nou\u021b\u0103, foarte avansat\u0103, pentru a ajuta la maximizarea performan\u021bei \u00eenc\u0103lzitorului dumneavoastr\u0103. Este rezistent la c\u0103ldur\u0103 - ceea ce \u00eenseamn\u0103 c\u0103 poate rezista la temperaturi de p\u00e2n\u0103 la 200oC f\u0103r\u0103 a se \u00eeng\u0103lbeni \u00een timp.<\/p>\n<p>Nu numai asta, dar va ajuta si elementul de incalzire cu cristal de carbon din interiorul panoului sa distribuie undele IR mai bine ca niciodata, datorita unei eficiente termice mai mari, rezultand si mai multa caldura in casa ta.<\/p>\n<p>\u00cen plus, acoperirea este, de asemenea, mult mai sigur\u0103 dec\u00e2t oric\u00e2nd, deoarece este rezistent\u0103 la foc, asigur\u00e2nd c\u0103 familia \u0219i casa dumneavoastr\u0103 r\u0103m\u00e2n \u00een siguran\u021b\u0103 \u0219i calde.<\/p>\n<div class=\"block-zig-zag\">\n<h2>C\u0103ldur\u0103 discret\u0103<\/h2>\n<p><img loading=\"lazy\" decoding=\"async\" class=\"alignnone wp-image-342 size-full\" src=\"https:\/\/www.dionlux.md\/wp-content\/uploads\/2023\/02\/DiscreetHeat.jpg\" alt=\"\" width=\"1920\" height=\"649\" srcset=\"https:\/\/www.dionlux.md\/wp-content\/uploads\/2023\/02\/DiscreetHeat.jpg 1920w, https:\/\/www.dionlux.md\/wp-content\/uploads\/2023\/02\/DiscreetHeat-300x101.jpg 300w, https:\/\/www.dionlux.md\/wp-content\/uploads\/2023\/02\/DiscreetHeat-1024x346.jpg 1024w, https:\/\/www.dionlux.md\/wp-content\/uploads\/2023\/02\/DiscreetHeat-768x260.jpg 768w, https:\/\/www.dionlux.md\/wp-content\/uploads\/2023\/02\/DiscreetHeat-1536x519.jpg 1536w, https:\/\/www.dionlux.md\/wp-content\/uploads\/2023\/02\/DiscreetHeat-18x6.jpg 18w, https:\/\/www.dionlux.md\/wp-content\/uploads\/2023\/02\/DiscreetHeat-860x291.jpg 860w, https:\/\/www.dionlux.md\/wp-content\/uploads\/2023\/02\/DiscreetHeat-430x145.jpg 430w, https:\/\/www.dionlux.md\/wp-content\/uploads\/2023\/02\/DiscreetHeat-700x237.jpg 700w, https:\/\/www.dionlux.md\/wp-content\/uploads\/2023\/02\/DiscreetHeat-150x51.jpg 150w\" sizes=\"auto, (max-width: 1920px) 100vw, 1920px\" \/><\/p>\n<p>Datorit\u0103 finisajului alb curat pe care \u00eel ofer\u0103 suprafa\u021ba FIR Coating, pute\u021bi ascunde acest \u00eenc\u0103lzitor la vedere, practic.<\/p>\n<p>Cu acest panou, se poate integra perfect \u00eentr-un mediu de buc\u0103t\u0103rie sau de baie \u0219i poate ad\u0103uga c\u0103ldur\u0103 suplimentar\u0103 f\u0103r\u0103 a apela la un radiator greoi sau un \u00eenc\u0103lzitor portabil ineficient.<\/p>\n<p>La doar 22 mm \u00een ad\u00e2ncime, nu trebuie s\u0103 v\u0103 face\u021bi griji c\u0103 acest \u00eenc\u0103lzitor ocup\u0103 prea mult spa\u021biu. De fapt, cu dimensiunile sale destul de mici, acest \u00eenc\u0103lzitor poate fi situat \u00eentr-o mare varietate de locuri diferite.<\/p>\n<p>Deoarece c\u0103ldura pe care o emit nu se ridic\u0103 la tavan, pot fi montate sus pe perete sau chiar pe tavan! Acest lucru se datoreaz\u0103 faptului c\u0103 acestea \u00eenc\u0103lzesc obiectele direct cu fascicule infraro\u0219ii multidirec\u021bionale.<\/p>\n<h2>Instalare \u00een minute<\/h2>\n<p><img loading=\"lazy\" decoding=\"async\" class=\"alignnone wp-image-341 size-full\" src=\"https:\/\/www.dionlux.md\/wp-content\/uploads\/2023\/02\/InstallationInMinutes.jpg\" alt=\"\" width=\"1920\" height=\"649\" srcset=\"https:\/\/www.dionlux.md\/wp-content\/uploads\/2023\/02\/InstallationInMinutes.jpg 1920w, https:\/\/www.dionlux.md\/wp-content\/uploads\/2023\/02\/InstallationInMinutes-300x101.jpg 300w, https:\/\/www.dionlux.md\/wp-content\/uploads\/2023\/02\/InstallationInMinutes-1024x346.jpg 1024w, https:\/\/www.dionlux.md\/wp-content\/uploads\/2023\/02\/InstallationInMinutes-768x260.jpg 768w, https:\/\/www.dionlux.md\/wp-content\/uploads\/2023\/02\/InstallationInMinutes-1536x519.jpg 1536w, https:\/\/www.dionlux.md\/wp-content\/uploads\/2023\/02\/InstallationInMinutes-18x6.jpg 18w, https:\/\/www.dionlux.md\/wp-content\/uploads\/2023\/02\/InstallationInMinutes-860x291.jpg 860w, https:\/\/www.dionlux.md\/wp-content\/uploads\/2023\/02\/InstallationInMinutes-430x145.jpg 430w, https:\/\/www.dionlux.md\/wp-content\/uploads\/2023\/02\/InstallationInMinutes-700x237.jpg 700w, https:\/\/www.dionlux.md\/wp-content\/uploads\/2023\/02\/InstallationInMinutes-150x51.jpg 150w\" sizes=\"auto, (max-width: 1920px) 100vw, 1920px\" \/><\/p>\n<p>Nu va fi nevoie de ajutor profesional pentru a v\u0103 ajuta s\u0103 instala\u021bi acest panou \u00een casa dvs. F\u0103r\u0103 instalatori, electricieni sau lucr\u0103tori\/femei, deoarece nu sunt necesari.<\/p>\n<p>Nu este deloc necesar\u0103 o munc\u0103 complicat\u0103, deoarece se conecteaz\u0103 direct la re\u021bea. Montarea lor este la fel de u\u0219oar\u0103, deoarece au nevoie doar de c\u00e2teva \u0219uruburi \u00een perete. Sunt \u00eentr-adev\u0103r\u00a0u\u0219or de instalat.<\/p>\n<p>Folosind ghidajul necesar, trage\u021bi prin g\u0103uri pentru a marca locul \u00een care sunt necesare \u0219uruburile, apoi pur \u0219i simplu ag\u0103\u021ba\u021bi panoul pe \u0219uruburi folosind cele dou\u0103 suporturi robuste din spate.<\/p>\n<p>Este nevoie de doar c\u00e2teva minute pentru a face, \u00eenainte de a avea c\u0103ldur\u0103 curat\u0103 eficient\u0103 \u00een casa dvs. \u0219i pute\u021bi face totul de unul singur.<\/p>\n<h2>Un indicator luminos LED simplu<\/h2>\n<p><img loading=\"lazy\" decoding=\"async\" class=\"alignnone size-full wp-image-786\" src=\"https:\/\/www.dionlux.md\/wp-content\/uploads\/2023\/02\/SimpleLedIndicator.jpg\" alt=\"\" width=\"1920\" height=\"649\" srcset=\"https:\/\/www.dionlux.md\/wp-content\/uploads\/2023\/02\/SimpleLedIndicator.jpg 1920w, https:\/\/www.dionlux.md\/wp-content\/uploads\/2023\/02\/SimpleLedIndicator-300x101.jpg 300w, https:\/\/www.dionlux.md\/wp-content\/uploads\/2023\/02\/SimpleLedIndicator-1024x346.jpg 1024w, https:\/\/www.dionlux.md\/wp-content\/uploads\/2023\/02\/SimpleLedIndicator-768x260.jpg 768w, https:\/\/www.dionlux.md\/wp-content\/uploads\/2023\/02\/SimpleLedIndicator-1536x519.jpg 1536w, https:\/\/www.dionlux.md\/wp-content\/uploads\/2023\/02\/SimpleLedIndicator-18x6.jpg 18w, https:\/\/www.dionlux.md\/wp-content\/uploads\/2023\/02\/SimpleLedIndicator-860x291.jpg 860w, https:\/\/www.dionlux.md\/wp-content\/uploads\/2023\/02\/SimpleLedIndicator-430x145.jpg 430w, https:\/\/www.dionlux.md\/wp-content\/uploads\/2023\/02\/SimpleLedIndicator-700x237.jpg 700w, https:\/\/www.dionlux.md\/wp-content\/uploads\/2023\/02\/SimpleLedIndicator-150x51.jpg 150w\" sizes=\"auto, (max-width: 1920px) 100vw, 1920px\" \/>De\u0219i exist\u0103 multe op\u021biuni cu privire la modul \u00een care utiliza\u021bi panoul dvs. Panoul Clasic Alb \u00eel pute\u021bi conecta sau utiliza un termostat cu el - poate fi uneori util s\u0103 \u0219ti\u021bi c\u00e2nd este pornit \u0219i c\u00e2nd nu.<\/p>\n<p>De aceea, acest panou vine cu un indicator LED albastru \u00een col\u021b.<\/p>\n<p>Pur \u0219i simplu, atunci c\u00e2nd \u00eenc\u0103lzitorul este pornit, va fi \u0219i lumina LED. C\u00e2nd panoul este stins, se va stinge \u0219i lumina LED. Aceasta \u00eenseamn\u0103 c\u0103 pute\u021bi spune dac\u0103 panoul emite c\u0103ldur\u0103 sau nu dintr-o privire, f\u0103r\u0103 a fi nevoie s\u0103 v\u0103 apropia\u021bi de el \u0219i s\u0103 \u021bine\u021bi m\u00e2na \u00een fa\u021b\u0103!<\/p>\n<h2>Construc\u021bie superioar\u0103<\/h2>\n<p><img loading=\"lazy\" decoding=\"async\" class=\"alignnone wp-image-339 size-full\" src=\"https:\/\/www.dionlux.md\/wp-content\/uploads\/2023\/02\/SuperiorBuild.jpg\" alt=\"\" width=\"1920\" height=\"649\" srcset=\"https:\/\/www.dionlux.md\/wp-content\/uploads\/2023\/02\/SuperiorBuild.jpg 1920w, https:\/\/www.dionlux.md\/wp-content\/uploads\/2023\/02\/SuperiorBuild-300x101.jpg 300w, https:\/\/www.dionlux.md\/wp-content\/uploads\/2023\/02\/SuperiorBuild-1024x346.jpg 1024w, https:\/\/www.dionlux.md\/wp-content\/uploads\/2023\/02\/SuperiorBuild-768x260.jpg 768w, https:\/\/www.dionlux.md\/wp-content\/uploads\/2023\/02\/SuperiorBuild-1536x519.jpg 1536w, https:\/\/www.dionlux.md\/wp-content\/uploads\/2023\/02\/SuperiorBuild-18x6.jpg 18w, https:\/\/www.dionlux.md\/wp-content\/uploads\/2023\/02\/SuperiorBuild-860x291.jpg 860w, https:\/\/www.dionlux.md\/wp-content\/uploads\/2023\/02\/SuperiorBuild-430x145.jpg 430w, https:\/\/www.dionlux.md\/wp-content\/uploads\/2023\/02\/SuperiorBuild-700x237.jpg 700w, https:\/\/www.dionlux.md\/wp-content\/uploads\/2023\/02\/SuperiorBuild-150x51.jpg 150w\" sizes=\"auto, (max-width: 1920px) 100vw, 1920px\" \/><\/p>\n<p>Cu construc\u021bia de calitate superioar\u0103 nu trebuie s\u0103 v\u0103 face\u021bi griji. Suprafa\u021ba alb\u0103 str\u0103lucitoare este u\u0219or de cur\u0103\u021bat cu o c\u00e2rp\u0103 umed\u0103 \u0219i asta este toat\u0103 \u00eentre\u021binerea de care ve\u021bi avea nevoie vreodat\u0103. Nu exist\u0103 piese \u00een mi\u0219care c\u00e2nd vine vorba de un panou cu infraro\u0219u, a\u0219a c\u0103 nu este deloc necesar\u0103 \u00eentre\u021binere sau \u00eentre\u021binere. Suprafa\u021ba este realizat\u0103 \u0219i din acoperire FIR robust\u0103, a\u0219a c\u0103 e\u0219ti gata.<\/p>\n<p>Pe partea din spate a panoului se afl\u0103 o cutie de jonc\u021biune standard de 230V, cu un cablu flexibil de 2 metri \u0219i o muf\u0103 standard pentru prize europeane cu 3 contacte.<\/p>\n<p>Nu uita\u021bi, dac\u0103 dori\u021bi s\u0103 v\u0103 face\u021bi \u00eenc\u0103lzitorul portabil, pute\u021bi oric\u00e2nd s\u0103 achizi\u021biona\u021bi unul dintre <a href=\"\/ru\/product\/infrared-heating-panel-stand\/\"><strong>suporturile<\/strong><\/a> noastre elegante pentru panouri cu infraro\u0219u, pentru o solu\u021bie de \u00eenc\u0103lzire independent\u0103.<\/p>\n<\/div>\n\n\t\t<\/div>\n\t<\/div>\n<\/div><\/div><\/div><\/div>\n<\/section>","protected":false},"excerpt":{"rendered":"[html_block id=\"343\"]","protected":false},"featured_media":630,"comment_status":"open","ping_status":"closed","template":"","meta":[],"product_cat":[20],"product_tag":[107],"class_list":["post-629","product","type-product","status-publish","has-post-thumbnail","hentry","product_cat-clasice","product_tag-dl-cla-80120-wf"],"yoast_head":"<!-- This site is optimized with the Yoast SEO Premium plugin v20.13 (Yoast SEO v20.13) - https:\/\/yoast.com\/wordpress\/plugins\/seo\/ -->\n<title>Panou \u00cenc\u0103lzitor Clasic Alb 900W - DionLux - Incalzire Eficienta<\/title>\n<meta name=\"robots\" content=\"index, follow, max-snippet:-1, max-image-preview:large, max-video-preview:-1\" \/>\n<link rel=\"canonical\" href=\"https:\/\/www.dionlux.md\/ru\/product\/panou-incalzitor-clasic-alb-900w\/\" \/>\n<meta property=\"og:locale\" content=\"ru_RU\" \/>\n<meta property=\"og:type\" content=\"article\" \/>\n<meta property=\"og:title\" content=\"Panou \u00cenc\u0103lzitor Clasic Alb 900W\" \/>\n<meta property=\"og:url\" content=\"https:\/\/www.dionlux.md\/ru\/product\/panou-incalzitor-clasic-alb-900w\/\" \/>\n<meta property=\"og:site_name\" content=\"DionLux - Incalzire Eficienta\" \/>\n<meta property=\"article:publisher\" content=\"https:\/\/www.facebook.com\/people\/Dionlux-SMART-Solutions\/100088369964479\/\" \/>\n<meta property=\"article:modified_time\" content=\"2023-02-21T18:54:21+00:00\" \/>\n<meta property=\"og:image\" content=\"https:\/\/www.dionlux.md\/wp-content\/uploads\/2023\/02\/cla_900w_1.jpg\" \/>\n\t<meta property=\"og:image:width\" content=\"983\" \/>\n\t<meta property=\"og:image:height\" content=\"1024\" \/>\n\t<meta property=\"og:image:type\" content=\"image\/jpeg\" \/>\n<meta name=\"twitter:card\" content=\"summary_large_image\" \/>\n<meta name=\"twitter:description\" content=\"[html_block id=&quot;343&quot;]\" \/>\n<meta name=\"twitter:label1\" content=\"\u0426\u0435\u043d\u0430\" \/>\n\t<meta name=\"twitter:data1\" content=\"\" \/>\n\t<meta name=\"twitter:label2\" content=\"\u0414\u043e\u0441\u0442\u0443\u043f\u043d\u043e\u0441\u0442\u044c\" \/>\n\t<meta name=\"twitter:data2\" content=\"\u041d\u0430 \u0437\u0430\u043a\u0430\u0437\" \/>\n<script type=\"application\/ld+json\" class=\"yoast-schema-graph\">{\"@context\":\"https:\/\/schema.org\",\"@graph\":[{\"@type\":\"WebPage\",\"@id\":\"https:\/\/www.dionlux.md\/ro\/product\/panou-incalzitor-clasic-alb-900w\/\",\"url\":\"https:\/\/www.dionlux.md\/ro\/product\/panou-incalzitor-clasic-alb-900w\/\",\"name\":\"Panou \u00cenc\u0103lzitor Clasic Alb 900W - DionLux - Incalzire Eficienta\",\"isPartOf\":{\"@id\":\"https:\/\/www.dionlux.md\/ro\/#website\"},\"datePublished\":\"2023-02-15T11:44:19+00:00\",\"dateModified\":\"2023-02-21T18:54:21+00:00\",\"breadcrumb\":{\"@id\":\"https:\/\/www.dionlux.md\/ro\/product\/panou-incalzitor-clasic-alb-900w\/#breadcrumb\"},\"inLanguage\":\"ru-RU\",\"potentialAction\":[{\"@type\":\"ReadAction\",\"target\":[\"https:\/\/www.dionlux.md\/ro\/product\/panou-incalzitor-clasic-alb-900w\/\"]}]},{\"@type\":\"BreadcrumbList\",\"@id\":\"https:\/\/www.dionlux.md\/ro\/product\/panou-incalzitor-clasic-alb-900w\/#breadcrumb\",\"itemListElement\":[{\"@type\":\"ListItem\",\"position\":1,\"name\":\"Home\",\"item\":\"https:\/\/www.dionlux.md\/ro\/\"},{\"@type\":\"ListItem\",\"position\":2,\"name\":\"Magazin\",\"item\":\"https:\/\/www.dionlux.md\/ro\/shop\/\"},{\"@type\":\"ListItem\",\"position\":3,\"name\":\"Panou \u00cenc\u0103lzitor Clasic Alb 900W\"}]},{\"@type\":\"WebSite\",\"@id\":\"https:\/\/www.dionlux.md\/ro\/#website\",\"url\":\"https:\/\/www.dionlux.md\/ro\/\",\"name\":\"DionLux - Incalzire Eficienta\",\"description\":\"AVEM TOTUL PENTRU CALDUR\u0102 \u0218I EFICIEN\u021aA EI...\",\"publisher\":{\"@id\":\"https:\/\/www.dionlux.md\/ro\/#organization\"},\"potentialAction\":[{\"@type\":\"SearchAction\",\"target\":{\"@type\":\"EntryPoint\",\"urlTemplate\":\"https:\/\/www.dionlux.md\/ro\/?s={search_term_string}\"},\"query-input\":\"required name=search_term_string\"}],\"inLanguage\":\"ru-RU\"},{\"@type\":\"Organization\",\"@id\":\"https:\/\/www.dionlux.md\/ro\/#organization\",\"name\":\"DionLux - Incalzire Eficienta\",\"url\":\"https:\/\/www.dionlux.md\/ro\/\",\"logo\":{\"@type\":\"ImageObject\",\"inLanguage\":\"ru-RU\",\"@id\":\"https:\/\/www.dionlux.md\/ro\/#\/schema\/logo\/image\/\",\"url\":\"https:\/\/www.dionlux.md\/wp-content\/uploads\/2023\/01\/logo1.png\",\"contentUrl\":\"https:\/\/www.dionlux.md\/wp-content\/uploads\/2023\/01\/logo1.png\",\"width\":797,\"height\":255,\"caption\":\"DionLux - Incalzire Eficienta\"},\"image\":{\"@id\":\"https:\/\/www.dionlux.md\/ro\/#\/schema\/logo\/image\/\"},\"sameAs\":[\"https:\/\/www.facebook.com\/people\/Dionlux-SMART-Solutions\/100088369964479\/\"]}]}<\/script>\n<meta property=\"product:price:amount\" content=\"0.00\" \/>\n<meta property=\"product:price:currency\" content=\"MDL\" \/>\n<meta property=\"og:availability\" content=\"backorder\" \/>\n<meta property=\"product:availability\" content=\"available for order\" \/>\n<meta property=\"product:condition\" content=\"new\" \/>\n<!-- \/ Yoast SEO Premium plugin. -->","yoast_head_json":{"title":"Panou \u00cenc\u0103lzitor Clasic Alb 900W - DionLux - Incalzire Eficienta","robots":{"index":"index","follow":"follow","max-snippet":"max-snippet:-1","max-image-preview":"max-image-preview:large","max-video-preview":"max-video-preview:-1"},"canonical":"https:\/\/www.dionlux.md\/ru\/product\/panou-incalzitor-clasic-alb-900w\/","og_locale":"ru_RU","og_type":"article","og_title":"Panou \u00cenc\u0103lzitor Clasic Alb 900W","og_url":"https:\/\/www.dionlux.md\/ru\/product\/panou-incalzitor-clasic-alb-900w\/","og_site_name":"DionLux - Incalzire Eficienta","article_publisher":"https:\/\/www.facebook.com\/people\/Dionlux-SMART-Solutions\/100088369964479\/","article_modified_time":"2023-02-21T18:54:21+00:00","og_image":[{"width":983,"height":1024,"url":"https:\/\/www.dionlux.md\/wp-content\/uploads\/2023\/02\/cla_900w_1.jpg","type":"image\/jpeg"}],"twitter_card":"summary_large_image","twitter_description":"[html_block id=\"343\"]","twitter_misc":{"\u0426\u0435\u043d\u0430":"","\u0414\u043e\u0441\u0442\u0443\u043f\u043d\u043e\u0441\u0442\u044c":"\u041d\u0430 \u0437\u0430\u043a\u0430\u0437"},"schema":{"@context":"https:\/\/schema.org","@graph":[{"@type":"WebPage","@id":"https:\/\/www.dionlux.md\/ro\/product\/panou-incalzitor-clasic-alb-900w\/","url":"https:\/\/www.dionlux.md\/ro\/product\/panou-incalzitor-clasic-alb-900w\/","name":"Panou \u00cenc\u0103lzitor Clasic Alb 900W - DionLux - Incalzire Eficienta","isPartOf":{"@id":"https:\/\/www.dionlux.md\/ro\/#website"},"datePublished":"2023-02-15T11:44:19+00:00","dateModified":"2023-02-21T18:54:21+00:00","breadcrumb":{"@id":"https:\/\/www.dionlux.md\/ro\/product\/panou-incalzitor-clasic-alb-900w\/#breadcrumb"},"inLanguage":"ru-RU","potentialAction":[{"@type":"ReadAction","target":["https:\/\/www.dionlux.md\/ro\/product\/panou-incalzitor-clasic-alb-900w\/"]}]},{"@type":"BreadcrumbList","@id":"https:\/\/www.dionlux.md\/ro\/product\/panou-incalzitor-clasic-alb-900w\/#breadcrumb","itemListElement":[{"@type":"ListItem","position":1,"name":"Home","item":"https:\/\/www.dionlux.md\/ro\/"},{"@type":"ListItem","position":2,"name":"Magazin","item":"https:\/\/www.dionlux.md\/ro\/shop\/"},{"@type":"ListItem","position":3,"name":"Panou \u00cenc\u0103lzitor Clasic Alb 900W"}]},{"@type":"WebSite","@id":"https:\/\/www.dionlux.md\/ro\/#website","url":"https:\/\/www.dionlux.md\/ro\/","name":"DionLux - Incalzire Eficienta","description":"AVEM TOTUL PENTRU CALDUR\u0102 \u0218I EFICIEN\u021aA EI...","publisher":{"@id":"https:\/\/www.dionlux.md\/ro\/#organization"},"potentialAction":[{"@type":"SearchAction","target":{"@type":"EntryPoint","urlTemplate":"https:\/\/www.dionlux.md\/ro\/?s={search_term_string}"},"query-input":"required name=search_term_string"}],"inLanguage":"ru-RU"},{"@type":"Organization","@id":"https:\/\/www.dionlux.md\/ro\/#organization","name":"DionLux - Incalzire Eficienta","url":"https:\/\/www.dionlux.md\/ro\/","logo":{"@type":"ImageObject","inLanguage":"ru-RU","@id":"https:\/\/www.dionlux.md\/ro\/#\/schema\/logo\/image\/","url":"https:\/\/www.dionlux.md\/wp-content\/uploads\/2023\/01\/logo1.png","contentUrl":"https:\/\/www.dionlux.md\/wp-content\/uploads\/2023\/01\/logo1.png","width":797,"height":255,"caption":"DionLux - Incalzire Eficienta"},"image":{"@id":"https:\/\/www.dionlux.md\/ro\/#\/schema\/logo\/image\/"},"sameAs":["https:\/\/www.facebook.com\/people\/Dionlux-SMART-Solutions\/100088369964479\/"]}]},"product_price_amount":"0.00","product_price_currency":"MDL","og_availability":"backorder","product_availability":"available for order","product_condition":"new"},"_links":{"self":[{"href":"https:\/\/www.dionlux.md\/ru\/wp-json\/wp\/v2\/product\/629","targetHints":{"allow":["GET"]}}],"collection":[{"href":"https:\/\/www.dionlux.md\/ru\/wp-json\/wp\/v2\/product"}],"about":[{"href":"https:\/\/www.dionlux.md\/ru\/wp-json\/wp\/v2\/types\/product"}],"replies":[{"embeddable":true,"href":"https:\/\/www.dionlux.md\/ru\/wp-json\/wp\/v2\/comments?post=629"}],"wp:featuredmedia":[{"embeddable":true,"href":"https:\/\/www.dionlux.md\/ru\/wp-json\/wp\/v2\/media\/630"}],"wp:attachment":[{"href":"https:\/\/www.dionlux.md\/ru\/wp-json\/wp\/v2\/media?parent=629"}],"wp:term":[{"taxonomy":"product_cat","embeddable":true,"href":"https:\/\/www.dionlux.md\/ru\/wp-json\/wp\/v2\/product_cat?post=629"},{"taxonomy":"product_tag","embeddable":true,"href":"https:\/\/www.dionlux.md\/ru\/wp-json\/wp\/v2\/product_tag?post=629"}],"curies":[{"name":"wp","href":"https:\/\/api.w.org\/{rel}","templated":true}]}}