{"id":25,"date":"2023-01-22T15:55:03","date_gmt":"2023-01-22T13:55:03","guid":{"rendered":"https:\/\/test.dionlux.md\/?post_type=product&#038;p=25"},"modified":"2023-02-09T10:43:42","modified_gmt":"2023-02-09T08:43:42","slug":"termostat-wi-fi-priza-cu-smart-control","status":"publish","type":"product","link":"https:\/\/www.dionlux.md\/ru\/product\/termostat-wi-fi-priza-cu-smart-control\/","title":{"rendered":"Termostat Wi-Fi Priz\u0103 cu Smart control"},"content":{"rendered":"<p>Controla\u021bi panourile \u0219i \u00eenc\u0103lzitoarele de bar direct din palm\u0103 cu un termostat Wi-Fi Plug In de la Mirrorstone.<\/p>\n<p>Acest dispozitiv de 112 mm x 52 mm x 78 mm are o culoare alb\u0103 simpl\u0103, curat\u0103 \u0219i se potrive\u0219te \u00eentr-o priz\u0103 cu 3 pini. Cablajele confuze \u0219i necesitatea unui montator profesionist sunt eliminate cu acest produs simplu, plug-and-play.<\/p>\n<p>Cu o greutate u\u0219oar\u0103 de 165 g, pute\u021bi ascunde cu u\u0219urin\u021b\u0103 acest dop, astfel \u00eenc\u00e2t s\u0103 nu ocupe spa\u021biu \u0219i s\u0103 arate ca un termostat normal, incomod, montat la \u00eent\u00e2mplare pe perete. Alimentat de o sarcin\u0103 maxim\u0103 de 16A, acest termostat este perfect pentru orice mediu.<\/p>","protected":false},"excerpt":{"rendered":"<p>Controla\u021bi panourile \u0219i \u00eenc\u0103lzitoarele de bar direct din palm\u0103 cu un termostat Wi-Fi Plug In de la Mirrorstone. Acest dispozitiv<\/p>","protected":false},"featured_media":192,"comment_status":"open","ping_status":"closed","template":"","meta":[],"product_cat":[52],"product_tag":[53],"class_list":["post-25","product","type-product","status-publish","has-post-thumbnail","hentry","product_cat-thermostats","product_tag-dl-the-wfsmart"],"yoast_head":"<!-- This site is optimized with the Yoast SEO Premium plugin v20.13 (Yoast SEO v20.13) - https:\/\/yoast.com\/wordpress\/plugins\/seo\/ -->\n<title>Termostat Wi-Fi Priz\u0103 cu Smart control - DionLux - Incalzire Eficienta<\/title>\n<meta name=\"robots\" content=\"index, follow, max-snippet:-1, max-image-preview:large, max-video-preview:-1\" \/>\n<link rel=\"canonical\" href=\"https:\/\/www.dionlux.md\/ru\/product\/termostat-wi-fi-priza-cu-smart-control\/\" \/>\n<meta property=\"og:locale\" content=\"ru_RU\" \/>\n<meta property=\"og:type\" content=\"article\" \/>\n<meta property=\"og:title\" content=\"Termostat Wi-Fi Priz\u0103 cu Smart control\" \/>\n<meta property=\"og:description\" content=\"Controla\u021bi panourile \u0219i \u00eenc\u0103lzitoarele de bar direct din palm\u0103 cu un termostat Wi-Fi Plug In de la Mirrorstone. Acest dispozitiv\" \/>\n<meta property=\"og:url\" content=\"https:\/\/www.dionlux.md\/ru\/product\/termostat-wi-fi-priza-cu-smart-control\/\" \/>\n<meta property=\"og:site_name\" content=\"DionLux - Incalzire Eficienta\" \/>\n<meta property=\"article:publisher\" content=\"https:\/\/www.facebook.com\/people\/Dionlux-SMART-Solutions\/100088369964479\/\" \/>\n<meta property=\"article:modified_time\" content=\"2023-02-09T08:43:42+00:00\" \/>\n<meta property=\"og:image\" content=\"https:\/\/www.dionlux.md\/wp-content\/uploads\/2023\/01\/wi-fi_plugin_thermostat_3.png\" \/>\n\t<meta property=\"og:image:width\" content=\"2000\" \/>\n\t<meta property=\"og:image:height\" content=\"2000\" \/>\n\t<meta property=\"og:image:type\" content=\"image\/png\" \/>\n<meta name=\"twitter:card\" content=\"summary_large_image\" \/>\n<meta name=\"twitter:label1\" content=\"\u0426\u0435\u043d\u0430\" \/>\n\t<meta name=\"twitter:data1\" content=\"1.759,00&nbsp;MDL\" \/>\n\t<meta name=\"twitter:label2\" content=\"\u0414\u043e\u0441\u0442\u0443\u043f\u043d\u043e\u0441\u0442\u044c\" \/>\n\t<meta name=\"twitter:data2\" content=\"\u0412 \u043d\u0430\u043b\u0438\u0447\u0438\u0438\" \/>\n<script type=\"application\/ld+json\" class=\"yoast-schema-graph\">{\"@context\":\"https:\/\/schema.org\",\"@graph\":[{\"@type\":\"WebPage\",\"@id\":\"https:\/\/www.dionlux.md\/product\/termostat-wi-fi-priza-cu-smart-control\/\",\"url\":\"https:\/\/www.dionlux.md\/product\/termostat-wi-fi-priza-cu-smart-control\/\",\"name\":\"Termostat Wi-Fi Priz\u0103 cu Smart control - DionLux - Incalzire Eficienta\",\"isPartOf\":{\"@id\":\"https:\/\/www.dionlux.md\/ro\/#website\"},\"datePublished\":\"2023-01-22T13:55:03+00:00\",\"dateModified\":\"2023-02-09T08:43:42+00:00\",\"breadcrumb\":{\"@id\":\"https:\/\/www.dionlux.md\/product\/termostat-wi-fi-priza-cu-smart-control\/#breadcrumb\"},\"inLanguage\":\"ru-RU\",\"potentialAction\":[{\"@type\":\"ReadAction\",\"target\":[\"https:\/\/www.dionlux.md\/product\/termostat-wi-fi-priza-cu-smart-control\/\"]}]},{\"@type\":\"BreadcrumbList\",\"@id\":\"https:\/\/www.dionlux.md\/product\/termostat-wi-fi-priza-cu-smart-control\/#breadcrumb\",\"itemListElement\":[{\"@type\":\"ListItem\",\"position\":1,\"name\":\"Home\",\"item\":\"https:\/\/www.dionlux.md\/ro\/\"},{\"@type\":\"ListItem\",\"position\":2,\"name\":\"Magazin\",\"item\":\"https:\/\/www.dionlux.md\/ro\/shop\/\"},{\"@type\":\"ListItem\",\"position\":3,\"name\":\"Termostat Wi-Fi Priz\u0103 cu Smart control\"}]},{\"@type\":\"WebSite\",\"@id\":\"https:\/\/www.dionlux.md\/ro\/#website\",\"url\":\"https:\/\/www.dionlux.md\/ro\/\",\"name\":\"DionLux - Incalzire Eficienta\",\"description\":\"AVEM TOTUL PENTRU CALDUR\u0102 \u0218I EFICIEN\u021aA EI...\",\"publisher\":{\"@id\":\"https:\/\/www.dionlux.md\/ro\/#organization\"},\"potentialAction\":[{\"@type\":\"SearchAction\",\"target\":{\"@type\":\"EntryPoint\",\"urlTemplate\":\"https:\/\/www.dionlux.md\/ro\/?s={search_term_string}\"},\"query-input\":\"required name=search_term_string\"}],\"inLanguage\":\"ru-RU\"},{\"@type\":\"Organization\",\"@id\":\"https:\/\/www.dionlux.md\/ro\/#organization\",\"name\":\"DionLux - Incalzire Eficienta\",\"url\":\"https:\/\/www.dionlux.md\/ro\/\",\"logo\":{\"@type\":\"ImageObject\",\"inLanguage\":\"ru-RU\",\"@id\":\"https:\/\/www.dionlux.md\/ro\/#\/schema\/logo\/image\/\",\"url\":\"https:\/\/www.dionlux.md\/wp-content\/uploads\/2023\/01\/logo1.png\",\"contentUrl\":\"https:\/\/www.dionlux.md\/wp-content\/uploads\/2023\/01\/logo1.png\",\"width\":797,\"height\":255,\"caption\":\"DionLux - Incalzire Eficienta\"},\"image\":{\"@id\":\"https:\/\/www.dionlux.md\/ro\/#\/schema\/logo\/image\/\"},\"sameAs\":[\"https:\/\/www.facebook.com\/people\/Dionlux-SMART-Solutions\/100088369964479\/\"]}]}<\/script>\n<meta property=\"product:price:amount\" content=\"1759.00\" \/>\n<meta property=\"product:price:currency\" content=\"MDL\" \/>\n<meta property=\"og:availability\" content=\"instock\" \/>\n<meta property=\"product:availability\" content=\"instock\" \/>\n<meta property=\"product:condition\" content=\"new\" \/>\n<!-- \/ Yoast SEO Premium plugin. -->","yoast_head_json":{"title":"Termostat Wi-Fi Priz\u0103 cu Smart control - DionLux - Incalzire Eficienta","robots":{"index":"index","follow":"follow","max-snippet":"max-snippet:-1","max-image-preview":"max-image-preview:large","max-video-preview":"max-video-preview:-1"},"canonical":"https:\/\/www.dionlux.md\/ru\/product\/termostat-wi-fi-priza-cu-smart-control\/","og_locale":"ru_RU","og_type":"article","og_title":"Termostat Wi-Fi Priz\u0103 cu Smart control","og_description":"Controla\u021bi panourile \u0219i \u00eenc\u0103lzitoarele de bar direct din palm\u0103 cu un termostat Wi-Fi Plug In de la Mirrorstone. Acest dispozitiv","og_url":"https:\/\/www.dionlux.md\/ru\/product\/termostat-wi-fi-priza-cu-smart-control\/","og_site_name":"DionLux - Incalzire Eficienta","article_publisher":"https:\/\/www.facebook.com\/people\/Dionlux-SMART-Solutions\/100088369964479\/","article_modified_time":"2023-02-09T08:43:42+00:00","og_image":[{"width":2000,"height":2000,"url":"https:\/\/www.dionlux.md\/wp-content\/uploads\/2023\/01\/wi-fi_plugin_thermostat_3.png","type":"image\/png"}],"twitter_card":"summary_large_image","twitter_misc":{"\u0426\u0435\u043d\u0430":"1.759,00&nbsp;MDL","\u0414\u043e\u0441\u0442\u0443\u043f\u043d\u043e\u0441\u0442\u044c":"\u0412 \u043d\u0430\u043b\u0438\u0447\u0438\u0438"},"schema":{"@context":"https:\/\/schema.org","@graph":[{"@type":"WebPage","@id":"https:\/\/www.dionlux.md\/product\/termostat-wi-fi-priza-cu-smart-control\/","url":"https:\/\/www.dionlux.md\/product\/termostat-wi-fi-priza-cu-smart-control\/","name":"Termostat Wi-Fi Priz\u0103 cu Smart control - DionLux - Incalzire Eficienta","isPartOf":{"@id":"https:\/\/www.dionlux.md\/ro\/#website"},"datePublished":"2023-01-22T13:55:03+00:00","dateModified":"2023-02-09T08:43:42+00:00","breadcrumb":{"@id":"https:\/\/www.dionlux.md\/product\/termostat-wi-fi-priza-cu-smart-control\/#breadcrumb"},"inLanguage":"ru-RU","potentialAction":[{"@type":"ReadAction","target":["https:\/\/www.dionlux.md\/product\/termostat-wi-fi-priza-cu-smart-control\/"]}]},{"@type":"BreadcrumbList","@id":"https:\/\/www.dionlux.md\/product\/termostat-wi-fi-priza-cu-smart-control\/#breadcrumb","itemListElement":[{"@type":"ListItem","position":1,"name":"Home","item":"https:\/\/www.dionlux.md\/ro\/"},{"@type":"ListItem","position":2,"name":"Magazin","item":"https:\/\/www.dionlux.md\/ro\/shop\/"},{"@type":"ListItem","position":3,"name":"Termostat Wi-Fi Priz\u0103 cu Smart control"}]},{"@type":"WebSite","@id":"https:\/\/www.dionlux.md\/ro\/#website","url":"https:\/\/www.dionlux.md\/ro\/","name":"DionLux - Incalzire Eficienta","description":"AVEM TOTUL PENTRU CALDUR\u0102 \u0218I EFICIEN\u021aA EI...","publisher":{"@id":"https:\/\/www.dionlux.md\/ro\/#organization"},"potentialAction":[{"@type":"SearchAction","target":{"@type":"EntryPoint","urlTemplate":"https:\/\/www.dionlux.md\/ro\/?s={search_term_string}"},"query-input":"required name=search_term_string"}],"inLanguage":"ru-RU"},{"@type":"Organization","@id":"https:\/\/www.dionlux.md\/ro\/#organization","name":"DionLux - Incalzire Eficienta","url":"https:\/\/www.dionlux.md\/ro\/","logo":{"@type":"ImageObject","inLanguage":"ru-RU","@id":"https:\/\/www.dionlux.md\/ro\/#\/schema\/logo\/image\/","url":"https:\/\/www.dionlux.md\/wp-content\/uploads\/2023\/01\/logo1.png","contentUrl":"https:\/\/www.dionlux.md\/wp-content\/uploads\/2023\/01\/logo1.png","width":797,"height":255,"caption":"DionLux - Incalzire Eficienta"},"image":{"@id":"https:\/\/www.dionlux.md\/ro\/#\/schema\/logo\/image\/"},"sameAs":["https:\/\/www.facebook.com\/people\/Dionlux-SMART-Solutions\/100088369964479\/"]}]},"product_price_amount":"1759.00","product_price_currency":"MDL","og_availability":"instock","product_availability":"instock","product_condition":"new"},"_links":{"self":[{"href":"https:\/\/www.dionlux.md\/ru\/wp-json\/wp\/v2\/product\/25","targetHints":{"allow":["GET"]}}],"collection":[{"href":"https:\/\/www.dionlux.md\/ru\/wp-json\/wp\/v2\/product"}],"about":[{"href":"https:\/\/www.dionlux.md\/ru\/wp-json\/wp\/v2\/types\/product"}],"replies":[{"embeddable":true,"href":"https:\/\/www.dionlux.md\/ru\/wp-json\/wp\/v2\/comments?post=25"}],"wp:featuredmedia":[{"embeddable":true,"href":"https:\/\/www.dionlux.md\/ru\/wp-json\/wp\/v2\/media\/192"}],"wp:attachment":[{"href":"https:\/\/www.dionlux.md\/ru\/wp-json\/wp\/v2\/media?parent=25"}],"wp:term":[{"taxonomy":"product_cat","embeddable":true,"href":"https:\/\/www.dionlux.md\/ru\/wp-json\/wp\/v2\/product_cat?post=25"},{"taxonomy":"product_tag","embeddable":true,"href":"https:\/\/www.dionlux.md\/ru\/wp-json\/wp\/v2\/product_tag?post=25"}],"curies":[{"name":"wp","href":"https:\/\/api.w.org\/{rel}","templated":true}]}}