{"id":728,"date":"2023-02-15T16:14:39","date_gmt":"2023-02-15T14:14:39","guid":{"rendered":"https:\/\/www.dionlux.md\/?post_type=product&#038;p=728"},"modified":"2023-02-20T17:19:32","modified_gmt":"2023-02-20T15:19:32","slug":"panou-incalzitor-alb-nexus-wi-fi-900w","status":"publish","type":"product","link":"https:\/\/www.dionlux.md\/ro\/product\/panou-incalzitor-alb-nexus-wi-fi-900w\/","title":{"rendered":"Panou \u00cenc\u0103lzitor Alb Nexus Wi-Fi 900W"},"content":{"rendered":"<section class=\"wpb-content-wrapper\"><div class=\"vc_row wpb_row vc_row-fluid\"><div class=\"wpb_column vc_column_container vc_col-sm-12\"><div class=\"vc_column-inner\"><div class=\"wpb_wrapper\">\n\t<div class=\"wpb_text_column wpb_content_element\" >\n\t\t<div class=\"wpb_wrapper\">\n\t\t\t<p>Du-\u021bi \u00eenc\u0103lzirea \u00een viitor cu gama de Panouri de \u00eenc\u0103lzire cu infraro\u0219u Wi-Fi Nexus. <span class=\"\">Acest panou cu infraro\u0219u stilat \u0219i elegant este echipat cu capacitate Wi-Fi, ceea ce \u00eenseamn\u0103 c\u0103 \u00eel pute\u021bi controla f\u0103r\u0103 efort prin aplica\u021bia pentru telefon Smart Life, chiar dac\u0103 nu sunte\u021bi acas\u0103.<\/span><\/p>\n<p><strong><span class=\"\">Op\u021biunea de montare pe tavan va veni cu un\u00a0<\/span><\/strong><a href=\"https:\/\/www.dionlux.md\/product\/kit-de-suspensdare-panou\/\"><strong><span class=\"\">kit de suspensie<\/span><\/strong><\/a><strong><span class=\"\">\u00a0.\u00a0<\/span><span class=\"\">V\u0103 recomand\u0103m s\u0103 l\u0103sa\u021bi un spa\u021biu de cel pu\u021bin 5 cm \u00eentre tavan \u0219i panou odat\u0103 instalat pentru a asigura un flux adecvat de aer \u00een spatele \u00eenc\u0103lzitorului.<\/span><\/strong><\/p>\n<p><strong>Acest panou va veni cu un autocolant pe fa\u021b\u0103 care trebuie dezlipit \u00eenainte de prima utilizare.\u00a0<span class=\"\">Dac\u0103 utiliza\u021bi \u00eenc\u0103lzitorul \u00eenainte de a dezlipi autocolantul, acesta se poate decolora \u0219i se poate topi pe suprafa\u021ba \u00eenc\u0103lzitorului.<\/span><\/strong><\/p>\n<h2>Puterea infraro\u0219ului<\/h2>\n<p>Exist\u0103 absolut\u00a0<a href=\"https:\/\/www.dionlux.md\/why-use-infrared\/\">o mul\u021bime de beneficii care vin din trecerea la \u00eenc\u0103lzirea IR<\/a>\u00a0de care v\u0103 pute\u021bi bucura imediat \u0219i mai multe care devin evidente odat\u0103 cu utilizarea pe termen lung.\u00a0S\u0103 arunc\u0103m o privire la c\u00e2teva dintre preferatele noastre.<\/p>\n<p><span class=\"\">\u00cenc\u0103lzitoarele cu infraro\u0219u sunt incredibil de eficiente din punct de vedere energetic chiar \u0219i dup\u0103 standardele altor \u00eenc\u0103lzitoare 100% electrice.\u00a0<\/span><span class=\"\">Acest lucru se datoreaz\u0103 faptului c\u0103 <\/span><span class=\"\">folosesc radia\u021bia infraro\u0219ie pentru a \u00eenc\u0103lzi direct obiectele<\/span><span class=\"\">, \u00een loc s\u0103 \u00eenc\u0103lzeasc\u0103 aerul din jurul lor.\u00a0<\/span><span class=\"\">Acest lucru \u00eei face mult mai pu\u021bin afecta\u021bi de curen\u021bi \u0219i de al\u021bi factori externi \u0219i v\u0103 \u00eenc\u0103lzi rapid.<\/span><\/p>\n<p>Acest lucru le face excep\u021bional\u00a0de ecologice\u00a0\u0219i v\u0103 asigur\u0103 c\u0103 pute\u021bi economisi mult la facturi\u00a0datorit\u0103 consumului redus de energie\u00a0- p\u00e2n\u0103 la 60% \u00een unele case!<\/p>\n<p><span class=\"\">C\u0103ldura pe care o produce aceasta este mult mai uscat\u0103 \u0219i se simte ca \u0219i cum a\u021bi ie\u0219i afar\u0103 \u00eentr-o zi \u00eensorit\u0103.\u00a0<\/span>C\u0103ldura poate p\u0103trunde mai ad\u00e2nc \u00een corp,\u00a0\u00eembun\u0103t\u0103\u021bind circula\u021bia s\u00e2ngelui \u0219i prevenind uscarea pielii\u00a0.\u00a0Acest lucru ajut\u0103, de asemenea, la reducerea r\u0103sp\u00e2ndirii mucegaiului \u0219i a prafului \u00een camera dvs.<\/p>\n<h2>Acoperire FIR pentru eficien\u021b\u0103 \u0219i siguran\u021b\u0103 maxim\u0103<\/h2>\n<p>Panourile noastre cu infraro\u0219u vin cu o acoperire FIR premium nou-nou\u021b\u0103, foarte avansat\u0103, pentru a ajuta la maximizarea performan\u021bei \u00eenc\u0103lzitorului dumneavoastr\u0103.\u00a0<span class=\"\">Este rezistent la c\u0103ldur\u0103 \u2013 ceea ce \u00eenseamn\u0103 c\u0103 poate rezista la temperaturi de p\u00e2n\u0103 la 200\u00b0C f\u0103r\u0103 s\u0103 se \u00eeng\u0103lbeneasc\u0103 \u00een timp.<\/span><\/p>\n<p>Nu numai asta, dar va ajuta \u0219i elementul de \u00eenc\u0103lzire cu cristal de carbon din interiorul panoului s\u0103 distribuie undele IR mai bine dec\u00e2t oric\u00e2nd, datorit\u0103 unei eficien\u021be termice mai mari, rezult\u00e2nd \u0219i mai mult\u0103 c\u0103ldur\u0103 \u00een casa ta.<\/p>\n<p>\u00cen plus, acoperirea este, de asemenea, mult mai sigur\u0103 dec\u00e2t oric\u00e2nd, deoarece este rezistent\u0103 la foc, asigur\u00e2nd c\u0103 familia \u0219i casa dumneavoastr\u0103 r\u0103m\u00e2n \u00een siguran\u021b\u0103 \u0219i calde.<\/p>\n<div class=\"block-zig-zag\">\n<h2>Bun venit la Nexus<\/h2>\n<p><img loading=\"lazy\" decoding=\"async\" class=\"alignleft size-full wp-image-1053\" src=\"https:\/\/www.dionlux.md\/wp-content\/uploads\/2023\/02\/Description_nexus_image1-1.jpg\" alt=\"\" width=\"1920\" height=\"649\" srcset=\"https:\/\/www.dionlux.md\/wp-content\/uploads\/2023\/02\/Description_nexus_image1-1.jpg 1920w, https:\/\/www.dionlux.md\/wp-content\/uploads\/2023\/02\/Description_nexus_image1-1-300x101.jpg 300w, https:\/\/www.dionlux.md\/wp-content\/uploads\/2023\/02\/Description_nexus_image1-1-1024x346.jpg 1024w, https:\/\/www.dionlux.md\/wp-content\/uploads\/2023\/02\/Description_nexus_image1-1-768x260.jpg 768w, https:\/\/www.dionlux.md\/wp-content\/uploads\/2023\/02\/Description_nexus_image1-1-1536x519.jpg 1536w, https:\/\/www.dionlux.md\/wp-content\/uploads\/2023\/02\/Description_nexus_image1-1-18x6.jpg 18w, https:\/\/www.dionlux.md\/wp-content\/uploads\/2023\/02\/Description_nexus_image1-1-860x291.jpg 860w, https:\/\/www.dionlux.md\/wp-content\/uploads\/2023\/02\/Description_nexus_image1-1-430x145.jpg 430w, https:\/\/www.dionlux.md\/wp-content\/uploads\/2023\/02\/Description_nexus_image1-1-700x237.jpg 700w, https:\/\/www.dionlux.md\/wp-content\/uploads\/2023\/02\/Description_nexus_image1-1-150x51.jpg 150w\" sizes=\"auto, (max-width: 1920px) 100vw, 1920px\" \/><br \/>\nPanourile Nexus sunt gama noastr\u0103 exclusiv\u0103 de panouri infraro\u0219u compatibile cu Wi-Fi, care v\u0103 pun confortul pe primul plan \u00een tot ceea ce fac.\u00a0<span class=\"\">Dup\u0103 ce a\u021bi asociat panoul cu Wi-Fi, \u00eel ve\u021bi putea controla prin aplica\u021bia Smart Life.<\/span><\/p>\n<p>Aceast\u0103 aplica\u021bie v\u0103 permite s\u0103 seta\u021bi cronometre pentru fiecare zi a s\u0103pt\u0103m\u00e2nii, la fel cum seta\u021bi alarme pe telefon.\u00a0Asta \u00eenseamn\u0103 c\u0103 po\u021bi s\u0103-\u021bi iei r\u0103mas bun de la acea senza\u021bie \u00eengrozitoare de a te trezi \u00eentr-un dormitor \u00eenghe\u021bat, \u00eenc\u0103lzitorul t\u0103u poate face lucrurile calde \u0219i pr\u0103jite, f\u0103r\u0103 a fi nevoie s\u0103 fie l\u0103sat\u0103 aprins\u0103 peste noapte.<\/p>\n<p><span class=\"goog-text-highlight\">De asemenea, pute\u021bi controla \u00eenc\u0103lzitorul \u00eentr-un mod mai tradi\u021bional prin intermediul telefonului, pornindu-l \u0219i oprindu-l \u0219i ajust\u00e2nd temperatura dorit\u0103 dup\u0103 bunul plac, de oriunde \u00een lume.\u00a0<\/span>Nu v\u0103 ve\u021bi face niciodat\u0103 griji c\u0103 a\u021bi l\u0103sat din nou \u00eenc\u0103lzirea pornit\u0103, pute\u021bi verifica instantaneu.<\/p>\n<h2>Telecomanda la \u00eendem\u00e2na ta<\/h2>\n<\/div>\n<p><img loading=\"lazy\" decoding=\"async\" class=\"alignleft size-full wp-image-1056\" src=\"https:\/\/www.dionlux.md\/wp-content\/uploads\/2023\/02\/Description_nexus_image2.jpg\" alt=\"\" width=\"1920\" height=\"649\" srcset=\"https:\/\/www.dionlux.md\/wp-content\/uploads\/2023\/02\/Description_nexus_image2.jpg 1920w, https:\/\/www.dionlux.md\/wp-content\/uploads\/2023\/02\/Description_nexus_image2-300x101.jpg 300w, https:\/\/www.dionlux.md\/wp-content\/uploads\/2023\/02\/Description_nexus_image2-1024x346.jpg 1024w, https:\/\/www.dionlux.md\/wp-content\/uploads\/2023\/02\/Description_nexus_image2-768x260.jpg 768w, https:\/\/www.dionlux.md\/wp-content\/uploads\/2023\/02\/Description_nexus_image2-1536x519.jpg 1536w, https:\/\/www.dionlux.md\/wp-content\/uploads\/2023\/02\/Description_nexus_image2-18x6.jpg 18w, https:\/\/www.dionlux.md\/wp-content\/uploads\/2023\/02\/Description_nexus_image2-860x291.jpg 860w, https:\/\/www.dionlux.md\/wp-content\/uploads\/2023\/02\/Description_nexus_image2-430x145.jpg 430w, https:\/\/www.dionlux.md\/wp-content\/uploads\/2023\/02\/Description_nexus_image2-700x237.jpg 700w, https:\/\/www.dionlux.md\/wp-content\/uploads\/2023\/02\/Description_nexus_image2-150x51.jpg 150w\" sizes=\"auto, (max-width: 1920px) 100vw, 1920px\" \/><br \/>\nNu exist\u0103 nicio senza\u021bie mai r\u0103u dec\u00e2t atunci c\u00e2nd semnalul Wi-Fi scade brusc.\u00a0<span class=\"goog-text-highlight\">Unele \u00eenc\u0103lzitoare inteligente se bazeaz\u0103 \u00een \u00eentregime pe acesta, ceea ce \u00eenseamn\u0103 c\u0103, dac\u0103 nu se pot conecta la Wi-Fi, practic ave\u021bi o gramaj de h\u00e2rtie foarte scump\u0103.\u00a0<\/span>Nu este a\u0219a cu Nexus!<\/p>\n<p>Fiecare panou Nexus este echipat cu o telecomand\u0103, care va continua s\u0103 func\u021bioneze at\u00e2ta timp c\u00e2t are baterii.\u00a0Aceast\u0103 telecomand\u0103 v\u0103 permite s\u0103 porni\u021bi \u0219i s\u0103 opri\u021bi \u00eenc\u0103lzitorul, precum \u0219i s\u0103 v\u0103 regla\u021bi temperatura dorit\u0103.<\/p>\n<p>De\u0219i nu ve\u021bi avea acces la \u00eentreaga gam\u0103 de func\u021bii (cum ar fi setarea orelor de pornire), ve\u021bi putea \u00een continuare s\u0103 utiliza\u021bi \u00eenc\u0103lzitorul cu mult mai mult control dec\u00e2t un \u00eenc\u0103lzitor tradi\u021bional.<\/p>\n<h2>U\u0219or de instalat<\/h2>\n<p><img loading=\"lazy\" decoding=\"async\" class=\"alignleft wp-image-1055 size-full\" src=\"https:\/\/www.dionlux.md\/wp-content\/uploads\/2023\/02\/Description_nexus_image3-1.jpg\" alt=\"\" width=\"1920\" height=\"649\" srcset=\"https:\/\/www.dionlux.md\/wp-content\/uploads\/2023\/02\/Description_nexus_image3-1.jpg 1920w, https:\/\/www.dionlux.md\/wp-content\/uploads\/2023\/02\/Description_nexus_image3-1-300x101.jpg 300w, https:\/\/www.dionlux.md\/wp-content\/uploads\/2023\/02\/Description_nexus_image3-1-1024x346.jpg 1024w, https:\/\/www.dionlux.md\/wp-content\/uploads\/2023\/02\/Description_nexus_image3-1-768x260.jpg 768w, https:\/\/www.dionlux.md\/wp-content\/uploads\/2023\/02\/Description_nexus_image3-1-1536x519.jpg 1536w, https:\/\/www.dionlux.md\/wp-content\/uploads\/2023\/02\/Description_nexus_image3-1-18x6.jpg 18w, https:\/\/www.dionlux.md\/wp-content\/uploads\/2023\/02\/Description_nexus_image3-1-860x291.jpg 860w, https:\/\/www.dionlux.md\/wp-content\/uploads\/2023\/02\/Description_nexus_image3-1-430x145.jpg 430w, https:\/\/www.dionlux.md\/wp-content\/uploads\/2023\/02\/Description_nexus_image3-1-700x237.jpg 700w, https:\/\/www.dionlux.md\/wp-content\/uploads\/2023\/02\/Description_nexus_image3-1-150x51.jpg 150w\" sizes=\"auto, (max-width: 1920px) 100vw, 1920px\" \/><br \/>\n\u00cen ciuda acestei tehnologii avansate, instalarea noului panou este o simpl\u0103.\u00a0\u00centregul proces nu ar trebui s\u0103 dureze mai mult de 30 de minute, iar singurul instrument de care ai nevoie este un burghiu.\u00a0Orice altceva este inclus \u00een pachetul dvs.<\/p>\n<p>Tot ce trebuie s\u0103 face\u021bi este s\u0103 g\u0103uri\u021bi prin g\u0103urile de pe \u0219ablon \u0219i s\u0103 introduce\u021bi diblurile de perete \u00een g\u0103uri.\u00a0Apoi introduce\u021bi \u0219uruburile \u00een acele dibluri.\u00a0Fixa\u021bi-l \u00een \u0219uruburi folosind cele dou\u0103 suporturi de montare din spate.\u00a0Apoi, tot ce r\u0103m\u00e2ne este s\u0103 v\u0103 conecta\u021bi panoul la re\u021bea.\u00a0Asta este!<\/p>\n<p><span class=\"goog-text-highlight\">Pute\u021bi avea panoul conectat la re\u021bea, dar pentru aceasta va fi nevoie de un electrician calificat.<\/span><\/p>\n\n\t\t<\/div>\n\t<\/div>\n<\/div><\/div><\/div><\/div>\n<\/section>","protected":false},"excerpt":{"rendered":"<p>[html_block id=\"1069\"]<br \/>\n[html_block id=\"1062\"]<\/p>\n","protected":false},"featured_media":736,"comment_status":"open","ping_status":"closed","template":"","meta":[],"product_cat":[24],"product_tag":[121],"class_list":["post-728","product","type-product","status-publish","has-post-thumbnail","hentry","product_cat-nexus-wi-fi","product_tag-dl-nxs-80120"],"yoast_head":"<!-- This site is optimized with the Yoast SEO Premium plugin v20.13 (Yoast SEO v20.13) - https:\/\/yoast.com\/wordpress\/plugins\/seo\/ -->\n<title>Panou \u00cenc\u0103lzitor Alb Nexus Wi-Fi 900W - DionLux - Incalzire Eficienta<\/title>\n<meta name=\"robots\" content=\"index, follow, max-snippet:-1, max-image-preview:large, max-video-preview:-1\" \/>\n<link rel=\"canonical\" href=\"https:\/\/www.dionlux.md\/ro\/product\/panou-incalzitor-alb-nexus-wi-fi-900w\/\" \/>\n<meta property=\"og:locale\" content=\"ro_RO\" \/>\n<meta property=\"og:type\" content=\"article\" \/>\n<meta property=\"og:title\" content=\"Panou \u00cenc\u0103lzitor Alb Nexus Wi-Fi 900W\" \/>\n<meta property=\"og:url\" content=\"https:\/\/www.dionlux.md\/ro\/product\/panou-incalzitor-alb-nexus-wi-fi-900w\/\" \/>\n<meta property=\"og:site_name\" content=\"DionLux - Incalzire Eficienta\" \/>\n<meta property=\"article:publisher\" content=\"https:\/\/www.facebook.com\/people\/Dionlux-SMART-Solutions\/100088369964479\/\" \/>\n<meta property=\"article:modified_time\" content=\"2023-02-20T15:19:32+00:00\" \/>\n<meta property=\"og:image\" content=\"https:\/\/www.dionlux.md\/wp-content\/uploads\/2023\/02\/MS-NXS-80120L-WF.jpg\" \/>\n\t<meta property=\"og:image:width\" content=\"983\" \/>\n\t<meta property=\"og:image:height\" content=\"1024\" \/>\n\t<meta property=\"og:image:type\" content=\"image\/jpeg\" \/>\n<meta name=\"twitter:card\" content=\"summary_large_image\" \/>\n<meta name=\"twitter:label1\" content=\"Pre\u021b\" \/>\n\t<meta name=\"twitter:data1\" content=\"\" \/>\n\t<meta name=\"twitter:label2\" content=\"Disponibilitate\" \/>\n\t<meta name=\"twitter:data2\" content=\"Precomand\u0103\" \/>\n<script type=\"application\/ld+json\" class=\"yoast-schema-graph\">{\"@context\":\"https:\/\/schema.org\",\"@graph\":[{\"@type\":\"WebPage\",\"@id\":\"https:\/\/www.dionlux.md\/product\/panou-incalzitor-alb-nexus-wi-fi-900w\/\",\"url\":\"https:\/\/www.dionlux.md\/product\/panou-incalzitor-alb-nexus-wi-fi-900w\/\",\"name\":\"Panou \u00cenc\u0103lzitor Alb Nexus Wi-Fi 900W - DionLux - Incalzire Eficienta\",\"isPartOf\":{\"@id\":\"https:\/\/www.dionlux.md\/ro\/#website\"},\"datePublished\":\"2023-02-15T14:14:39+00:00\",\"dateModified\":\"2023-02-20T15:19:32+00:00\",\"breadcrumb\":{\"@id\":\"https:\/\/www.dionlux.md\/product\/panou-incalzitor-alb-nexus-wi-fi-900w\/#breadcrumb\"},\"inLanguage\":\"ro-RO\",\"potentialAction\":[{\"@type\":\"ReadAction\",\"target\":[\"https:\/\/www.dionlux.md\/product\/panou-incalzitor-alb-nexus-wi-fi-900w\/\"]}]},{\"@type\":\"BreadcrumbList\",\"@id\":\"https:\/\/www.dionlux.md\/product\/panou-incalzitor-alb-nexus-wi-fi-900w\/#breadcrumb\",\"itemListElement\":[{\"@type\":\"ListItem\",\"position\":1,\"name\":\"Home\",\"item\":\"https:\/\/www.dionlux.md\/ro\/\"},{\"@type\":\"ListItem\",\"position\":2,\"name\":\"Magazin\",\"item\":\"https:\/\/www.dionlux.md\/ro\/shop\/\"},{\"@type\":\"ListItem\",\"position\":3,\"name\":\"Panou \u00cenc\u0103lzitor Alb Nexus Wi-Fi 900W\"}]},{\"@type\":\"WebSite\",\"@id\":\"https:\/\/www.dionlux.md\/ro\/#website\",\"url\":\"https:\/\/www.dionlux.md\/ro\/\",\"name\":\"DionLux - Incalzire Eficienta\",\"description\":\"AVEM TOTUL PENTRU CALDUR\u0102 \u0218I EFICIEN\u021aA EI...\",\"publisher\":{\"@id\":\"https:\/\/www.dionlux.md\/ro\/#organization\"},\"potentialAction\":[{\"@type\":\"SearchAction\",\"target\":{\"@type\":\"EntryPoint\",\"urlTemplate\":\"https:\/\/www.dionlux.md\/ro\/?s={search_term_string}\"},\"query-input\":\"required name=search_term_string\"}],\"inLanguage\":\"ro-RO\"},{\"@type\":\"Organization\",\"@id\":\"https:\/\/www.dionlux.md\/ro\/#organization\",\"name\":\"DionLux - Incalzire Eficienta\",\"url\":\"https:\/\/www.dionlux.md\/ro\/\",\"logo\":{\"@type\":\"ImageObject\",\"inLanguage\":\"ro-RO\",\"@id\":\"https:\/\/www.dionlux.md\/ro\/#\/schema\/logo\/image\/\",\"url\":\"https:\/\/www.dionlux.md\/wp-content\/uploads\/2023\/01\/logo1.png\",\"contentUrl\":\"https:\/\/www.dionlux.md\/wp-content\/uploads\/2023\/01\/logo1.png\",\"width\":797,\"height\":255,\"caption\":\"DionLux - Incalzire Eficienta\"},\"image\":{\"@id\":\"https:\/\/www.dionlux.md\/ro\/#\/schema\/logo\/image\/\"},\"sameAs\":[\"https:\/\/www.facebook.com\/people\/Dionlux-SMART-Solutions\/100088369964479\/\"]}]}<\/script>\n<meta property=\"product:price:amount\" content=\"0.00\" \/>\n<meta property=\"product:price:currency\" content=\"MDL\" \/>\n<meta property=\"og:availability\" content=\"backorder\" \/>\n<meta property=\"product:availability\" content=\"available for order\" \/>\n<meta property=\"product:condition\" content=\"new\" \/>\n<!-- \/ Yoast SEO Premium plugin. -->","yoast_head_json":{"title":"Panou \u00cenc\u0103lzitor Alb Nexus Wi-Fi 900W - DionLux - Incalzire Eficienta","robots":{"index":"index","follow":"follow","max-snippet":"max-snippet:-1","max-image-preview":"max-image-preview:large","max-video-preview":"max-video-preview:-1"},"canonical":"https:\/\/www.dionlux.md\/ro\/product\/panou-incalzitor-alb-nexus-wi-fi-900w\/","og_locale":"ro_RO","og_type":"article","og_title":"Panou \u00cenc\u0103lzitor Alb Nexus Wi-Fi 900W","og_url":"https:\/\/www.dionlux.md\/ro\/product\/panou-incalzitor-alb-nexus-wi-fi-900w\/","og_site_name":"DionLux - Incalzire Eficienta","article_publisher":"https:\/\/www.facebook.com\/people\/Dionlux-SMART-Solutions\/100088369964479\/","article_modified_time":"2023-02-20T15:19:32+00:00","og_image":[{"width":983,"height":1024,"url":"https:\/\/www.dionlux.md\/wp-content\/uploads\/2023\/02\/MS-NXS-80120L-WF.jpg","type":"image\/jpeg"}],"twitter_card":"summary_large_image","twitter_misc":{"Pre\u021b":"","Disponibilitate":"Precomand\u0103"},"schema":{"@context":"https:\/\/schema.org","@graph":[{"@type":"WebPage","@id":"https:\/\/www.dionlux.md\/product\/panou-incalzitor-alb-nexus-wi-fi-900w\/","url":"https:\/\/www.dionlux.md\/product\/panou-incalzitor-alb-nexus-wi-fi-900w\/","name":"Panou \u00cenc\u0103lzitor Alb Nexus Wi-Fi 900W - DionLux - Incalzire Eficienta","isPartOf":{"@id":"https:\/\/www.dionlux.md\/ro\/#website"},"datePublished":"2023-02-15T14:14:39+00:00","dateModified":"2023-02-20T15:19:32+00:00","breadcrumb":{"@id":"https:\/\/www.dionlux.md\/product\/panou-incalzitor-alb-nexus-wi-fi-900w\/#breadcrumb"},"inLanguage":"ro-RO","potentialAction":[{"@type":"ReadAction","target":["https:\/\/www.dionlux.md\/product\/panou-incalzitor-alb-nexus-wi-fi-900w\/"]}]},{"@type":"BreadcrumbList","@id":"https:\/\/www.dionlux.md\/product\/panou-incalzitor-alb-nexus-wi-fi-900w\/#breadcrumb","itemListElement":[{"@type":"ListItem","position":1,"name":"Home","item":"https:\/\/www.dionlux.md\/ro\/"},{"@type":"ListItem","position":2,"name":"Magazin","item":"https:\/\/www.dionlux.md\/ro\/shop\/"},{"@type":"ListItem","position":3,"name":"Panou \u00cenc\u0103lzitor Alb Nexus Wi-Fi 900W"}]},{"@type":"WebSite","@id":"https:\/\/www.dionlux.md\/ro\/#website","url":"https:\/\/www.dionlux.md\/ro\/","name":"DionLux - Incalzire Eficienta","description":"AVEM TOTUL PENTRU CALDUR\u0102 \u0218I EFICIEN\u021aA EI...","publisher":{"@id":"https:\/\/www.dionlux.md\/ro\/#organization"},"potentialAction":[{"@type":"SearchAction","target":{"@type":"EntryPoint","urlTemplate":"https:\/\/www.dionlux.md\/ro\/?s={search_term_string}"},"query-input":"required name=search_term_string"}],"inLanguage":"ro-RO"},{"@type":"Organization","@id":"https:\/\/www.dionlux.md\/ro\/#organization","name":"DionLux - Incalzire Eficienta","url":"https:\/\/www.dionlux.md\/ro\/","logo":{"@type":"ImageObject","inLanguage":"ro-RO","@id":"https:\/\/www.dionlux.md\/ro\/#\/schema\/logo\/image\/","url":"https:\/\/www.dionlux.md\/wp-content\/uploads\/2023\/01\/logo1.png","contentUrl":"https:\/\/www.dionlux.md\/wp-content\/uploads\/2023\/01\/logo1.png","width":797,"height":255,"caption":"DionLux - Incalzire Eficienta"},"image":{"@id":"https:\/\/www.dionlux.md\/ro\/#\/schema\/logo\/image\/"},"sameAs":["https:\/\/www.facebook.com\/people\/Dionlux-SMART-Solutions\/100088369964479\/"]}]},"product_price_amount":"0.00","product_price_currency":"MDL","og_availability":"backorder","product_availability":"available for order","product_condition":"new"},"_links":{"self":[{"href":"https:\/\/www.dionlux.md\/ro\/wp-json\/wp\/v2\/product\/728","targetHints":{"allow":["GET"]}}],"collection":[{"href":"https:\/\/www.dionlux.md\/ro\/wp-json\/wp\/v2\/product"}],"about":[{"href":"https:\/\/www.dionlux.md\/ro\/wp-json\/wp\/v2\/types\/product"}],"replies":[{"embeddable":true,"href":"https:\/\/www.dionlux.md\/ro\/wp-json\/wp\/v2\/comments?post=728"}],"wp:featuredmedia":[{"embeddable":true,"href":"https:\/\/www.dionlux.md\/ro\/wp-json\/wp\/v2\/media\/736"}],"wp:attachment":[{"href":"https:\/\/www.dionlux.md\/ro\/wp-json\/wp\/v2\/media?parent=728"}],"wp:term":[{"taxonomy":"product_cat","embeddable":true,"href":"https:\/\/www.dionlux.md\/ro\/wp-json\/wp\/v2\/product_cat?post=728"},{"taxonomy":"product_tag","embeddable":true,"href":"https:\/\/www.dionlux.md\/ro\/wp-json\/wp\/v2\/product_tag?post=728"}],"curies":[{"name":"wp","href":"https:\/\/api.w.org\/{rel}","templated":true}]}}