{"id":29,"date":"2023-01-22T15:55:03","date_gmt":"2023-01-22T13:55:03","guid":{"rendered":"https:\/\/test.dionlux.md\/?post_type=product&#038;p=29"},"modified":"2026-03-14T14:49:39","modified_gmt":"2026-03-14T12:49:39","slug":"bara-incalzitor-helius-wi-fi-cu-smart-control-2400w-negru","status":"publish","type":"product","link":"https:\/\/www.dionlux.md\/ro\/product\/bara-incalzitor-helius-wi-fi-cu-smart-control-2400w-negru\/","title":{"rendered":"Bar\u0103 \u00cenc\u0103lzitor Helius Wi-Fi cu Smart control 2400W Negru"},"content":{"rendered":"<section class=\"wpb-content-wrapper\"><div class=\"vc_row wpb_row vc_row-fluid\"><div class=\"wpb_column vc_column_container vc_col-sm-12\"><div class=\"vc_column-inner\"><div class=\"wpb_wrapper\">\n\t<div class=\"wpb_text_column wpb_content_element\" >\n\t\t<div class=\"wpb_wrapper\">\n\t\t\t<p>Pentru ca depozitul, biroul, gr\u0103dina sau casa dvs. s\u0103 ob\u021bine\u021bi un nivel suplimentar de c\u0103ldur\u0103 pe care \u00eenc\u0103lzitoarele conven\u021bionale nu \u00eel vor oferi la fel de eficient, \u00eencerca\u021bi un \u00eenc\u0103lzitor cu bar\u0103 cu infraro\u0219u Mirrorstone. M\u0103soar\u0103 aproximativ 1500 mm pe 150 mm, cu o putere de ie\u0219ire de 2400 W. Acest lucru este suficient pentru a \u00eenc\u0103lzi o suprafa\u021b\u0103 de aproximativ 38 m2. Cu o ad\u00e2ncime de doar 63 mm, nu este nevoie s\u0103 v\u0103 face\u021bi griji c\u0103 acest \u00eenc\u0103lzitor va fi obstructiv atunci c\u00e2nd este montat fie pe perete, fie pe tavan.<\/p>\n<h2 style=\"text-align: center;\">Compatibil cu...<\/h2>\n<div class=\"wpb_column vc_column_container vc_col-sm-6\">\n<div class=\"vc_column-inner\">\n<div class=\"wpb_wrapper\">\n<div class=\"wpb_single_image wpb_content_element vc_align_center\">\n<figure class=\"wpb_wrapper vc_figure\">\n<div class=\"vc_single_image-wrapper vc_box_border_grey\"><img loading=\"lazy\" decoding=\"async\" class=\"wp-image-944 size-medium alignnone\" src=\"https:\/\/www.dionlux.md\/wp-content\/uploads\/2023\/02\/Amazon-alexa-300x58.png\" alt=\"\" width=\"300\" height=\"58\" srcset=\"https:\/\/www.dionlux.md\/wp-content\/uploads\/2023\/02\/Amazon-alexa-300x58.png 300w, https:\/\/www.dionlux.md\/wp-content\/uploads\/2023\/02\/Amazon-alexa-1024x199.png 1024w, https:\/\/www.dionlux.md\/wp-content\/uploads\/2023\/02\/Amazon-alexa-768x150.png 768w, https:\/\/www.dionlux.md\/wp-content\/uploads\/2023\/02\/Amazon-alexa-1536x299.png 1536w, https:\/\/www.dionlux.md\/wp-content\/uploads\/2023\/02\/Amazon-alexa-2048x399.png 2048w, https:\/\/www.dionlux.md\/wp-content\/uploads\/2023\/02\/Amazon-alexa-18x4.png 18w, https:\/\/www.dionlux.md\/wp-content\/uploads\/2023\/02\/Amazon-alexa-860x167.png 860w, https:\/\/www.dionlux.md\/wp-content\/uploads\/2023\/02\/Amazon-alexa-430x84.png 430w, https:\/\/www.dionlux.md\/wp-content\/uploads\/2023\/02\/Amazon-alexa-700x136.png 700w, https:\/\/www.dionlux.md\/wp-content\/uploads\/2023\/02\/Amazon-alexa-150x29.png 150w\" sizes=\"auto, (max-width: 300px) 100vw, 300px\" \/><img loading=\"lazy\" decoding=\"async\" class=\"size-medium wp-image-945 alignnone\" src=\"https:\/\/www.dionlux.md\/wp-content\/uploads\/2023\/02\/google-assistant-300x58.png\" alt=\"\" width=\"300\" height=\"58\" srcset=\"https:\/\/www.dionlux.md\/wp-content\/uploads\/2023\/02\/google-assistant-300x58.png 300w, https:\/\/www.dionlux.md\/wp-content\/uploads\/2023\/02\/google-assistant-1024x199.png 1024w, https:\/\/www.dionlux.md\/wp-content\/uploads\/2023\/02\/google-assistant-768x150.png 768w, https:\/\/www.dionlux.md\/wp-content\/uploads\/2023\/02\/google-assistant-1536x299.png 1536w, https:\/\/www.dionlux.md\/wp-content\/uploads\/2023\/02\/google-assistant-2048x399.png 2048w, https:\/\/www.dionlux.md\/wp-content\/uploads\/2023\/02\/google-assistant-18x4.png 18w, https:\/\/www.dionlux.md\/wp-content\/uploads\/2023\/02\/google-assistant-860x167.png 860w, https:\/\/www.dionlux.md\/wp-content\/uploads\/2023\/02\/google-assistant-430x84.png 430w, https:\/\/www.dionlux.md\/wp-content\/uploads\/2023\/02\/google-assistant-700x136.png 700w, https:\/\/www.dionlux.md\/wp-content\/uploads\/2023\/02\/google-assistant-150x29.png 150w\" sizes=\"auto, (max-width: 300px) 100vw, 300px\" \/><\/div>\n<\/figure>\n<\/div>\n<\/div>\n<\/div>\n<\/div>\n<p>Variantele controlabile de la distan\u021b\u0103 ale \u00eenc\u0103lzitoarelor Helios IR Bar vin \u0219i cu conectivitate Wi-Fi, permi\u021b\u00e2ndu-v\u0103 s\u0103 le controla\u021bi prin intermediul smartphone-ului sau tabletei. Se pot sincroniza chiar \u0219i cu Asistentul dvs. Google, pentru operare vocal\u0103 complet\u0103!<\/p>\n<p>Acest \u00eenc\u0103lzitor este fabricat din materiale solide din aluminiu, ceea ce \u00eenseamn\u0103 c\u0103 este at\u00e2t minunat la vedere, c\u00e2t \u0219i robust. Poate atinge o temperatur\u0103 la suprafa\u021b\u0103 de aproximativ 200-300\u02daC, care este mai fierbinte dec\u00e2t un radiator tradi\u021bional. Cu toate acestea, nu ar trebui s\u0103 fie o problem\u0103, deoarece poate fi instalat mult mai sus pe perete dec\u00e2t un \u00eenc\u0103lzitor standard, sau chiar pe tavan. Acest lucru \u00eel pune departe de degetele indiscrete.<\/p>\n<p>Vine cu un rating IP44, astfel \u00eenc\u00e2t este protejat \u00eempotriva oric\u0103ror stropi accidentale de ap\u0103. Cu toate acestea, dac\u0103 urmeaz\u0103 s\u0103 fie instalat \u00een exterior, atunci cel mai bine este s\u0103 fi\u021bi sub acoperire, \u00een caz de ploaie abundent\u0103.<\/p>\n<p>V\u0103 rug\u0103m s\u0103 re\u021bine\u021bi c\u0103 zonele \u00eenc\u0103lzite recomandate sunt doar orientative. Pentru o zon\u0103 \u00eenc\u0103lzit\u0103 mai precis\u0103, care este mai relevant\u0103 pentru casa dvs., v\u0103 rug\u0103m fie s\u0103 utiliza\u021bi Calculatorul nostru situat \u00een partea de sus a acestei pagini, fie s\u0103 discuta\u021bi cu unul dintre consilierii no\u0219tri Servicii pentru clien\u021bi despre camera dvs.<\/p>\n<h2>C\u00e2t de bun\u0103 este \u00eenc\u0103lzirea cu infraro\u0219u?<\/h2>\n<p>Foarte. \u00cenc\u0103lzirea cu infraro\u0219u are destul de multe avantaje fa\u021b\u0103 de metodele de \u00eenc\u0103lzire mai tradi\u021bionale, \u00een special eficien\u021ba sa. \u00cenc\u0103lzirea cu infraro\u0219u func\u021bioneaz\u0103 prin \u00eenc\u0103lzirea obiectelor din camer\u0103, mai degrab\u0103 dec\u00e2t a aerului din jurul acesteia, a\u0219a cum fac caloriferele. Acest lucru este mai eficient, deoarece suprafa\u021ba obiectelor este mai mic\u0103 dec\u00e2t volumul de aer din orice spa\u021biu dat. Acest lucru ajut\u0103 la \u00eenc\u0103lzirea cu infraro\u0219u pentru a v\u0103 ajuta s\u0103 economisi\u021bi p\u00e2n\u0103 la 60% din facturile de \u00eenc\u0103lzire!<\/p>\n<p>\u00cenc\u0103lzirea cu infraro\u0219u emite fascicule infraro\u0219ii \u00een jurul camerei, care s\u0103ri de obiectele din camer\u0103, l\u0103s\u00e2ndu-le \u00eenc\u0103lzite. \u00cenc\u0103lzitoarele tradi\u021bionale \u00eenc\u0103lzesc aerul, ceea ce provoac\u0103 curen\u021bi de convec\u021bie. Aici aerul cald se ridic\u0103, se r\u0103ce\u0219te \u0219i scade din nou, necesit\u00e2nd mai mult\u0103 c\u0103ldur\u0103. De asemenea, provoac\u0103 circula\u021bia prafului, cre\u0219terea mucegaiului \u0219i pete reci, care v\u0103 pot afecta negativ s\u0103n\u0103tatea.<\/p>\n<p>Deoarece \u00eenc\u0103lzirea cu infraro\u0219u nu face acest lucru, poate fi v\u0103zut\u0103 ca fiind mai bun\u0103 pentru s\u0103n\u0103tatea dumneavoastr\u0103. \u00cenc\u0103lzirea cu infraro\u0219u este, de asemenea, complet sigur\u0103, \u00een ciuda ideii c\u0103 radia\u021bia sun\u0103 \u00eenfrico\u0219\u0103toare. Este complet inofensiv, fiind acela\u0219i lucru pe care \u00eel folosesc telecomenzile TV sau ceea ce emite corpul nostru \u0219i soarele. Cu toate acestea, panourile cu infraro\u0219u nu emit nicio raz\u0103 ultraviolet\u0103, a\u0219a cum o face soarele.<\/p>\n<p><img loading=\"lazy\" decoding=\"async\" class=\"alignleft wp-image-1063\" src=\"https:\/\/www.dionlux.md\/wp-content\/uploads\/2023\/02\/smartlife_qr_code-300x300.jpg\" alt=\"\" width=\"180\" height=\"180\" srcset=\"https:\/\/www.dionlux.md\/wp-content\/uploads\/2023\/02\/smartlife_qr_code-300x300.jpg 300w, https:\/\/www.dionlux.md\/wp-content\/uploads\/2023\/02\/smartlife_qr_code-1024x1024.jpg 1024w, https:\/\/www.dionlux.md\/wp-content\/uploads\/2023\/02\/smartlife_qr_code-150x150.jpg 150w, https:\/\/www.dionlux.md\/wp-content\/uploads\/2023\/02\/smartlife_qr_code-768x768.jpg 768w, https:\/\/www.dionlux.md\/wp-content\/uploads\/2023\/02\/smartlife_qr_code-1536x1536.jpg 1536w, https:\/\/www.dionlux.md\/wp-content\/uploads\/2023\/02\/smartlife_qr_code-12x12.jpg 12w, https:\/\/www.dionlux.md\/wp-content\/uploads\/2023\/02\/smartlife_qr_code-860x860.jpg 860w, https:\/\/www.dionlux.md\/wp-content\/uploads\/2023\/02\/smartlife_qr_code-430x430.jpg 430w, https:\/\/www.dionlux.md\/wp-content\/uploads\/2023\/02\/smartlife_qr_code-700x700.jpg 700w, https:\/\/www.dionlux.md\/wp-content\/uploads\/2023\/02\/smartlife_qr_code.jpg 1702w\" sizes=\"auto, (max-width: 180px) 100vw, 180px\" \/><\/p>\n<h2>Wi-Fi activat pentru control inteligent de pe telefon<\/h2>\n<p>\u00cenc\u0103lzitorul nostru de bar cu infraro\u0219u Helios de 1800 W vine cu conectivitate Wi-Fi \u00eencorporat\u0103 din cutie. Ce \u00eenseamn\u0103 asta pentru tine? Simplu: tot ce trebuie s\u0103 face\u021bi este s\u0103 desc\u0103rca\u021bi aplica\u021bia Smart Life pe dispozitivul dvs. Android sau iOS, s\u0103 conecta\u021bi aplica\u021bia la \u00eenc\u0103lzitorul de bar folosind instruc\u021biunile din manualul din cutie (sau descarc\u00e2nd manualul direct de la noi) \u0219i gata ! Pute\u021bi profita de func\u021bii precum func\u021bia de cronometru orar, controlul zonei \u0219i partajarea familiei! Este chiar at\u00e2t de u\u0219or s\u0103-\u021bi duci \u00eenc\u0103lzirea \u00een secolul 21!<\/p>\n<p>Pur \u0219i simplu scana\u021bi codul QR din st\u00e2nga pentru a desc\u0103rca aplica\u021bia Smart Life \u0219i ve\u021bi fi cu un pas mai aproape de a v\u0103 bucura de \u00eenc\u0103lzirea inteligent\u0103!<\/p>\n<h2>Instalare u\u0219oar\u0103<\/h2>\n<p><img loading=\"lazy\" decoding=\"async\" class=\"alignnone wp-image-1065 size-full\" src=\"https:\/\/www.dionlux.md\/wp-content\/uploads\/2023\/02\/Easy-Bar-Installation.jpg\" alt=\"\" width=\"1920\" height=\"649\" srcset=\"https:\/\/www.dionlux.md\/wp-content\/uploads\/2023\/02\/Easy-Bar-Installation.jpg 1920w, https:\/\/www.dionlux.md\/wp-content\/uploads\/2023\/02\/Easy-Bar-Installation-300x101.jpg 300w, https:\/\/www.dionlux.md\/wp-content\/uploads\/2023\/02\/Easy-Bar-Installation-1024x346.jpg 1024w, https:\/\/www.dionlux.md\/wp-content\/uploads\/2023\/02\/Easy-Bar-Installation-768x260.jpg 768w, https:\/\/www.dionlux.md\/wp-content\/uploads\/2023\/02\/Easy-Bar-Installation-1536x519.jpg 1536w, https:\/\/www.dionlux.md\/wp-content\/uploads\/2023\/02\/Easy-Bar-Installation-18x6.jpg 18w, https:\/\/www.dionlux.md\/wp-content\/uploads\/2023\/02\/Easy-Bar-Installation-860x291.jpg 860w, https:\/\/www.dionlux.md\/wp-content\/uploads\/2023\/02\/Easy-Bar-Installation-430x145.jpg 430w, https:\/\/www.dionlux.md\/wp-content\/uploads\/2023\/02\/Easy-Bar-Installation-700x237.jpg 700w, https:\/\/www.dionlux.md\/wp-content\/uploads\/2023\/02\/Easy-Bar-Installation-150x51.jpg 150w\" sizes=\"auto, (max-width: 1920px) 100vw, 1920px\" \/><\/p>\n<p>Nu trebuie s\u0103 v\u0103 face\u021bi griji dac\u0103 \u00eencerca\u021bi s\u0103 instala\u021bi acest \u00eenc\u0103lzitor, deoarece este foarte u\u0219or de montat. Nu ve\u021bi avea nevoie de niciun ajutor suplimentar \u2013 dar\u0103mite electricieni, instalatori sau dulgheri. Po\u021bi face totul singur! Sunt complet compatibile cu plug-and-play, a\u0219a c\u0103 nu este nicio treab\u0103 real\u0103 de f\u0103cut, \u00een afar\u0103 de montarea efectiv\u0103 a \u00eenc\u0103lzitorului pe perete.<\/p>\n<p>Fiecare \u00eenc\u0103lzitor vine cu un cablu de 1,5 m, care se g\u0103se\u0219te pe partea dreapt\u0103 a \u00eenc\u0103lzitorului \u00een timp ce v\u0103 confrunta\u021bi cu el. Acest lucru faciliteaz\u0103 instalarea acestuia unde dori\u021bi, f\u0103r\u0103 a compromite confortul.<\/p>\n<p>Este foarte u\u0219or de f\u0103cut, f\u0103r\u0103 pa\u0219i dificili. Tot ce trebuie s\u0103 faci este s\u0103 faci c\u00e2teva g\u0103uri \u00een perete \u0219i e\u0219ti gata s\u0103 pleci. Doar \u00een\u0219uruba\u021bi cele dou\u0103 suporturi montate \u00een spate \u00een perete \u0219i \u00eel pute\u021bi conecta la perete. Aminti\u021bi-v\u0103, suporturile sunt de fapt reglabile, astfel \u00eenc\u00e2t s\u0103 pute\u021bi direc\u021biona c\u0103ldura la unghiuri specifice.<\/p>\n<h2>Controlabil la distan\u021b\u0103<\/h2>\n<p><img loading=\"lazy\" decoding=\"async\" class=\"alignnone wp-image-1066 size-full\" src=\"https:\/\/www.dionlux.md\/wp-content\/uploads\/2023\/02\/Bar-Remote-Controllable.jpg\" alt=\"\" width=\"1920\" height=\"649\" srcset=\"https:\/\/www.dionlux.md\/wp-content\/uploads\/2023\/02\/Bar-Remote-Controllable.jpg 1920w, https:\/\/www.dionlux.md\/wp-content\/uploads\/2023\/02\/Bar-Remote-Controllable-300x101.jpg 300w, https:\/\/www.dionlux.md\/wp-content\/uploads\/2023\/02\/Bar-Remote-Controllable-1024x346.jpg 1024w, https:\/\/www.dionlux.md\/wp-content\/uploads\/2023\/02\/Bar-Remote-Controllable-768x260.jpg 768w, https:\/\/www.dionlux.md\/wp-content\/uploads\/2023\/02\/Bar-Remote-Controllable-1536x519.jpg 1536w, https:\/\/www.dionlux.md\/wp-content\/uploads\/2023\/02\/Bar-Remote-Controllable-18x6.jpg 18w, https:\/\/www.dionlux.md\/wp-content\/uploads\/2023\/02\/Bar-Remote-Controllable-860x291.jpg 860w, https:\/\/www.dionlux.md\/wp-content\/uploads\/2023\/02\/Bar-Remote-Controllable-430x145.jpg 430w, https:\/\/www.dionlux.md\/wp-content\/uploads\/2023\/02\/Bar-Remote-Controllable-700x237.jpg 700w, https:\/\/www.dionlux.md\/wp-content\/uploads\/2023\/02\/Bar-Remote-Controllable-150x51.jpg 150w\" sizes=\"auto, (max-width: 1920px) 100vw, 1920px\" \/><\/p>\n<p>Dac\u0103 speri s\u0103 controlezi acest \u00eenc\u0103lzitor din confortul propriului scaun, f\u0103r\u0103 a fi nevoie s\u0103 te plimbi pentru a folosi panoul de control, atunci ai noroc.<\/p>\n<p>Acest \u00eenc\u0103lzitor este complet controlabil de la distan\u021b\u0103, iar telecomanda cu semnal IR este inclus\u0103! Este foarte u\u0219or de utilizat, este sub\u021bire, arat\u0103 grozav \u0219i \u00ee\u021bi face via\u021ba mult mai convenabil\u0103.<\/p>\n<p>Pute\u021bi regla temperatura cu u\u0219urin\u021b\u0103, indiferent dac\u0103 ave\u021bi nevoie de mai mult\u0103 sau mai pu\u021bin\u0103 c\u0103ldur\u0103 pentru a v\u0103 ajuta s\u0103 v\u0103 sim\u021bi\u021bi confortabil.<\/p>\n<p>Pute\u021bi porni \u0219i opri afi\u0219ajul, dac\u0103 dori\u021bi s\u0103 face\u021bi \u00eenc\u0103lzitorul s\u0103 par\u0103 pu\u021bin mai discret. De asemenea, pute\u021bi seta un cronometru de oprire cu telecomanda, dac\u0103 dori\u021bi ca \u00eenc\u0103lzitorul s\u0103 se opreasc\u0103 dup\u0103 o anumit\u0103 perioad\u0103 de ore.<\/p>\n<h2>Mai multe informa\u021bii de la \u00eenc\u0103lzitor<\/h2>\n<p><img loading=\"lazy\" decoding=\"async\" class=\"alignnone wp-image-1067 size-full\" src=\"https:\/\/www.dionlux.md\/wp-content\/uploads\/2023\/02\/Bar-More-Information.jpg\" alt=\"\" width=\"1920\" height=\"649\" srcset=\"https:\/\/www.dionlux.md\/wp-content\/uploads\/2023\/02\/Bar-More-Information.jpg 1920w, https:\/\/www.dionlux.md\/wp-content\/uploads\/2023\/02\/Bar-More-Information-300x101.jpg 300w, https:\/\/www.dionlux.md\/wp-content\/uploads\/2023\/02\/Bar-More-Information-1024x346.jpg 1024w, https:\/\/www.dionlux.md\/wp-content\/uploads\/2023\/02\/Bar-More-Information-768x260.jpg 768w, https:\/\/www.dionlux.md\/wp-content\/uploads\/2023\/02\/Bar-More-Information-1536x519.jpg 1536w, https:\/\/www.dionlux.md\/wp-content\/uploads\/2023\/02\/Bar-More-Information-18x6.jpg 18w, https:\/\/www.dionlux.md\/wp-content\/uploads\/2023\/02\/Bar-More-Information-860x291.jpg 860w, https:\/\/www.dionlux.md\/wp-content\/uploads\/2023\/02\/Bar-More-Information-430x145.jpg 430w, https:\/\/www.dionlux.md\/wp-content\/uploads\/2023\/02\/Bar-More-Information-700x237.jpg 700w, https:\/\/www.dionlux.md\/wp-content\/uploads\/2023\/02\/Bar-More-Information-150x51.jpg 150w\" sizes=\"auto, (max-width: 1920px) 100vw, 1920px\" \/><\/p>\n<p>Dac\u0103 dori\u021bi pu\u021bin mai multe informa\u021bii despre ce face \u00eenc\u0103lzitorul, atunci nu este prea dificil s\u0103 afla\u021bi.<\/p>\n<p>Ecranul LED util din partea dreapt\u0103 a panoului v\u0103 va informa orice trebuie s\u0103 \u0219ti\u021bi despre ce se \u00eent\u00e2mpl\u0103 cu panoul dvs. \u00een orice moment.<\/p>\n<p>Imagineaz\u0103-\u021bi c\u0103 nu te afli nic\u0103ieri \u00een apropierea \u00eenc\u0103lzitorului \u0219i trebuie s\u0103 \u0219tii ce face - de exemplu, e\u0219ti \u00een\u0103untru \u0219i este afar\u0103.<\/p>\n<p>Din fericire, ecranul LED v\u0103 permite s\u0103 \u0219ti\u021bi care este temperatura \u021bint\u0103 dorit\u0103, iar deasupra acesteia exist\u0103 un grafic albastru care p\u00e2lp\u00e2ie \u0219i s\u0103ri pentru a v\u0103 anun\u021ba c\u0103 \u00eenc\u0103lzitorul de bar\u0103 emite de fapt c\u0103ldur\u0103. De asemenea, v\u0103 ajut\u0103 c\u00e2nd seta\u021bi temporizatorul de oprire.<\/p>\n<p>V\u0103 rug\u0103m s\u0103 re\u021bine\u021bi c\u0103, dac\u0103 unit\u0103\u021bile nu sunt cur\u0103\u021bate \u00een mod regulat, poate ap\u0103rea o acumulare de praf. Afla\u021bi mai multe despre cum s\u0103 v\u0103 \u00eentre\u021bine\u021bi \u00eenc\u0103lzitoarele aici!<\/p>\n\n\t\t<\/div>\n\t<\/div>\n<\/div><\/div><\/div><\/div>\n\n<\/section>","protected":false},"excerpt":{"rendered":"Pentru ca depozitul, biroul, gr\u0103dina sau casa dvs. s\u0103 ob\u021bine\u021bi un nivel suplimentar de c\u0103ldur\u0103 pe care \u00eenc\u0103lzitoarele conven\u021bionale nu","protected":false},"featured_media":153,"comment_status":"open","ping_status":"closed","template":"","meta":[],"product_cat":[29],"product_tag":[61],"class_list":["post-29","product","type-product","status-publish","has-post-thumbnail","hentry","product_cat-helios","product_tag-dl-helrem-24d-b"],"yoast_head":"<!-- This site is optimized with the Yoast SEO Premium plugin v20.13 (Yoast SEO v20.13) - https:\/\/yoast.com\/wordpress\/plugins\/seo\/ -->\n<title>Bar\u0103 \u00cenc\u0103lzitor Helius Wi-Fi cu Smart control 2400W Negru - DionLux - Incalzire Eficienta<\/title>\n<meta name=\"robots\" content=\"index, follow, max-snippet:-1, max-image-preview:large, max-video-preview:-1\" \/>\n<link rel=\"canonical\" href=\"https:\/\/www.dionlux.md\/ro\/product\/bara-incalzitor-helius-wi-fi-cu-smart-control-2400w-negru\/\" \/>\n<meta property=\"og:locale\" content=\"ro_RO\" \/>\n<meta property=\"og:type\" content=\"article\" \/>\n<meta property=\"og:title\" content=\"Bar\u0103 \u00cenc\u0103lzitor Helius Wi-Fi cu Smart control 2400W Negru\" \/>\n<meta property=\"og:url\" content=\"https:\/\/www.dionlux.md\/ro\/product\/bara-incalzitor-helius-wi-fi-cu-smart-control-2400w-negru\/\" \/>\n<meta property=\"og:site_name\" content=\"DionLux - Incalzire Eficienta\" \/>\n<meta property=\"article:publisher\" content=\"https:\/\/www.facebook.com\/people\/Dionlux-SMART-Solutions\/100088369964479\/\" \/>\n<meta property=\"article:modified_time\" content=\"2026-03-14T12:49:39+00:00\" \/>\n<meta property=\"og:image\" content=\"https:\/\/www.dionlux.md\/wp-content\/uploads\/2023\/01\/30D_3.jpg\" \/>\n\t<meta property=\"og:image:width\" content=\"2000\" \/>\n\t<meta property=\"og:image:height\" content=\"2000\" \/>\n\t<meta property=\"og:image:type\" content=\"image\/jpeg\" \/>\n<meta name=\"twitter:card\" content=\"summary_large_image\" \/>\n<meta name=\"twitter:label1\" content=\"Pre\u021b\" \/>\n\t<meta name=\"twitter:data1\" content=\"8.799,00&nbsp;MDL\" \/>\n\t<meta name=\"twitter:label2\" content=\"Disponibilitate\" \/>\n\t<meta name=\"twitter:data2\" content=\"\u00cen stoc\" \/>\n<script type=\"application\/ld+json\" class=\"yoast-schema-graph\">{\"@context\":\"https:\/\/schema.org\",\"@graph\":[{\"@type\":\"WebPage\",\"@id\":\"https:\/\/www.dionlux.md\/product\/bara-incalzitor-helius-wi-fi-cu-smart-control-2400w-negru\/\",\"url\":\"https:\/\/www.dionlux.md\/product\/bara-incalzitor-helius-wi-fi-cu-smart-control-2400w-negru\/\",\"name\":\"Bar\u0103 \u00cenc\u0103lzitor Helius Wi-Fi cu Smart control 2400W Negru - DionLux - Incalzire Eficienta\",\"isPartOf\":{\"@id\":\"https:\/\/www.dionlux.md\/ro\/#website\"},\"datePublished\":\"2023-01-22T13:55:03+00:00\",\"dateModified\":\"2026-03-14T12:49:39+00:00\",\"breadcrumb\":{\"@id\":\"https:\/\/www.dionlux.md\/product\/bara-incalzitor-helius-wi-fi-cu-smart-control-2400w-negru\/#breadcrumb\"},\"inLanguage\":\"ro-RO\",\"potentialAction\":[{\"@type\":\"ReadAction\",\"target\":[\"https:\/\/www.dionlux.md\/product\/bara-incalzitor-helius-wi-fi-cu-smart-control-2400w-negru\/\"]}]},{\"@type\":\"BreadcrumbList\",\"@id\":\"https:\/\/www.dionlux.md\/product\/bara-incalzitor-helius-wi-fi-cu-smart-control-2400w-negru\/#breadcrumb\",\"itemListElement\":[{\"@type\":\"ListItem\",\"position\":1,\"name\":\"Home\",\"item\":\"https:\/\/www.dionlux.md\/ro\/\"},{\"@type\":\"ListItem\",\"position\":2,\"name\":\"Magazin\",\"item\":\"https:\/\/www.dionlux.md\/ro\/shop\/\"},{\"@type\":\"ListItem\",\"position\":3,\"name\":\"Bar\u0103 \u00cenc\u0103lzitor Helius Wi-Fi cu Smart control 2400W Negru\"}]},{\"@type\":\"WebSite\",\"@id\":\"https:\/\/www.dionlux.md\/ro\/#website\",\"url\":\"https:\/\/www.dionlux.md\/ro\/\",\"name\":\"DionLux - Incalzire Eficienta\",\"description\":\"AVEM TOTUL PENTRU CALDUR\u0102 \u0218I EFICIEN\u021aA EI...\",\"publisher\":{\"@id\":\"https:\/\/www.dionlux.md\/ro\/#organization\"},\"potentialAction\":[{\"@type\":\"SearchAction\",\"target\":{\"@type\":\"EntryPoint\",\"urlTemplate\":\"https:\/\/www.dionlux.md\/ro\/?s={search_term_string}\"},\"query-input\":\"required name=search_term_string\"}],\"inLanguage\":\"ro-RO\"},{\"@type\":\"Organization\",\"@id\":\"https:\/\/www.dionlux.md\/ro\/#organization\",\"name\":\"DionLux - Incalzire Eficienta\",\"url\":\"https:\/\/www.dionlux.md\/ro\/\",\"logo\":{\"@type\":\"ImageObject\",\"inLanguage\":\"ro-RO\",\"@id\":\"https:\/\/www.dionlux.md\/ro\/#\/schema\/logo\/image\/\",\"url\":\"https:\/\/www.dionlux.md\/wp-content\/uploads\/2023\/01\/logo1.png\",\"contentUrl\":\"https:\/\/www.dionlux.md\/wp-content\/uploads\/2023\/01\/logo1.png\",\"width\":797,\"height\":255,\"caption\":\"DionLux - Incalzire Eficienta\"},\"image\":{\"@id\":\"https:\/\/www.dionlux.md\/ro\/#\/schema\/logo\/image\/\"},\"sameAs\":[\"https:\/\/www.facebook.com\/people\/Dionlux-SMART-Solutions\/100088369964479\/\"]}]}<\/script>\n<meta property=\"product:price:amount\" content=\"8799.00\" \/>\n<meta property=\"product:price:currency\" content=\"MDL\" \/>\n<meta property=\"og:availability\" content=\"instock\" \/>\n<meta property=\"product:availability\" content=\"instock\" \/>\n<meta property=\"product:condition\" content=\"new\" \/>\n<!-- \/ Yoast SEO Premium plugin. -->","yoast_head_json":{"title":"Bar\u0103 \u00cenc\u0103lzitor Helius Wi-Fi cu Smart control 2400W Negru - DionLux - Incalzire Eficienta","robots":{"index":"index","follow":"follow","max-snippet":"max-snippet:-1","max-image-preview":"max-image-preview:large","max-video-preview":"max-video-preview:-1"},"canonical":"https:\/\/www.dionlux.md\/ro\/product\/bara-incalzitor-helius-wi-fi-cu-smart-control-2400w-negru\/","og_locale":"ro_RO","og_type":"article","og_title":"Bar\u0103 \u00cenc\u0103lzitor Helius Wi-Fi cu Smart control 2400W Negru","og_url":"https:\/\/www.dionlux.md\/ro\/product\/bara-incalzitor-helius-wi-fi-cu-smart-control-2400w-negru\/","og_site_name":"DionLux - Incalzire Eficienta","article_publisher":"https:\/\/www.facebook.com\/people\/Dionlux-SMART-Solutions\/100088369964479\/","article_modified_time":"2026-03-14T12:49:39+00:00","og_image":[{"width":2000,"height":2000,"url":"https:\/\/www.dionlux.md\/wp-content\/uploads\/2023\/01\/30D_3.jpg","type":"image\/jpeg"}],"twitter_card":"summary_large_image","twitter_misc":{"Pre\u021b":"8.799,00&nbsp;MDL","Disponibilitate":"\u00cen stoc"},"schema":{"@context":"https:\/\/schema.org","@graph":[{"@type":"WebPage","@id":"https:\/\/www.dionlux.md\/product\/bara-incalzitor-helius-wi-fi-cu-smart-control-2400w-negru\/","url":"https:\/\/www.dionlux.md\/product\/bara-incalzitor-helius-wi-fi-cu-smart-control-2400w-negru\/","name":"Bar\u0103 \u00cenc\u0103lzitor Helius Wi-Fi cu Smart control 2400W Negru - DionLux - Incalzire Eficienta","isPartOf":{"@id":"https:\/\/www.dionlux.md\/ro\/#website"},"datePublished":"2023-01-22T13:55:03+00:00","dateModified":"2026-03-14T12:49:39+00:00","breadcrumb":{"@id":"https:\/\/www.dionlux.md\/product\/bara-incalzitor-helius-wi-fi-cu-smart-control-2400w-negru\/#breadcrumb"},"inLanguage":"ro-RO","potentialAction":[{"@type":"ReadAction","target":["https:\/\/www.dionlux.md\/product\/bara-incalzitor-helius-wi-fi-cu-smart-control-2400w-negru\/"]}]},{"@type":"BreadcrumbList","@id":"https:\/\/www.dionlux.md\/product\/bara-incalzitor-helius-wi-fi-cu-smart-control-2400w-negru\/#breadcrumb","itemListElement":[{"@type":"ListItem","position":1,"name":"Home","item":"https:\/\/www.dionlux.md\/ro\/"},{"@type":"ListItem","position":2,"name":"Magazin","item":"https:\/\/www.dionlux.md\/ro\/shop\/"},{"@type":"ListItem","position":3,"name":"Bar\u0103 \u00cenc\u0103lzitor Helius Wi-Fi cu Smart control 2400W Negru"}]},{"@type":"WebSite","@id":"https:\/\/www.dionlux.md\/ro\/#website","url":"https:\/\/www.dionlux.md\/ro\/","name":"DionLux - Incalzire Eficienta","description":"AVEM TOTUL PENTRU CALDUR\u0102 \u0218I EFICIEN\u021aA EI...","publisher":{"@id":"https:\/\/www.dionlux.md\/ro\/#organization"},"potentialAction":[{"@type":"SearchAction","target":{"@type":"EntryPoint","urlTemplate":"https:\/\/www.dionlux.md\/ro\/?s={search_term_string}"},"query-input":"required name=search_term_string"}],"inLanguage":"ro-RO"},{"@type":"Organization","@id":"https:\/\/www.dionlux.md\/ro\/#organization","name":"DionLux - Incalzire Eficienta","url":"https:\/\/www.dionlux.md\/ro\/","logo":{"@type":"ImageObject","inLanguage":"ro-RO","@id":"https:\/\/www.dionlux.md\/ro\/#\/schema\/logo\/image\/","url":"https:\/\/www.dionlux.md\/wp-content\/uploads\/2023\/01\/logo1.png","contentUrl":"https:\/\/www.dionlux.md\/wp-content\/uploads\/2023\/01\/logo1.png","width":797,"height":255,"caption":"DionLux - Incalzire Eficienta"},"image":{"@id":"https:\/\/www.dionlux.md\/ro\/#\/schema\/logo\/image\/"},"sameAs":["https:\/\/www.facebook.com\/people\/Dionlux-SMART-Solutions\/100088369964479\/"]}]},"product_price_amount":"8799.00","product_price_currency":"MDL","og_availability":"instock","product_availability":"instock","product_condition":"new"},"_links":{"self":[{"href":"https:\/\/www.dionlux.md\/ro\/wp-json\/wp\/v2\/product\/29","targetHints":{"allow":["GET"]}}],"collection":[{"href":"https:\/\/www.dionlux.md\/ro\/wp-json\/wp\/v2\/product"}],"about":[{"href":"https:\/\/www.dionlux.md\/ro\/wp-json\/wp\/v2\/types\/product"}],"replies":[{"embeddable":true,"href":"https:\/\/www.dionlux.md\/ro\/wp-json\/wp\/v2\/comments?post=29"}],"wp:featuredmedia":[{"embeddable":true,"href":"https:\/\/www.dionlux.md\/ro\/wp-json\/wp\/v2\/media\/153"}],"wp:attachment":[{"href":"https:\/\/www.dionlux.md\/ro\/wp-json\/wp\/v2\/media?parent=29"}],"wp:term":[{"taxonomy":"product_cat","embeddable":true,"href":"https:\/\/www.dionlux.md\/ro\/wp-json\/wp\/v2\/product_cat?post=29"},{"taxonomy":"product_tag","embeddable":true,"href":"https:\/\/www.dionlux.md\/ro\/wp-json\/wp\/v2\/product_tag?post=29"}],"curies":[{"name":"wp","href":"https:\/\/api.w.org\/{rel}","templated":true}]}}