{"id":24,"date":"2023-01-22T15:55:02","date_gmt":"2023-01-22T13:55:02","guid":{"rendered":"https:\/\/test.dionlux.md\/?post_type=product&#038;p=24"},"modified":"2023-02-09T10:44:56","modified_gmt":"2023-02-09T08:44:56","slug":"kit-de-suspensdare-panou","status":"publish","type":"product","link":"https:\/\/www.dionlux.md\/ro\/product\/kit-de-suspensdare-panou\/","title":{"rendered":"Kit de Suspensdare Panou"},"content":{"rendered":"<p>Ag\u0103\u021barea noilor panouri de \u00eenc\u0103lzire direct de tavan este o sarcin\u0103 simpl\u0103 \u0219i u\u0219oar\u0103, datorit\u0103 acestui kit de suspendare pentru panouri de 600 x 600. Fiecare kit vine cu patru fitinguri separate, ceea ce \u00eenseamn\u0103 c\u0103 le pute\u021bi \u00eentinde uniform pentru a suspenda panoul \u00een mod uniform.<\/p>\n<p>\u00centruc\u00e2t aceste fitinguri sunt separate, nu v\u0103 leag\u0103 de a le stabili \u0219i ele \u00eentr-un anumit mod. Aceasta \u00eenseamn\u0103 c\u0103 pot fi utilizate \u0219i panouri mai mari de 600 x 600 mm, put\u00e2nd fi utilizabil orice de p\u00e2n\u0103 la 1000 x 600 mm.<\/p>\n","protected":false},"excerpt":{"rendered":"<p>Ag\u0103\u021barea noilor panouri de \u00eenc\u0103lzire direct de tavan este o sarcin\u0103 simpl\u0103 \u0219i u\u0219oar\u0103, datorit\u0103 acestui kit de suspendare pentru<\/p>\n","protected":false},"featured_media":196,"comment_status":"open","ping_status":"closed","template":"","meta":[],"product_cat":[32],"product_tag":[54],"class_list":["post-24","product","type-product","status-publish","has-post-thumbnail","hentry","product_cat-accesorii","product_tag-dl-acc-suskit"],"yoast_head":"<!-- This site is optimized with the Yoast SEO Premium plugin v20.13 (Yoast SEO v20.13) - https:\/\/yoast.com\/wordpress\/plugins\/seo\/ -->\n<title>Kit de Suspensdare Panou - DionLux - Incalzire Eficienta<\/title>\n<meta name=\"robots\" content=\"index, follow, max-snippet:-1, max-image-preview:large, max-video-preview:-1\" \/>\n<link rel=\"canonical\" href=\"https:\/\/www.dionlux.md\/ro\/product\/kit-de-suspensdare-panou\/\" \/>\n<meta property=\"og:locale\" content=\"ro_RO\" \/>\n<meta property=\"og:type\" content=\"article\" \/>\n<meta property=\"og:title\" content=\"Kit de Suspensdare Panou\" \/>\n<meta property=\"og:description\" content=\"Ag\u0103\u021barea noilor panouri de \u00eenc\u0103lzire direct de tavan este o sarcin\u0103 simpl\u0103 \u0219i u\u0219oar\u0103, datorit\u0103 acestui kit de suspendare pentru\" \/>\n<meta property=\"og:url\" content=\"https:\/\/www.dionlux.md\/ro\/product\/kit-de-suspensdare-panou\/\" \/>\n<meta property=\"og:site_name\" content=\"DionLux - Incalzire Eficienta\" \/>\n<meta property=\"article:publisher\" content=\"https:\/\/www.facebook.com\/people\/Dionlux-SMART-Solutions\/100088369964479\/\" \/>\n<meta property=\"article:modified_time\" content=\"2023-02-09T08:44:56+00:00\" \/>\n<meta property=\"og:image\" content=\"https:\/\/www.dionlux.md\/wp-content\/uploads\/2023\/01\/suspensionkit_2.jpg\" \/>\n\t<meta property=\"og:image:width\" content=\"984\" \/>\n\t<meta property=\"og:image:height\" content=\"708\" \/>\n\t<meta property=\"og:image:type\" content=\"image\/jpeg\" \/>\n<meta name=\"twitter:card\" content=\"summary_large_image\" \/>\n<meta name=\"twitter:label1\" content=\"Pre\u021b\" \/>\n\t<meta name=\"twitter:data1\" content=\"729,00&nbsp;MDL\" \/>\n\t<meta name=\"twitter:label2\" content=\"Disponibilitate\" \/>\n\t<meta name=\"twitter:data2\" content=\"\u00cen stoc\" \/>\n<script type=\"application\/ld+json\" class=\"yoast-schema-graph\">{\"@context\":\"https:\/\/schema.org\",\"@graph\":[{\"@type\":\"WebPage\",\"@id\":\"https:\/\/www.dionlux.md\/product\/kit-de-suspensdare-panou\/\",\"url\":\"https:\/\/www.dionlux.md\/product\/kit-de-suspensdare-panou\/\",\"name\":\"Kit de Suspensdare Panou - DionLux - Incalzire Eficienta\",\"isPartOf\":{\"@id\":\"https:\/\/www.dionlux.md\/ro\/#website\"},\"datePublished\":\"2023-01-22T13:55:02+00:00\",\"dateModified\":\"2023-02-09T08:44:56+00:00\",\"breadcrumb\":{\"@id\":\"https:\/\/www.dionlux.md\/product\/kit-de-suspensdare-panou\/#breadcrumb\"},\"inLanguage\":\"ro-RO\",\"potentialAction\":[{\"@type\":\"ReadAction\",\"target\":[\"https:\/\/www.dionlux.md\/product\/kit-de-suspensdare-panou\/\"]}]},{\"@type\":\"BreadcrumbList\",\"@id\":\"https:\/\/www.dionlux.md\/product\/kit-de-suspensdare-panou\/#breadcrumb\",\"itemListElement\":[{\"@type\":\"ListItem\",\"position\":1,\"name\":\"Home\",\"item\":\"https:\/\/www.dionlux.md\/ro\/\"},{\"@type\":\"ListItem\",\"position\":2,\"name\":\"Magazin\",\"item\":\"https:\/\/www.dionlux.md\/ro\/shop\/\"},{\"@type\":\"ListItem\",\"position\":3,\"name\":\"Kit de Suspensdare Panou\"}]},{\"@type\":\"WebSite\",\"@id\":\"https:\/\/www.dionlux.md\/ro\/#website\",\"url\":\"https:\/\/www.dionlux.md\/ro\/\",\"name\":\"DionLux - Incalzire Eficienta\",\"description\":\"AVEM TOTUL PENTRU CALDUR\u0102 \u0218I EFICIEN\u021aA EI...\",\"publisher\":{\"@id\":\"https:\/\/www.dionlux.md\/ro\/#organization\"},\"potentialAction\":[{\"@type\":\"SearchAction\",\"target\":{\"@type\":\"EntryPoint\",\"urlTemplate\":\"https:\/\/www.dionlux.md\/ro\/?s={search_term_string}\"},\"query-input\":\"required name=search_term_string\"}],\"inLanguage\":\"ro-RO\"},{\"@type\":\"Organization\",\"@id\":\"https:\/\/www.dionlux.md\/ro\/#organization\",\"name\":\"DionLux - Incalzire Eficienta\",\"url\":\"https:\/\/www.dionlux.md\/ro\/\",\"logo\":{\"@type\":\"ImageObject\",\"inLanguage\":\"ro-RO\",\"@id\":\"https:\/\/www.dionlux.md\/ro\/#\/schema\/logo\/image\/\",\"url\":\"https:\/\/www.dionlux.md\/wp-content\/uploads\/2023\/01\/logo1.png\",\"contentUrl\":\"https:\/\/www.dionlux.md\/wp-content\/uploads\/2023\/01\/logo1.png\",\"width\":797,\"height\":255,\"caption\":\"DionLux - Incalzire Eficienta\"},\"image\":{\"@id\":\"https:\/\/www.dionlux.md\/ro\/#\/schema\/logo\/image\/\"},\"sameAs\":[\"https:\/\/www.facebook.com\/people\/Dionlux-SMART-Solutions\/100088369964479\/\"]}]}<\/script>\n<meta property=\"product:price:amount\" content=\"729.00\" \/>\n<meta property=\"product:price:currency\" content=\"MDL\" \/>\n<meta property=\"og:availability\" content=\"instock\" \/>\n<meta property=\"product:availability\" content=\"instock\" \/>\n<meta property=\"product:condition\" content=\"new\" \/>\n<!-- \/ Yoast SEO Premium plugin. -->","yoast_head_json":{"title":"Kit de Suspensdare Panou - DionLux - Incalzire Eficienta","robots":{"index":"index","follow":"follow","max-snippet":"max-snippet:-1","max-image-preview":"max-image-preview:large","max-video-preview":"max-video-preview:-1"},"canonical":"https:\/\/www.dionlux.md\/ro\/product\/kit-de-suspensdare-panou\/","og_locale":"ro_RO","og_type":"article","og_title":"Kit de Suspensdare Panou","og_description":"Ag\u0103\u021barea noilor panouri de \u00eenc\u0103lzire direct de tavan este o sarcin\u0103 simpl\u0103 \u0219i u\u0219oar\u0103, datorit\u0103 acestui kit de suspendare pentru","og_url":"https:\/\/www.dionlux.md\/ro\/product\/kit-de-suspensdare-panou\/","og_site_name":"DionLux - Incalzire Eficienta","article_publisher":"https:\/\/www.facebook.com\/people\/Dionlux-SMART-Solutions\/100088369964479\/","article_modified_time":"2023-02-09T08:44:56+00:00","og_image":[{"width":984,"height":708,"url":"https:\/\/www.dionlux.md\/wp-content\/uploads\/2023\/01\/suspensionkit_2.jpg","type":"image\/jpeg"}],"twitter_card":"summary_large_image","twitter_misc":{"Pre\u021b":"729,00&nbsp;MDL","Disponibilitate":"\u00cen stoc"},"schema":{"@context":"https:\/\/schema.org","@graph":[{"@type":"WebPage","@id":"https:\/\/www.dionlux.md\/product\/kit-de-suspensdare-panou\/","url":"https:\/\/www.dionlux.md\/product\/kit-de-suspensdare-panou\/","name":"Kit de Suspensdare Panou - DionLux - Incalzire Eficienta","isPartOf":{"@id":"https:\/\/www.dionlux.md\/ro\/#website"},"datePublished":"2023-01-22T13:55:02+00:00","dateModified":"2023-02-09T08:44:56+00:00","breadcrumb":{"@id":"https:\/\/www.dionlux.md\/product\/kit-de-suspensdare-panou\/#breadcrumb"},"inLanguage":"ro-RO","potentialAction":[{"@type":"ReadAction","target":["https:\/\/www.dionlux.md\/product\/kit-de-suspensdare-panou\/"]}]},{"@type":"BreadcrumbList","@id":"https:\/\/www.dionlux.md\/product\/kit-de-suspensdare-panou\/#breadcrumb","itemListElement":[{"@type":"ListItem","position":1,"name":"Home","item":"https:\/\/www.dionlux.md\/ro\/"},{"@type":"ListItem","position":2,"name":"Magazin","item":"https:\/\/www.dionlux.md\/ro\/shop\/"},{"@type":"ListItem","position":3,"name":"Kit de Suspensdare Panou"}]},{"@type":"WebSite","@id":"https:\/\/www.dionlux.md\/ro\/#website","url":"https:\/\/www.dionlux.md\/ro\/","name":"DionLux - Incalzire Eficienta","description":"AVEM TOTUL PENTRU CALDUR\u0102 \u0218I EFICIEN\u021aA EI...","publisher":{"@id":"https:\/\/www.dionlux.md\/ro\/#organization"},"potentialAction":[{"@type":"SearchAction","target":{"@type":"EntryPoint","urlTemplate":"https:\/\/www.dionlux.md\/ro\/?s={search_term_string}"},"query-input":"required name=search_term_string"}],"inLanguage":"ro-RO"},{"@type":"Organization","@id":"https:\/\/www.dionlux.md\/ro\/#organization","name":"DionLux - Incalzire Eficienta","url":"https:\/\/www.dionlux.md\/ro\/","logo":{"@type":"ImageObject","inLanguage":"ro-RO","@id":"https:\/\/www.dionlux.md\/ro\/#\/schema\/logo\/image\/","url":"https:\/\/www.dionlux.md\/wp-content\/uploads\/2023\/01\/logo1.png","contentUrl":"https:\/\/www.dionlux.md\/wp-content\/uploads\/2023\/01\/logo1.png","width":797,"height":255,"caption":"DionLux - Incalzire Eficienta"},"image":{"@id":"https:\/\/www.dionlux.md\/ro\/#\/schema\/logo\/image\/"},"sameAs":["https:\/\/www.facebook.com\/people\/Dionlux-SMART-Solutions\/100088369964479\/"]}]},"product_price_amount":"729.00","product_price_currency":"MDL","og_availability":"instock","product_availability":"instock","product_condition":"new"},"_links":{"self":[{"href":"https:\/\/www.dionlux.md\/ro\/wp-json\/wp\/v2\/product\/24","targetHints":{"allow":["GET"]}}],"collection":[{"href":"https:\/\/www.dionlux.md\/ro\/wp-json\/wp\/v2\/product"}],"about":[{"href":"https:\/\/www.dionlux.md\/ro\/wp-json\/wp\/v2\/types\/product"}],"replies":[{"embeddable":true,"href":"https:\/\/www.dionlux.md\/ro\/wp-json\/wp\/v2\/comments?post=24"}],"wp:featuredmedia":[{"embeddable":true,"href":"https:\/\/www.dionlux.md\/ro\/wp-json\/wp\/v2\/media\/196"}],"wp:attachment":[{"href":"https:\/\/www.dionlux.md\/ro\/wp-json\/wp\/v2\/media?parent=24"}],"wp:term":[{"taxonomy":"product_cat","embeddable":true,"href":"https:\/\/www.dionlux.md\/ro\/wp-json\/wp\/v2\/product_cat?post=24"},{"taxonomy":"product_tag","embeddable":true,"href":"https:\/\/www.dionlux.md\/ro\/wp-json\/wp\/v2\/product_tag?post=24"}],"curies":[{"name":"wp","href":"https:\/\/api.w.org\/{rel}","templated":true}]}}