{"id":22,"date":"2023-01-22T15:55:02","date_gmt":"2023-01-22T13:55:02","guid":{"rendered":"https:\/\/test.dionlux.md\/?post_type=product&#038;p=22"},"modified":"2026-02-16T06:12:52","modified_gmt":"2026-02-16T04:12:52","slug":"termostat-wi-fi-cu-smart-control-dl8000rf","status":"publish","type":"product","link":"https:\/\/www.dionlux.md\/ro\/product\/termostat-wi-fi-cu-smart-control-dl8000rf\/","title":{"rendered":"Termostat Wi-Fi cu Smart control DL8000RF"},"content":{"rendered":"<p>Termostatul wireless Mirrorstone MS8000RF combin\u0103 elegan\u021ba \u0219i acurate\u021bea cu un afi\u0219aj intuitiv care face gestionarea \u00eenc\u0103lzirii \u00eentr-o clip\u0103. De asemenea, se poate conecta la Wi-Fi, permi\u021b\u00e2nd controlul de oriunde \u00een lume.<\/p>\n<p>Acest set la \u00eendem\u00e2n\u0103 vine cu un termostat \u0219i o cutie de recep\u021bie. Cutia receptorului se va conecta la panourile dvs. IR, \u00een timp ce termostatul \u00een sine este alimentat de la baterie \u0219i, prin urmare, poate fi plasat oriunde \u00een camera dvs. Acest lucru v\u0103 ofer\u0103 o mul\u021bime de flexibilitate \u0219i se potrive\u0219te perfect cu aspectul elegant al acestui termostat.<\/p>\n<p>Termostatul este alimentat de 2 baterii AA, care nu sunt incluse \u00een achizi\u021bia dvs.<\/p>\n","protected":false},"excerpt":{"rendered":"<p>Termostatul wireless Mirrorstone MS8000RF combin\u0103 elegan\u021ba \u0219i acurate\u021bea cu un afi\u0219aj intuitiv care face gestionarea \u00eenc\u0103lzirii \u00eentr-o clip\u0103. De asemenea,<\/p>\n","protected":false},"featured_media":202,"comment_status":"open","ping_status":"closed","template":"","meta":[],"product_cat":[52],"product_tag":[55],"class_list":["post-22","product","type-product","status-publish","has-post-thumbnail","hentry","product_cat-thermostats","product_tag-dl-the-ms8000rf"],"yoast_head":"<!-- This site is optimized with the Yoast SEO Premium plugin v20.13 (Yoast SEO v20.13) - https:\/\/yoast.com\/wordpress\/plugins\/seo\/ -->\n<title>Termostat Wi-Fi cu Smart control DL8000RF - DionLux - Incalzire Eficienta<\/title>\n<meta name=\"robots\" content=\"index, follow, max-snippet:-1, max-image-preview:large, max-video-preview:-1\" \/>\n<link rel=\"canonical\" href=\"https:\/\/www.dionlux.md\/ro\/product\/termostat-wi-fi-cu-smart-control-dl8000rf\/\" \/>\n<meta property=\"og:locale\" content=\"ro_RO\" \/>\n<meta property=\"og:type\" content=\"article\" \/>\n<meta property=\"og:title\" content=\"Termostat Wi-Fi cu Smart control DL8000RF\" \/>\n<meta property=\"og:description\" content=\"Termostatul wireless Mirrorstone MS8000RF combin\u0103 elegan\u021ba \u0219i acurate\u021bea cu un afi\u0219aj intuitiv care face gestionarea \u00eenc\u0103lzirii \u00eentr-o clip\u0103. De asemenea,\" \/>\n<meta property=\"og:url\" content=\"https:\/\/www.dionlux.md\/ro\/product\/termostat-wi-fi-cu-smart-control-dl8000rf\/\" \/>\n<meta property=\"og:site_name\" content=\"DionLux - Incalzire Eficienta\" \/>\n<meta property=\"article:publisher\" content=\"https:\/\/www.facebook.com\/people\/Dionlux-SMART-Solutions\/100088369964479\/\" \/>\n<meta property=\"article:modified_time\" content=\"2026-02-16T04:12:52+00:00\" \/>\n<meta property=\"og:image\" content=\"https:\/\/www.dionlux.md\/wp-content\/uploads\/2023\/01\/ms-the-ms8000rf_1_4.jpg\" \/>\n\t<meta property=\"og:image:width\" content=\"1200\" \/>\n\t<meta property=\"og:image:height\" content=\"1200\" \/>\n\t<meta property=\"og:image:type\" content=\"image\/jpeg\" \/>\n<meta name=\"twitter:card\" content=\"summary_large_image\" \/>\n<meta name=\"twitter:label1\" content=\"Pre\u021b\" \/>\n\t<meta name=\"twitter:data1\" content=\"2.199,00&nbsp;MDL\" \/>\n\t<meta name=\"twitter:label2\" content=\"Disponibilitate\" \/>\n\t<meta name=\"twitter:data2\" content=\"\u00cen stoc\" \/>\n<script type=\"application\/ld+json\" class=\"yoast-schema-graph\">{\"@context\":\"https:\/\/schema.org\",\"@graph\":[{\"@type\":\"WebPage\",\"@id\":\"https:\/\/www.dionlux.md\/product\/termostat-wi-fi-cu-smart-control-dl8000rf\/\",\"url\":\"https:\/\/www.dionlux.md\/product\/termostat-wi-fi-cu-smart-control-dl8000rf\/\",\"name\":\"Termostat Wi-Fi cu Smart control DL8000RF - DionLux - Incalzire Eficienta\",\"isPartOf\":{\"@id\":\"https:\/\/www.dionlux.md\/ro\/#website\"},\"datePublished\":\"2023-01-22T13:55:02+00:00\",\"dateModified\":\"2026-02-16T04:12:52+00:00\",\"breadcrumb\":{\"@id\":\"https:\/\/www.dionlux.md\/product\/termostat-wi-fi-cu-smart-control-dl8000rf\/#breadcrumb\"},\"inLanguage\":\"ro-RO\",\"potentialAction\":[{\"@type\":\"ReadAction\",\"target\":[\"https:\/\/www.dionlux.md\/product\/termostat-wi-fi-cu-smart-control-dl8000rf\/\"]}]},{\"@type\":\"BreadcrumbList\",\"@id\":\"https:\/\/www.dionlux.md\/product\/termostat-wi-fi-cu-smart-control-dl8000rf\/#breadcrumb\",\"itemListElement\":[{\"@type\":\"ListItem\",\"position\":1,\"name\":\"Home\",\"item\":\"https:\/\/www.dionlux.md\/ro\/\"},{\"@type\":\"ListItem\",\"position\":2,\"name\":\"Magazin\",\"item\":\"https:\/\/www.dionlux.md\/ro\/shop\/\"},{\"@type\":\"ListItem\",\"position\":3,\"name\":\"Termostat Wi-Fi cu Smart control DL8000RF\"}]},{\"@type\":\"WebSite\",\"@id\":\"https:\/\/www.dionlux.md\/ro\/#website\",\"url\":\"https:\/\/www.dionlux.md\/ro\/\",\"name\":\"DionLux - Incalzire Eficienta\",\"description\":\"AVEM TOTUL PENTRU CALDUR\u0102 \u0218I EFICIEN\u021aA EI...\",\"publisher\":{\"@id\":\"https:\/\/www.dionlux.md\/ro\/#organization\"},\"potentialAction\":[{\"@type\":\"SearchAction\",\"target\":{\"@type\":\"EntryPoint\",\"urlTemplate\":\"https:\/\/www.dionlux.md\/ro\/?s={search_term_string}\"},\"query-input\":\"required name=search_term_string\"}],\"inLanguage\":\"ro-RO\"},{\"@type\":\"Organization\",\"@id\":\"https:\/\/www.dionlux.md\/ro\/#organization\",\"name\":\"DionLux - Incalzire Eficienta\",\"url\":\"https:\/\/www.dionlux.md\/ro\/\",\"logo\":{\"@type\":\"ImageObject\",\"inLanguage\":\"ro-RO\",\"@id\":\"https:\/\/www.dionlux.md\/ro\/#\/schema\/logo\/image\/\",\"url\":\"https:\/\/www.dionlux.md\/wp-content\/uploads\/2023\/01\/logo1.png\",\"contentUrl\":\"https:\/\/www.dionlux.md\/wp-content\/uploads\/2023\/01\/logo1.png\",\"width\":797,\"height\":255,\"caption\":\"DionLux - Incalzire Eficienta\"},\"image\":{\"@id\":\"https:\/\/www.dionlux.md\/ro\/#\/schema\/logo\/image\/\"},\"sameAs\":[\"https:\/\/www.facebook.com\/people\/Dionlux-SMART-Solutions\/100088369964479\/\"]}]}<\/script>\n<meta property=\"product:price:amount\" content=\"2199.00\" \/>\n<meta property=\"product:price:currency\" content=\"MDL\" \/>\n<meta property=\"og:availability\" content=\"instock\" \/>\n<meta property=\"product:availability\" content=\"instock\" \/>\n<meta property=\"product:condition\" content=\"new\" \/>\n<!-- \/ Yoast SEO Premium plugin. -->","yoast_head_json":{"title":"Termostat Wi-Fi cu Smart control DL8000RF - DionLux - Incalzire Eficienta","robots":{"index":"index","follow":"follow","max-snippet":"max-snippet:-1","max-image-preview":"max-image-preview:large","max-video-preview":"max-video-preview:-1"},"canonical":"https:\/\/www.dionlux.md\/ro\/product\/termostat-wi-fi-cu-smart-control-dl8000rf\/","og_locale":"ro_RO","og_type":"article","og_title":"Termostat Wi-Fi cu Smart control DL8000RF","og_description":"Termostatul wireless Mirrorstone MS8000RF combin\u0103 elegan\u021ba \u0219i acurate\u021bea cu un afi\u0219aj intuitiv care face gestionarea \u00eenc\u0103lzirii \u00eentr-o clip\u0103. De asemenea,","og_url":"https:\/\/www.dionlux.md\/ro\/product\/termostat-wi-fi-cu-smart-control-dl8000rf\/","og_site_name":"DionLux - Incalzire Eficienta","article_publisher":"https:\/\/www.facebook.com\/people\/Dionlux-SMART-Solutions\/100088369964479\/","article_modified_time":"2026-02-16T04:12:52+00:00","og_image":[{"width":1200,"height":1200,"url":"https:\/\/www.dionlux.md\/wp-content\/uploads\/2023\/01\/ms-the-ms8000rf_1_4.jpg","type":"image\/jpeg"}],"twitter_card":"summary_large_image","twitter_misc":{"Pre\u021b":"2.199,00&nbsp;MDL","Disponibilitate":"\u00cen stoc"},"schema":{"@context":"https:\/\/schema.org","@graph":[{"@type":"WebPage","@id":"https:\/\/www.dionlux.md\/product\/termostat-wi-fi-cu-smart-control-dl8000rf\/","url":"https:\/\/www.dionlux.md\/product\/termostat-wi-fi-cu-smart-control-dl8000rf\/","name":"Termostat Wi-Fi cu Smart control DL8000RF - DionLux - Incalzire Eficienta","isPartOf":{"@id":"https:\/\/www.dionlux.md\/ro\/#website"},"datePublished":"2023-01-22T13:55:02+00:00","dateModified":"2026-02-16T04:12:52+00:00","breadcrumb":{"@id":"https:\/\/www.dionlux.md\/product\/termostat-wi-fi-cu-smart-control-dl8000rf\/#breadcrumb"},"inLanguage":"ro-RO","potentialAction":[{"@type":"ReadAction","target":["https:\/\/www.dionlux.md\/product\/termostat-wi-fi-cu-smart-control-dl8000rf\/"]}]},{"@type":"BreadcrumbList","@id":"https:\/\/www.dionlux.md\/product\/termostat-wi-fi-cu-smart-control-dl8000rf\/#breadcrumb","itemListElement":[{"@type":"ListItem","position":1,"name":"Home","item":"https:\/\/www.dionlux.md\/ro\/"},{"@type":"ListItem","position":2,"name":"Magazin","item":"https:\/\/www.dionlux.md\/ro\/shop\/"},{"@type":"ListItem","position":3,"name":"Termostat Wi-Fi cu Smart control DL8000RF"}]},{"@type":"WebSite","@id":"https:\/\/www.dionlux.md\/ro\/#website","url":"https:\/\/www.dionlux.md\/ro\/","name":"DionLux - Incalzire Eficienta","description":"AVEM TOTUL PENTRU CALDUR\u0102 \u0218I EFICIEN\u021aA EI...","publisher":{"@id":"https:\/\/www.dionlux.md\/ro\/#organization"},"potentialAction":[{"@type":"SearchAction","target":{"@type":"EntryPoint","urlTemplate":"https:\/\/www.dionlux.md\/ro\/?s={search_term_string}"},"query-input":"required name=search_term_string"}],"inLanguage":"ro-RO"},{"@type":"Organization","@id":"https:\/\/www.dionlux.md\/ro\/#organization","name":"DionLux - Incalzire Eficienta","url":"https:\/\/www.dionlux.md\/ro\/","logo":{"@type":"ImageObject","inLanguage":"ro-RO","@id":"https:\/\/www.dionlux.md\/ro\/#\/schema\/logo\/image\/","url":"https:\/\/www.dionlux.md\/wp-content\/uploads\/2023\/01\/logo1.png","contentUrl":"https:\/\/www.dionlux.md\/wp-content\/uploads\/2023\/01\/logo1.png","width":797,"height":255,"caption":"DionLux - Incalzire Eficienta"},"image":{"@id":"https:\/\/www.dionlux.md\/ro\/#\/schema\/logo\/image\/"},"sameAs":["https:\/\/www.facebook.com\/people\/Dionlux-SMART-Solutions\/100088369964479\/"]}]},"product_price_amount":"2199.00","product_price_currency":"MDL","og_availability":"instock","product_availability":"instock","product_condition":"new"},"_links":{"self":[{"href":"https:\/\/www.dionlux.md\/ro\/wp-json\/wp\/v2\/product\/22","targetHints":{"allow":["GET"]}}],"collection":[{"href":"https:\/\/www.dionlux.md\/ro\/wp-json\/wp\/v2\/product"}],"about":[{"href":"https:\/\/www.dionlux.md\/ro\/wp-json\/wp\/v2\/types\/product"}],"replies":[{"embeddable":true,"href":"https:\/\/www.dionlux.md\/ro\/wp-json\/wp\/v2\/comments?post=22"}],"wp:featuredmedia":[{"embeddable":true,"href":"https:\/\/www.dionlux.md\/ro\/wp-json\/wp\/v2\/media\/202"}],"wp:attachment":[{"href":"https:\/\/www.dionlux.md\/ro\/wp-json\/wp\/v2\/media?parent=22"}],"wp:term":[{"taxonomy":"product_cat","embeddable":true,"href":"https:\/\/www.dionlux.md\/ro\/wp-json\/wp\/v2\/product_cat?post=22"},{"taxonomy":"product_tag","embeddable":true,"href":"https:\/\/www.dionlux.md\/ro\/wp-json\/wp\/v2\/product_tag?post=22"}],"curies":[{"name":"wp","href":"https:\/\/api.w.org\/{rel}","templated":true}]}}