{"id":1105,"date":"2023-03-01T19:22:11","date_gmt":"2023-03-01T17:22:11","guid":{"rendered":"https:\/\/www.dionlux.md\/?post_type=product&#038;p=1105"},"modified":"2026-02-25T13:33:37","modified_gmt":"2026-02-25T11:33:37","slug":"panou-incalzitor-cu-imagine-fumul-dansant-700w","status":"publish","type":"product","link":"https:\/\/www.dionlux.md\/ro\/product\/panou-incalzitor-cu-imagine-fumul-dansant-700w\/","title":{"rendered":"Panou \u00cenc\u0103lzitor cu imagine Fumul dansant 700W"},"content":{"rendered":"<p>Imagina\u021bi-v\u0103 c\u0103 ave\u021bi un sistem de \u00eenc\u0103lzire at\u00e2t de discret \u00eenc\u00e2t nimeni nu ar putea spune de unde vine c\u0103ldura, apoi arunca\u021bi o privire la acest panou de \u00eenc\u0103lzire cu infraro\u0219u imprimat pentru c\u0103 exact asta este!<\/p>\n<p>Panoul de \u00eenc\u0103lzire IR \u00een sine este incredibil de simplu de instalat \u0219i deghizat inteligent ca o imagine superb\u0103, natural\u0103, care este imprimat\u0103 direct pe suprafa\u021ba sa de acoperire FIR , astfel \u00eenc\u00e2t va oferi c\u0103ldur\u0103 f\u0103r\u0103 a fi vizibil ca un \u00eenc\u0103lzitor tradi\u021bional cu convector.<\/p>\n<p>Total sigur de utilizat \u00een orice loca\u021bie casnic\u0103 , undele infraro\u0219ii pe care le emite acest \u00eenc\u0103lzitor IR sunt similare cu cele generate de soare \u0219i, \u00een ciuda atingerii temperaturilor de p\u00e2n\u0103 la 95\u00b0C, suprafa\u021ba sa nu v\u0103 va arde niciodat\u0103 dac\u0103 este atins\u0103 accidental.<\/p>\n","protected":false},"excerpt":{"rendered":"<p>Imagina\u021bi-v\u0103 c\u0103 ave\u021bi un sistem de \u00eenc\u0103lzire at\u00e2t de discret \u00eenc\u00e2t nimeni nu ar putea spune de unde vine c\u0103ldura,<\/p>\n","protected":false},"featured_media":1108,"comment_status":"open","ping_status":"closed","template":"","meta":[],"product_cat":[129],"product_tag":[138],"class_list":["post-1105","product","type-product","status-publish","has-post-thumbnail","hentry","product_cat-panouri-cu-imagine","product_tag-dl-ima-60120"],"yoast_head":"<!-- This site is optimized with the Yoast SEO Premium plugin v20.13 (Yoast SEO v20.13) - https:\/\/yoast.com\/wordpress\/plugins\/seo\/ -->\n<title>Panou \u00cenc\u0103lzitor cu imagine Fumul dansant 700W - DionLux - Incalzire Eficienta<\/title>\n<meta name=\"robots\" content=\"index, follow, max-snippet:-1, max-image-preview:large, max-video-preview:-1\" \/>\n<link rel=\"canonical\" href=\"https:\/\/www.dionlux.md\/ro\/product\/panou-incalzitor-cu-imagine-fumul-dansant-700w\/\" \/>\n<meta property=\"og:locale\" content=\"ro_RO\" \/>\n<meta property=\"og:type\" content=\"article\" \/>\n<meta property=\"og:title\" content=\"Panou \u00cenc\u0103lzitor cu imagine Fumul dansant 700W\" \/>\n<meta property=\"og:description\" content=\"Imagina\u021bi-v\u0103 c\u0103 ave\u021bi un sistem de \u00eenc\u0103lzire at\u00e2t de discret \u00eenc\u00e2t nimeni nu ar putea spune de unde vine c\u0103ldura,\" \/>\n<meta property=\"og:url\" content=\"https:\/\/www.dionlux.md\/ro\/product\/panou-incalzitor-cu-imagine-fumul-dansant-700w\/\" \/>\n<meta property=\"og:site_name\" content=\"DionLux - Incalzire Eficienta\" \/>\n<meta property=\"article:publisher\" content=\"https:\/\/www.facebook.com\/people\/Dionlux-SMART-Solutions\/100088369964479\/\" \/>\n<meta property=\"article:modified_time\" content=\"2026-02-25T11:33:37+00:00\" \/>\n<meta property=\"og:image\" content=\"https:\/\/www.dionlux.md\/wp-content\/uploads\/2023\/03\/700W_Fumul-dansant_1.jpg\" \/>\n\t<meta property=\"og:image:width\" content=\"983\" \/>\n\t<meta property=\"og:image:height\" content=\"1024\" \/>\n\t<meta property=\"og:image:type\" content=\"image\/jpeg\" \/>\n<meta name=\"twitter:card\" content=\"summary_large_image\" \/>\n<meta name=\"twitter:label1\" content=\"Pre\u021b\" \/>\n\t<meta name=\"twitter:data1\" content=\"\" \/>\n\t<meta name=\"twitter:label2\" content=\"Disponibilitate\" \/>\n\t<meta name=\"twitter:data2\" content=\"Precomand\u0103\" \/>\n<script type=\"application\/ld+json\" class=\"yoast-schema-graph\">{\"@context\":\"https:\/\/schema.org\",\"@graph\":[{\"@type\":\"WebPage\",\"@id\":\"https:\/\/www.dionlux.md\/product\/panou-incalzitor-cu-imagine-fumul-dansant-700w\/\",\"url\":\"https:\/\/www.dionlux.md\/product\/panou-incalzitor-cu-imagine-fumul-dansant-700w\/\",\"name\":\"Panou \u00cenc\u0103lzitor cu imagine Fumul dansant 700W - DionLux - Incalzire Eficienta\",\"isPartOf\":{\"@id\":\"https:\/\/www.dionlux.md\/ro\/#website\"},\"datePublished\":\"2023-03-01T17:22:11+00:00\",\"dateModified\":\"2026-02-25T11:33:37+00:00\",\"breadcrumb\":{\"@id\":\"https:\/\/www.dionlux.md\/product\/panou-incalzitor-cu-imagine-fumul-dansant-700w\/#breadcrumb\"},\"inLanguage\":\"ro-RO\",\"potentialAction\":[{\"@type\":\"ReadAction\",\"target\":[\"https:\/\/www.dionlux.md\/product\/panou-incalzitor-cu-imagine-fumul-dansant-700w\/\"]}]},{\"@type\":\"BreadcrumbList\",\"@id\":\"https:\/\/www.dionlux.md\/product\/panou-incalzitor-cu-imagine-fumul-dansant-700w\/#breadcrumb\",\"itemListElement\":[{\"@type\":\"ListItem\",\"position\":1,\"name\":\"Home\",\"item\":\"https:\/\/www.dionlux.md\/ro\/\"},{\"@type\":\"ListItem\",\"position\":2,\"name\":\"Magazin\",\"item\":\"https:\/\/www.dionlux.md\/ro\/shop\/\"},{\"@type\":\"ListItem\",\"position\":3,\"name\":\"Panou \u00cenc\u0103lzitor cu imagine Fumul dansant 700W\"}]},{\"@type\":\"WebSite\",\"@id\":\"https:\/\/www.dionlux.md\/ro\/#website\",\"url\":\"https:\/\/www.dionlux.md\/ro\/\",\"name\":\"DionLux - Incalzire Eficienta\",\"description\":\"AVEM TOTUL PENTRU CALDUR\u0102 \u0218I EFICIEN\u021aA EI...\",\"publisher\":{\"@id\":\"https:\/\/www.dionlux.md\/ro\/#organization\"},\"potentialAction\":[{\"@type\":\"SearchAction\",\"target\":{\"@type\":\"EntryPoint\",\"urlTemplate\":\"https:\/\/www.dionlux.md\/ro\/?s={search_term_string}\"},\"query-input\":\"required name=search_term_string\"}],\"inLanguage\":\"ro-RO\"},{\"@type\":\"Organization\",\"@id\":\"https:\/\/www.dionlux.md\/ro\/#organization\",\"name\":\"DionLux - Incalzire Eficienta\",\"url\":\"https:\/\/www.dionlux.md\/ro\/\",\"logo\":{\"@type\":\"ImageObject\",\"inLanguage\":\"ro-RO\",\"@id\":\"https:\/\/www.dionlux.md\/ro\/#\/schema\/logo\/image\/\",\"url\":\"https:\/\/www.dionlux.md\/wp-content\/uploads\/2023\/01\/logo1.png\",\"contentUrl\":\"https:\/\/www.dionlux.md\/wp-content\/uploads\/2023\/01\/logo1.png\",\"width\":797,\"height\":255,\"caption\":\"DionLux - Incalzire Eficienta\"},\"image\":{\"@id\":\"https:\/\/www.dionlux.md\/ro\/#\/schema\/logo\/image\/\"},\"sameAs\":[\"https:\/\/www.facebook.com\/people\/Dionlux-SMART-Solutions\/100088369964479\/\"]}]}<\/script>\n<meta property=\"product:price:amount\" content=\"0.00\" \/>\n<meta property=\"product:price:currency\" content=\"MDL\" \/>\n<meta property=\"og:availability\" content=\"backorder\" \/>\n<meta property=\"product:availability\" content=\"available for order\" \/>\n<meta property=\"product:condition\" content=\"new\" \/>\n<!-- \/ Yoast SEO Premium plugin. -->","yoast_head_json":{"title":"Panou \u00cenc\u0103lzitor cu imagine Fumul dansant 700W - DionLux - Incalzire Eficienta","robots":{"index":"index","follow":"follow","max-snippet":"max-snippet:-1","max-image-preview":"max-image-preview:large","max-video-preview":"max-video-preview:-1"},"canonical":"https:\/\/www.dionlux.md\/ro\/product\/panou-incalzitor-cu-imagine-fumul-dansant-700w\/","og_locale":"ro_RO","og_type":"article","og_title":"Panou \u00cenc\u0103lzitor cu imagine Fumul dansant 700W","og_description":"Imagina\u021bi-v\u0103 c\u0103 ave\u021bi un sistem de \u00eenc\u0103lzire at\u00e2t de discret \u00eenc\u00e2t nimeni nu ar putea spune de unde vine c\u0103ldura,","og_url":"https:\/\/www.dionlux.md\/ro\/product\/panou-incalzitor-cu-imagine-fumul-dansant-700w\/","og_site_name":"DionLux - Incalzire Eficienta","article_publisher":"https:\/\/www.facebook.com\/people\/Dionlux-SMART-Solutions\/100088369964479\/","article_modified_time":"2026-02-25T11:33:37+00:00","og_image":[{"width":983,"height":1024,"url":"https:\/\/www.dionlux.md\/wp-content\/uploads\/2023\/03\/700W_Fumul-dansant_1.jpg","type":"image\/jpeg"}],"twitter_card":"summary_large_image","twitter_misc":{"Pre\u021b":"","Disponibilitate":"Precomand\u0103"},"schema":{"@context":"https:\/\/schema.org","@graph":[{"@type":"WebPage","@id":"https:\/\/www.dionlux.md\/product\/panou-incalzitor-cu-imagine-fumul-dansant-700w\/","url":"https:\/\/www.dionlux.md\/product\/panou-incalzitor-cu-imagine-fumul-dansant-700w\/","name":"Panou \u00cenc\u0103lzitor cu imagine Fumul dansant 700W - DionLux - Incalzire Eficienta","isPartOf":{"@id":"https:\/\/www.dionlux.md\/ro\/#website"},"datePublished":"2023-03-01T17:22:11+00:00","dateModified":"2026-02-25T11:33:37+00:00","breadcrumb":{"@id":"https:\/\/www.dionlux.md\/product\/panou-incalzitor-cu-imagine-fumul-dansant-700w\/#breadcrumb"},"inLanguage":"ro-RO","potentialAction":[{"@type":"ReadAction","target":["https:\/\/www.dionlux.md\/product\/panou-incalzitor-cu-imagine-fumul-dansant-700w\/"]}]},{"@type":"BreadcrumbList","@id":"https:\/\/www.dionlux.md\/product\/panou-incalzitor-cu-imagine-fumul-dansant-700w\/#breadcrumb","itemListElement":[{"@type":"ListItem","position":1,"name":"Home","item":"https:\/\/www.dionlux.md\/ro\/"},{"@type":"ListItem","position":2,"name":"Magazin","item":"https:\/\/www.dionlux.md\/ro\/shop\/"},{"@type":"ListItem","position":3,"name":"Panou \u00cenc\u0103lzitor cu imagine Fumul dansant 700W"}]},{"@type":"WebSite","@id":"https:\/\/www.dionlux.md\/ro\/#website","url":"https:\/\/www.dionlux.md\/ro\/","name":"DionLux - Incalzire Eficienta","description":"AVEM TOTUL PENTRU CALDUR\u0102 \u0218I EFICIEN\u021aA EI...","publisher":{"@id":"https:\/\/www.dionlux.md\/ro\/#organization"},"potentialAction":[{"@type":"SearchAction","target":{"@type":"EntryPoint","urlTemplate":"https:\/\/www.dionlux.md\/ro\/?s={search_term_string}"},"query-input":"required name=search_term_string"}],"inLanguage":"ro-RO"},{"@type":"Organization","@id":"https:\/\/www.dionlux.md\/ro\/#organization","name":"DionLux - Incalzire Eficienta","url":"https:\/\/www.dionlux.md\/ro\/","logo":{"@type":"ImageObject","inLanguage":"ro-RO","@id":"https:\/\/www.dionlux.md\/ro\/#\/schema\/logo\/image\/","url":"https:\/\/www.dionlux.md\/wp-content\/uploads\/2023\/01\/logo1.png","contentUrl":"https:\/\/www.dionlux.md\/wp-content\/uploads\/2023\/01\/logo1.png","width":797,"height":255,"caption":"DionLux - Incalzire Eficienta"},"image":{"@id":"https:\/\/www.dionlux.md\/ro\/#\/schema\/logo\/image\/"},"sameAs":["https:\/\/www.facebook.com\/people\/Dionlux-SMART-Solutions\/100088369964479\/"]}]},"product_price_amount":"0.00","product_price_currency":"MDL","og_availability":"backorder","product_availability":"available for order","product_condition":"new"},"_links":{"self":[{"href":"https:\/\/www.dionlux.md\/ro\/wp-json\/wp\/v2\/product\/1105","targetHints":{"allow":["GET"]}}],"collection":[{"href":"https:\/\/www.dionlux.md\/ro\/wp-json\/wp\/v2\/product"}],"about":[{"href":"https:\/\/www.dionlux.md\/ro\/wp-json\/wp\/v2\/types\/product"}],"replies":[{"embeddable":true,"href":"https:\/\/www.dionlux.md\/ro\/wp-json\/wp\/v2\/comments?post=1105"}],"wp:featuredmedia":[{"embeddable":true,"href":"https:\/\/www.dionlux.md\/ro\/wp-json\/wp\/v2\/media\/1108"}],"wp:attachment":[{"href":"https:\/\/www.dionlux.md\/ro\/wp-json\/wp\/v2\/media?parent=1105"}],"wp:term":[{"taxonomy":"product_cat","embeddable":true,"href":"https:\/\/www.dionlux.md\/ro\/wp-json\/wp\/v2\/product_cat?post=1105"},{"taxonomy":"product_tag","embeddable":true,"href":"https:\/\/www.dionlux.md\/ro\/wp-json\/wp\/v2\/product_tag?post=1105"}],"curies":[{"name":"wp","href":"https:\/\/api.w.org\/{rel}","templated":true}]}}