{"id":82,"date":"2023-01-22T17:47:20","date_gmt":"2023-01-22T15:47:20","guid":{"rendered":"https:\/\/test.dionlux.md\/?page_id=82"},"modified":"2023-02-17T13:27:53","modified_gmt":"2023-02-17T11:27:53","slug":"about-us","status":"publish","type":"page","link":"https:\/\/www.dionlux.md\/ro\/about-us\/","title":{"rendered":"About Us"},"content":{"rendered":"<section class=\"wpb-content-wrapper\"><div data-vc-full-width=\"true\" data-vc-full-width-init=\"false\" class=\"vc_row wpb_row vc_row-fluid vc_custom_1676493847824 vc_row-has-fill vc_row-o-content-middle vc_row-flex wd-rs-63ed4408d430f\"><div class=\"wpb_column vc_column_container vc_col-sm-12\"><div class=\"vc_column-inner\"><div class=\"wpb_wrapper\">\n\t<div class=\"wpb_text_column wpb_content_element\" >\n\t\t<div class=\"wpb_wrapper\">\n\t\t\t<h3 style=\"text-align: center;\"><img loading=\"lazy\" decoding=\"async\" class=\"alignleft wp-image-790\" src=\"https:\/\/www.dionlux.md\/wp-content\/uploads\/2023\/02\/After-Waves-2-scaled-1-1024x576.jpg\" alt=\"\" width=\"750\" height=\"422\" srcset=\"https:\/\/www.dionlux.md\/wp-content\/uploads\/2023\/02\/After-Waves-2-scaled-1-1024x576.jpg 1024w, https:\/\/www.dionlux.md\/wp-content\/uploads\/2023\/02\/After-Waves-2-scaled-1-300x169.jpg 300w, https:\/\/www.dionlux.md\/wp-content\/uploads\/2023\/02\/After-Waves-2-scaled-1-768x432.jpg 768w, https:\/\/www.dionlux.md\/wp-content\/uploads\/2023\/02\/After-Waves-2-scaled-1-1536x864.jpg 1536w, https:\/\/www.dionlux.md\/wp-content\/uploads\/2023\/02\/After-Waves-2-scaled-1-2048x1152.jpg 2048w, https:\/\/www.dionlux.md\/wp-content\/uploads\/2023\/02\/After-Waves-2-scaled-1-18x10.jpg 18w, https:\/\/www.dionlux.md\/wp-content\/uploads\/2023\/02\/After-Waves-2-scaled-1-860x484.jpg 860w, https:\/\/www.dionlux.md\/wp-content\/uploads\/2023\/02\/After-Waves-2-scaled-1-430x242.jpg 430w, https:\/\/www.dionlux.md\/wp-content\/uploads\/2023\/02\/After-Waves-2-scaled-1-700x394.jpg 700w, https:\/\/www.dionlux.md\/wp-content\/uploads\/2023\/02\/After-Waves-2-scaled-1-150x84.jpg 150w\" sizes=\"auto, (max-width: 750px) 100vw, 750px\" \/>&#8222;DION SMART SOLUTIONS&#8221; SRL<\/h3>\n<p>Suntem one-stop-shop ul favorit al celor care \u00ee\u015fi doresc produse Eficiente din punct de vedere Energetic, Eecologice, Economice pentru incalzire ce folosesc energia electrica combinata cu cea fotovoltaica:<\/p>\n<p><strong>\u2022 panouri radiante infrarosu si sisteme de incalzire;<\/strong><\/p>\n<p><strong>\u2022 bare de caldura infrarosu;<\/strong><\/p>\n<p><strong>\u2022 pompe de caldura aer apa;<\/strong><\/p>\n<p><strong>\u2022 cazane electrice.<\/strong><\/p>\n<p><strong>\u2022 termostate;<\/strong><\/p>\n<p><strong>\u2022 accesorii.<\/strong><\/p>\n<p>Compania Dion Smart Solutions SRL isi propune ca prin actiunile sale sa minimalizeze pe cat posibil impactul negativ asupra mediului. Politica noastra de vanzari, este orientata spre client, informare si ofertarea unor alternative de incalzire ECO, mai eficiente si mai Economice. Denumim cateva dintre produsele comercializate prin magazinul nostru online: panouri radiante electrice de incalzire, bare de caldura, cazane electrice. Produsele comercializate de societatea noastra vin cu o tehnologie noua, moderna, automatizata, care protejeaza mediului inconjurator, sunt ecologice, au un consum redus de energiesi un randament ridicat. Pentru a putea beneficia toti consumatorii de aceste produse am ales cea mai eficienta forma de vanzare, comertul online, cu livrarea produselor in toata tara.<\/p>\n<p style=\"text-align: center;\"><strong>Alege solutii de incalzire cu impact redus asupra mediului. Sprijina ecologia, fii ECO.<\/strong><\/p>\n\n\t\t<\/div>\n\t<\/div>\n<div class=\"vc_btn3-container vc_btn3-center\" ><a class=\"vc_general vc_btn3 vc_btn3-size-md vc_btn3-shape-round vc_btn3-style-modern vc_btn3-color-warning\" href=\"https:\/\/www.dionlux.md\/shop\/\" title=\"Cump\u0103r\u0103turi\">VEZI PRODUSELE NOASTRE<\/a><\/div><\/div><\/div><\/div><\/div><div class=\"vc_row-full-width vc_clearfix\"><\/div><div class=\"vc_row wpb_row vc_row-fluid vc_row-o-equal-height vc_row-flex wd-rs-63ee87ff4f483\"><div class=\"wpb_column vc_column_container vc_col-sm-12\"><div class=\"vc_column-inner\"><div class=\"wpb_wrapper\">\n\t\t<div id=\"wd-63ef31101bfd3\" class=\"title-wrapper wd-wpb set-mb-s reset-last-child  wd-rs-63ef31101bfd3 wd-title-color-default wd-title-style-default text-center \">\n\t\t\t\n\t\t\t<div class=\"liner-continer\">\n\t\t\t\t<h4 class=\"woodmart-title-container title  wd-font-weight- wd-fontsize-xxl\" >Furnizorul nostru...<\/h4>\n\t\t\t\t\t\t\t<\/div>\n\t\t\t\n\t\t\t\n\t\t\t\n\t\t<\/div>\n\t\t\n\t\t<\/div><\/div><\/div><div class=\"wpb_column vc_column_container vc_col-sm-4\"><div class=\"vc_column-inner\"><div class=\"wpb_wrapper\">\n\t<div  class=\"wpb_single_image wpb_content_element vc_align_center\">\n\t\t\n\t\t<figure class=\"wpb_wrapper vc_figure\">\n\t\t\t<div class=\"vc_single_image-wrapper   vc_box_border_grey\"><img decoding=\"async\" class=\"vc_single_image-img \" src=\"https:\/\/www.dionlux.md\/wp-content\/uploads\/2023\/02\/Icons-industry-pioneer-80x80.png\" width=\"80\" height=\"80\" alt=\"Icons-industry-pioneer\" title=\"Icons-industry-pioneer\" loading=\"lazy\" \/><\/div>\n\t\t<\/figure>\n\t<\/div>\n\t\t<div id=\"wd-63ee8c345c329\" class=\"wd-text-block wd-wpb reset-last-child wd-rs-63ee8c345c329 text-left \">\n\t\t\t<h4 style=\"text-align: center;\"><span style=\"color: #f38638;\">Pionier \u00een industrie din 2016 \u00een Marea Britanie<\/span><\/h4>\n\t\t<\/div>\n\t\t<\/div><\/div><\/div><div class=\"wpb_column vc_column_container vc_col-sm-4\"><div class=\"vc_column-inner\"><div class=\"wpb_wrapper\">\n\t<div  class=\"wpb_single_image wpb_content_element vc_align_center\">\n\t\t\n\t\t<figure class=\"wpb_wrapper vc_figure\">\n\t\t\t<div class=\"vc_single_image-wrapper   vc_box_border_grey\"><img decoding=\"async\" class=\"vc_single_image-img \" src=\"https:\/\/www.dionlux.md\/wp-content\/uploads\/2023\/02\/Icons-over-20000-ir-panels-80x80.png\" width=\"80\" height=\"80\" alt=\"Icons-over-20000-ir-panels\" title=\"Icons-over-20000-ir-panels\" loading=\"lazy\" \/><\/div>\n\t\t<\/figure>\n\t<\/div>\n\t\t<div id=\"wd-63ee8c3b9e876\" class=\"wd-text-block wd-wpb reset-last-child wd-rs-63ee8c3b9e876 text-left \">\n\t\t\t<h4 style=\"text-align: center;\"><span style=\"color: #f38638;\">Peste 20000 de panouri IR v\u00e2ndute la nivel na\u021bional<\/span><\/h4>\n\t\t<\/div>\n\t\t<\/div><\/div><\/div><div class=\"wpb_column vc_column_container vc_col-sm-4\"><div class=\"vc_column-inner\"><div class=\"wpb_wrapper\">\n\t<div  class=\"wpb_single_image wpb_content_element vc_align_center\">\n\t\t\n\t\t<figure class=\"wpb_wrapper vc_figure\">\n\t\t\t<div class=\"vc_single_image-wrapper   vc_box_border_grey\"><img decoding=\"async\" class=\"vc_single_image-img \" src=\"https:\/\/www.dionlux.md\/wp-content\/uploads\/2023\/02\/Icons-distribution-networks-80x80.png\" width=\"80\" height=\"80\" alt=\"Icons-distribution-networks\" title=\"Icons-distribution-networks\" loading=\"lazy\" \/><\/div>\n\t\t<\/figure>\n\t<\/div>\n\t\t<div id=\"wd-63ee8c4bad7b8\" class=\"wd-text-block wd-wpb reset-last-child wd-rs-63ee8c4bad7b8 text-left \">\n\t\t\t<h4 style=\"text-align: center;\"><span style=\"color: #f38638;\">Re\u021bele de distribu\u021bie \u00een Marea Britanie \u0219i Europa<\/span><\/h4>\n\t\t<\/div>\n\t\t<\/div><\/div><\/div><\/div><div class=\"vc_row wpb_row vc_row-fluid vc_custom_1676577724860 vc_row-has-fill wd-rs-63ee8bb695702\"><div class=\"wpb_column vc_column_container vc_col-sm-12 vc_col-has-fill wd-rs-63ee85efaa1ed\"><div class=\"vc_column-inner vc_custom_1676576262418\"><div class=\"wpb_wrapper\">\n\t\t<div id=\"wd-63ef5e20255f2\" class=\"title-wrapper wd-wpb set-mb-s reset-last-child  wd-rs-63ef5e20255f2 wd-title-color-alt wd-title-style-simple text-left  wd-width-enabled wd-underline-colored\" style=\"--wd-max-width: 40%;\">\n\t\t\t\n\t\t\t<div class=\"liner-continer\">\n\t\t\t\t<h2 class=\"woodmart-title-container title  wd-font-weight- wd-fontsize-xxl\" >Misiunea noastr\u0103<\/h2>\n\t\t\t\t\t\t\t<\/div>\n\t\t\t\n\t\t\t\t\t\t\t<div class=\"title-after_title  set-cont-mb-s reset-last-child  wd-fontsize-s\">Scopul nostru este de a schimba modul \u00een care oamenii g\u00e2ndesc despre \u00eenc\u0103lzirea caselor, teraselor \u0219i a spatiilor comerciale (restaurant, oficii, sal\u0103 de fitness, hotel) sau orice alt spatiu comercial, casnic ce necesita incalzit, reu\u0219im acest lucru prin construirea rela\u021biilor puternice \u0219i de lung\u0103 durat\u0103 la nivel na\u021bional cu o gam\u0103 larg\u0103 \u0219i variat\u0103 de clien\u021bi at\u00e2t casnici, c\u00e2t \u0219i comerciali.<\/div>\n\t\t\t\n\t\t\t\n\t\t<\/div>\n\t\t\n\t\t<\/div><\/div><\/div><\/div><div class=\"vc_row wpb_row vc_row-fluid\"><div class=\"wpb_column vc_column_container vc_col-sm-12\"><div class=\"vc_column-inner\"><div class=\"wpb_wrapper\"><style data-type=\"vc_shortcodes-custom-css\">.vc_custom_1676618789351{background-color: #fdedde !important;border-radius: 10px !important;}<\/style><div class=\"vc_row wpb_row vc_row-fluid vc_custom_1676618789351 vc_row-has-fill vc_row-o-equal-height vc_row-o-content-middle vc_row-flex wd-rs-63ef2c1eb841b\"><div class=\"wpb_column vc_column_container vc_col-sm-8\"><div class=\"vc_column-inner\"><div class=\"wpb_wrapper\">\n\t<div class=\"wpb_text_column wpb_content_element\" >\n\t\t<div class=\"wpb_wrapper\">\n\t\t\t<h3>Ob\u021bine\u021bi catalogul GRATUIT acum<\/h3>\n<p>Descarca\u021bi catalogul DionLux complet GRATUIT pentru a afla cum pute\u021bi s\u0103 economisi\u021bi bani la facturile de \u00eenc\u0103lzire ast\u0103zi.<\/p>\n\n\t\t<\/div>\n\t<\/div>\n<\/div><\/div><\/div><div class=\"wpb_column vc_column_container vc_col-sm-4 wd-rs-63ee9f913e7b4\"><div class=\"vc_column-inner\"><div class=\"wpb_wrapper\"><div id=\"wd-63ef314e09454\" class=\" wd-rs-63ef314e09454  wd-button-wrapper text-center\"><a href=\"\/wp-content\/uploads\/2023\/02\/Dionlux_brochure_2023_RO.pdf\" title=\"\" class=\"btn btn-color-alt btn-style-default btn-style-round btn-size-default btn-icon-pos-left\">Desc\u0103rca\u021bi Catalog GRATUIT<span class=\"wd-btn-icon\"><span class=\"wd-icon fas fa-book-open\"><\/span><\/span><\/a><\/div><\/div><\/div><\/div><\/div>\r\n<\/div><\/div><\/div><\/div>\n<\/section>","protected":false},"excerpt":{"rendered":"\"DION SMART SOLUTIONS\" SRL Suntem one-stop-shop ul favorit al celor care \u00ee\u015fi doresc produse Eficiente din punct de vedere Energetic,","protected":false},"author":1,"featured_media":0,"parent":0,"menu_order":0,"comment_status":"closed","ping_status":"closed","template":"","meta":{"footnotes":""},"class_list":["post-82","page","type-page","status-publish","hentry"],"yoast_head":"<!-- This site is optimized with the Yoast SEO Premium plugin v20.13 (Yoast SEO v20.13) - https:\/\/yoast.com\/wordpress\/plugins\/seo\/ -->\n<title>About Us - DionLux - Incalzire Eficienta<\/title>\n<meta name=\"robots\" content=\"index, follow, max-snippet:-1, max-image-preview:large, max-video-preview:-1\" \/>\n<link rel=\"canonical\" href=\"https:\/\/www.dionlux.md\/ro\/about-us\/\" \/>\n<meta property=\"og:locale\" content=\"ro_RO\" \/>\n<meta property=\"og:type\" content=\"article\" \/>\n<meta property=\"og:title\" content=\"About Us\" \/>\n<meta property=\"og:url\" content=\"https:\/\/www.dionlux.md\/ro\/about-us\/\" \/>\n<meta property=\"og:site_name\" content=\"DionLux - Incalzire Eficienta\" \/>\n<meta property=\"article:publisher\" content=\"https:\/\/www.facebook.com\/people\/Dionlux-SMART-Solutions\/100088369964479\/\" \/>\n<meta property=\"article:modified_time\" content=\"2023-02-17T11:27:53+00:00\" \/>\n<meta property=\"og:image\" content=\"https:\/\/www.dionlux.md\/wp-content\/uploads\/2023\/02\/After-Waves-2-scaled-1-1024x576.jpg\" \/>\n<meta name=\"twitter:card\" content=\"summary_large_image\" \/>\n<meta name=\"twitter:label1\" content=\"Timp estimat pentru citire\" \/>\n\t<meta name=\"twitter:data1\" content=\"6 minute\" \/>\n<script type=\"application\/ld+json\" class=\"yoast-schema-graph\">{\"@context\":\"https:\/\/schema.org\",\"@graph\":[{\"@type\":\"WebPage\",\"@id\":\"https:\/\/www.dionlux.md\/about-us\/\",\"url\":\"https:\/\/www.dionlux.md\/about-us\/\",\"name\":\"About Us - DionLux - Incalzire Eficienta\",\"isPartOf\":{\"@id\":\"https:\/\/www.dionlux.md\/ro\/#website\"},\"datePublished\":\"2023-01-22T15:47:20+00:00\",\"dateModified\":\"2023-02-17T11:27:53+00:00\",\"breadcrumb\":{\"@id\":\"https:\/\/www.dionlux.md\/about-us\/#breadcrumb\"},\"inLanguage\":\"ro-RO\",\"potentialAction\":[{\"@type\":\"ReadAction\",\"target\":[\"https:\/\/www.dionlux.md\/about-us\/\"]}]},{\"@type\":\"BreadcrumbList\",\"@id\":\"https:\/\/www.dionlux.md\/about-us\/#breadcrumb\",\"itemListElement\":[{\"@type\":\"ListItem\",\"position\":1,\"name\":\"Home\",\"item\":\"https:\/\/www.dionlux.md\/ro\/\"},{\"@type\":\"ListItem\",\"position\":2,\"name\":\"About Us\"}]},{\"@type\":\"WebSite\",\"@id\":\"https:\/\/www.dionlux.md\/ro\/#website\",\"url\":\"https:\/\/www.dionlux.md\/ro\/\",\"name\":\"DionLux - Incalzire Eficienta\",\"description\":\"AVEM TOTUL PENTRU CALDUR\u0102 \u0218I EFICIEN\u021aA EI...\",\"publisher\":{\"@id\":\"https:\/\/www.dionlux.md\/ro\/#organization\"},\"potentialAction\":[{\"@type\":\"SearchAction\",\"target\":{\"@type\":\"EntryPoint\",\"urlTemplate\":\"https:\/\/www.dionlux.md\/ro\/?s={search_term_string}\"},\"query-input\":\"required name=search_term_string\"}],\"inLanguage\":\"ro-RO\"},{\"@type\":\"Organization\",\"@id\":\"https:\/\/www.dionlux.md\/ro\/#organization\",\"name\":\"DionLux - Incalzire Eficienta\",\"url\":\"https:\/\/www.dionlux.md\/ro\/\",\"logo\":{\"@type\":\"ImageObject\",\"inLanguage\":\"ro-RO\",\"@id\":\"https:\/\/www.dionlux.md\/ro\/#\/schema\/logo\/image\/\",\"url\":\"https:\/\/www.dionlux.md\/wp-content\/uploads\/2023\/01\/logo1.png\",\"contentUrl\":\"https:\/\/www.dionlux.md\/wp-content\/uploads\/2023\/01\/logo1.png\",\"width\":797,\"height\":255,\"caption\":\"DionLux - Incalzire Eficienta\"},\"image\":{\"@id\":\"https:\/\/www.dionlux.md\/ro\/#\/schema\/logo\/image\/\"},\"sameAs\":[\"https:\/\/www.facebook.com\/people\/Dionlux-SMART-Solutions\/100088369964479\/\"]}]}<\/script>\n<!-- \/ Yoast SEO Premium plugin. -->","yoast_head_json":{"title":"About Us - DionLux - Incalzire Eficienta","robots":{"index":"index","follow":"follow","max-snippet":"max-snippet:-1","max-image-preview":"max-image-preview:large","max-video-preview":"max-video-preview:-1"},"canonical":"https:\/\/www.dionlux.md\/ro\/about-us\/","og_locale":"ro_RO","og_type":"article","og_title":"About Us","og_url":"https:\/\/www.dionlux.md\/ro\/about-us\/","og_site_name":"DionLux - Incalzire Eficienta","article_publisher":"https:\/\/www.facebook.com\/people\/Dionlux-SMART-Solutions\/100088369964479\/","article_modified_time":"2023-02-17T11:27:53+00:00","og_image":[{"url":"https:\/\/www.dionlux.md\/wp-content\/uploads\/2023\/02\/After-Waves-2-scaled-1-1024x576.jpg"}],"twitter_card":"summary_large_image","twitter_misc":{"Timp estimat pentru citire":"6 minute"},"schema":{"@context":"https:\/\/schema.org","@graph":[{"@type":"WebPage","@id":"https:\/\/www.dionlux.md\/about-us\/","url":"https:\/\/www.dionlux.md\/about-us\/","name":"About Us - DionLux - Incalzire Eficienta","isPartOf":{"@id":"https:\/\/www.dionlux.md\/ro\/#website"},"datePublished":"2023-01-22T15:47:20+00:00","dateModified":"2023-02-17T11:27:53+00:00","breadcrumb":{"@id":"https:\/\/www.dionlux.md\/about-us\/#breadcrumb"},"inLanguage":"ro-RO","potentialAction":[{"@type":"ReadAction","target":["https:\/\/www.dionlux.md\/about-us\/"]}]},{"@type":"BreadcrumbList","@id":"https:\/\/www.dionlux.md\/about-us\/#breadcrumb","itemListElement":[{"@type":"ListItem","position":1,"name":"Home","item":"https:\/\/www.dionlux.md\/ro\/"},{"@type":"ListItem","position":2,"name":"About Us"}]},{"@type":"WebSite","@id":"https:\/\/www.dionlux.md\/ro\/#website","url":"https:\/\/www.dionlux.md\/ro\/","name":"DionLux - Incalzire Eficienta","description":"AVEM TOTUL PENTRU CALDUR\u0102 \u0218I EFICIEN\u021aA EI...","publisher":{"@id":"https:\/\/www.dionlux.md\/ro\/#organization"},"potentialAction":[{"@type":"SearchAction","target":{"@type":"EntryPoint","urlTemplate":"https:\/\/www.dionlux.md\/ro\/?s={search_term_string}"},"query-input":"required name=search_term_string"}],"inLanguage":"ro-RO"},{"@type":"Organization","@id":"https:\/\/www.dionlux.md\/ro\/#organization","name":"DionLux - Incalzire Eficienta","url":"https:\/\/www.dionlux.md\/ro\/","logo":{"@type":"ImageObject","inLanguage":"ro-RO","@id":"https:\/\/www.dionlux.md\/ro\/#\/schema\/logo\/image\/","url":"https:\/\/www.dionlux.md\/wp-content\/uploads\/2023\/01\/logo1.png","contentUrl":"https:\/\/www.dionlux.md\/wp-content\/uploads\/2023\/01\/logo1.png","width":797,"height":255,"caption":"DionLux - Incalzire Eficienta"},"image":{"@id":"https:\/\/www.dionlux.md\/ro\/#\/schema\/logo\/image\/"},"sameAs":["https:\/\/www.facebook.com\/people\/Dionlux-SMART-Solutions\/100088369964479\/"]}]}},"_links":{"self":[{"href":"https:\/\/www.dionlux.md\/ro\/wp-json\/wp\/v2\/pages\/82","targetHints":{"allow":["GET"]}}],"collection":[{"href":"https:\/\/www.dionlux.md\/ro\/wp-json\/wp\/v2\/pages"}],"about":[{"href":"https:\/\/www.dionlux.md\/ro\/wp-json\/wp\/v2\/types\/page"}],"author":[{"embeddable":true,"href":"https:\/\/www.dionlux.md\/ro\/wp-json\/wp\/v2\/users\/1"}],"replies":[{"embeddable":true,"href":"https:\/\/www.dionlux.md\/ro\/wp-json\/wp\/v2\/comments?post=82"}],"version-history":[{"count":73,"href":"https:\/\/www.dionlux.md\/ro\/wp-json\/wp\/v2\/pages\/82\/revisions"}],"predecessor-version":[{"id":990,"href":"https:\/\/www.dionlux.md\/ro\/wp-json\/wp\/v2\/pages\/82\/revisions\/990"}],"wp:attachment":[{"href":"https:\/\/www.dionlux.md\/ro\/wp-json\/wp\/v2\/media?parent=82"}],"curies":[{"name":"wp","href":"https:\/\/api.w.org\/{rel}","templated":true}]}}