{"id":689,"date":"2023-02-15T14:39:03","date_gmt":"2023-02-15T12:39:03","guid":{"rendered":"https:\/\/www.dionlux.md\/?post_type=product&#038;p=689"},"modified":"2023-02-15T14:39:03","modified_gmt":"2023-02-15T12:39:03","slug":"panou-incalzitor-alb-nxt-gen-cu-telecomanda-900w","status":"publish","type":"product","link":"https:\/\/www.dionlux.md\/en\/product\/panou-incalzitor-alb-nxt-gen-cu-telecomanda-900w\/","title":{"rendered":"Panou \u00cenc\u0103lzitor Alb NXT Gen cu Telecomand\u0103 900W"},"content":{"rendered":"<p>Panourile noastre NXT Gen sunt una dintre cele mai adaptabile game de p\u00e2n\u0103 acum. Potrivite at\u00e2t<br \/>\npentru instala\u021biile casnice, c\u00e2t \u0219i pentru cele comerciale, func\u021biile de \u00eenc\u0103lzire inteligente \u0219i de la<br \/>\ndistan\u021b\u0103 incluse (inclusiv detectarea ferestrelor deschise \u0219i modurile de pornire adaptiv\u0103) v\u0103 ajut\u0103 s\u0103<br \/>\neconomisi\u021bi bani f\u0103r\u0103 a compromite confortul. Disponibil \u00een alb simplu, acestea pot fi montate f\u0103r\u0103<br \/>\nefort pe pere\u021bi sau pe tavan.<\/p>","protected":false},"excerpt":{"rendered":"<p>Panourile noastre NXT Gen sunt una dintre cele mai adaptabile game de p\u00e2n\u0103 acum. Potrivite at\u00e2t pentru instala\u021biile casnice, c\u00e2t<\/p>","protected":false},"featured_media":184,"comment_status":"open","ping_status":"closed","template":"","meta":[],"product_cat":[22],"product_tag":[116],"class_list":["post-689","product","type-product","status-publish","has-post-thumbnail","hentry","product_cat-nxt-gen-albe","product_tag-dl-nxt-80120"],"yoast_head":"<!-- This site is optimized with the Yoast SEO Premium plugin v20.13 (Yoast SEO v20.13) - https:\/\/yoast.com\/wordpress\/plugins\/seo\/ -->\n<title>Panou \u00cenc\u0103lzitor Alb NXT Gen cu Telecomand\u0103 900W - DionLux - Incalzire Eficienta<\/title>\n<meta name=\"robots\" content=\"index, follow, max-snippet:-1, max-image-preview:large, max-video-preview:-1\" \/>\n<link rel=\"canonical\" href=\"https:\/\/www.dionlux.md\/en\/product\/panou-incalzitor-alb-nxt-gen-cu-telecomanda-900w\/\" \/>\n<meta property=\"og:locale\" content=\"en_US\" \/>\n<meta property=\"og:type\" content=\"article\" \/>\n<meta property=\"og:title\" content=\"Panou \u00cenc\u0103lzitor Alb NXT Gen cu Telecomand\u0103 900W\" \/>\n<meta property=\"og:description\" content=\"Panourile noastre NXT Gen sunt una dintre cele mai adaptabile game de p\u00e2n\u0103 acum. Potrivite at\u00e2t pentru instala\u021biile casnice, c\u00e2t\" \/>\n<meta property=\"og:url\" content=\"https:\/\/www.dionlux.md\/en\/product\/panou-incalzitor-alb-nxt-gen-cu-telecomanda-900w\/\" \/>\n<meta property=\"og:site_name\" content=\"DionLux - Incalzire Eficienta\" \/>\n<meta property=\"article:publisher\" content=\"https:\/\/www.facebook.com\/people\/Dionlux-SMART-Solutions\/100088369964479\/\" \/>\n<meta property=\"og:image\" content=\"https:\/\/www.dionlux.md\/wp-content\/uploads\/2023\/01\/nxtgen_580w_1.jpg\" \/>\n\t<meta property=\"og:image:width\" content=\"1200\" \/>\n\t<meta property=\"og:image:height\" content=\"1200\" \/>\n\t<meta property=\"og:image:type\" content=\"image\/jpeg\" \/>\n<meta name=\"twitter:card\" content=\"summary_large_image\" \/>\n<meta name=\"twitter:label1\" content=\"Price\" \/>\n\t<meta name=\"twitter:data1\" content=\"\" \/>\n\t<meta name=\"twitter:label2\" content=\"Availability\" \/>\n\t<meta name=\"twitter:data2\" content=\"On backorder\" \/>\n<script type=\"application\/ld+json\" class=\"yoast-schema-graph\">{\"@context\":\"https:\/\/schema.org\",\"@graph\":[{\"@type\":\"WebPage\",\"@id\":\"https:\/\/www.dionlux.md\/product\/panou-incalzitor-alb-nxt-gen-cu-telecomanda-900w\/\",\"url\":\"https:\/\/www.dionlux.md\/product\/panou-incalzitor-alb-nxt-gen-cu-telecomanda-900w\/\",\"name\":\"Panou \u00cenc\u0103lzitor Alb NXT Gen cu Telecomand\u0103 900W - DionLux - Incalzire Eficienta\",\"isPartOf\":{\"@id\":\"https:\/\/www.dionlux.md\/ro\/#website\"},\"datePublished\":\"2023-02-15T12:39:03+00:00\",\"dateModified\":\"2023-02-15T12:39:03+00:00\",\"breadcrumb\":{\"@id\":\"https:\/\/www.dionlux.md\/product\/panou-incalzitor-alb-nxt-gen-cu-telecomanda-900w\/#breadcrumb\"},\"inLanguage\":\"en-US\",\"potentialAction\":[{\"@type\":\"ReadAction\",\"target\":[\"https:\/\/www.dionlux.md\/product\/panou-incalzitor-alb-nxt-gen-cu-telecomanda-900w\/\"]}]},{\"@type\":\"BreadcrumbList\",\"@id\":\"https:\/\/www.dionlux.md\/product\/panou-incalzitor-alb-nxt-gen-cu-telecomanda-900w\/#breadcrumb\",\"itemListElement\":[{\"@type\":\"ListItem\",\"position\":1,\"name\":\"Home\",\"item\":\"https:\/\/www.dionlux.md\/ro\/\"},{\"@type\":\"ListItem\",\"position\":2,\"name\":\"Magazin\",\"item\":\"https:\/\/www.dionlux.md\/ro\/shop\/\"},{\"@type\":\"ListItem\",\"position\":3,\"name\":\"Panou \u00cenc\u0103lzitor Alb NXT Gen cu Telecomand\u0103 900W\"}]},{\"@type\":\"WebSite\",\"@id\":\"https:\/\/www.dionlux.md\/ro\/#website\",\"url\":\"https:\/\/www.dionlux.md\/ro\/\",\"name\":\"DionLux - Incalzire Eficienta\",\"description\":\"AVEM TOTUL PENTRU CALDUR\u0102 \u0218I EFICIEN\u021aA EI...\",\"publisher\":{\"@id\":\"https:\/\/www.dionlux.md\/ro\/#organization\"},\"potentialAction\":[{\"@type\":\"SearchAction\",\"target\":{\"@type\":\"EntryPoint\",\"urlTemplate\":\"https:\/\/www.dionlux.md\/ro\/?s={search_term_string}\"},\"query-input\":\"required name=search_term_string\"}],\"inLanguage\":\"en-US\"},{\"@type\":\"Organization\",\"@id\":\"https:\/\/www.dionlux.md\/ro\/#organization\",\"name\":\"DionLux - Incalzire Eficienta\",\"url\":\"https:\/\/www.dionlux.md\/ro\/\",\"logo\":{\"@type\":\"ImageObject\",\"inLanguage\":\"en-US\",\"@id\":\"https:\/\/www.dionlux.md\/ro\/#\/schema\/logo\/image\/\",\"url\":\"https:\/\/www.dionlux.md\/wp-content\/uploads\/2023\/01\/logo1.png\",\"contentUrl\":\"https:\/\/www.dionlux.md\/wp-content\/uploads\/2023\/01\/logo1.png\",\"width\":797,\"height\":255,\"caption\":\"DionLux - Incalzire Eficienta\"},\"image\":{\"@id\":\"https:\/\/www.dionlux.md\/ro\/#\/schema\/logo\/image\/\"},\"sameAs\":[\"https:\/\/www.facebook.com\/people\/Dionlux-SMART-Solutions\/100088369964479\/\"]}]}<\/script>\n<meta property=\"product:price:amount\" content=\"0.00\" \/>\n<meta property=\"product:price:currency\" content=\"MDL\" \/>\n<meta property=\"og:availability\" content=\"backorder\" \/>\n<meta property=\"product:availability\" content=\"available for order\" \/>\n<meta property=\"product:condition\" content=\"new\" \/>\n<!-- \/ Yoast SEO Premium plugin. -->","yoast_head_json":{"title":"Panou \u00cenc\u0103lzitor Alb NXT Gen cu Telecomand\u0103 900W - DionLux - Incalzire Eficienta","robots":{"index":"index","follow":"follow","max-snippet":"max-snippet:-1","max-image-preview":"max-image-preview:large","max-video-preview":"max-video-preview:-1"},"canonical":"https:\/\/www.dionlux.md\/en\/product\/panou-incalzitor-alb-nxt-gen-cu-telecomanda-900w\/","og_locale":"en_US","og_type":"article","og_title":"Panou \u00cenc\u0103lzitor Alb NXT Gen cu Telecomand\u0103 900W","og_description":"Panourile noastre NXT Gen sunt una dintre cele mai adaptabile game de p\u00e2n\u0103 acum. Potrivite at\u00e2t pentru instala\u021biile casnice, c\u00e2t","og_url":"https:\/\/www.dionlux.md\/en\/product\/panou-incalzitor-alb-nxt-gen-cu-telecomanda-900w\/","og_site_name":"DionLux - Incalzire Eficienta","article_publisher":"https:\/\/www.facebook.com\/people\/Dionlux-SMART-Solutions\/100088369964479\/","og_image":[{"width":1200,"height":1200,"url":"https:\/\/www.dionlux.md\/wp-content\/uploads\/2023\/01\/nxtgen_580w_1.jpg","type":"image\/jpeg"}],"twitter_card":"summary_large_image","twitter_misc":{"Price":"","Availability":"On backorder"},"schema":{"@context":"https:\/\/schema.org","@graph":[{"@type":"WebPage","@id":"https:\/\/www.dionlux.md\/product\/panou-incalzitor-alb-nxt-gen-cu-telecomanda-900w\/","url":"https:\/\/www.dionlux.md\/product\/panou-incalzitor-alb-nxt-gen-cu-telecomanda-900w\/","name":"Panou \u00cenc\u0103lzitor Alb NXT Gen cu Telecomand\u0103 900W - DionLux - Incalzire Eficienta","isPartOf":{"@id":"https:\/\/www.dionlux.md\/ro\/#website"},"datePublished":"2023-02-15T12:39:03+00:00","dateModified":"2023-02-15T12:39:03+00:00","breadcrumb":{"@id":"https:\/\/www.dionlux.md\/product\/panou-incalzitor-alb-nxt-gen-cu-telecomanda-900w\/#breadcrumb"},"inLanguage":"en-US","potentialAction":[{"@type":"ReadAction","target":["https:\/\/www.dionlux.md\/product\/panou-incalzitor-alb-nxt-gen-cu-telecomanda-900w\/"]}]},{"@type":"BreadcrumbList","@id":"https:\/\/www.dionlux.md\/product\/panou-incalzitor-alb-nxt-gen-cu-telecomanda-900w\/#breadcrumb","itemListElement":[{"@type":"ListItem","position":1,"name":"Home","item":"https:\/\/www.dionlux.md\/ro\/"},{"@type":"ListItem","position":2,"name":"Magazin","item":"https:\/\/www.dionlux.md\/ro\/shop\/"},{"@type":"ListItem","position":3,"name":"Panou \u00cenc\u0103lzitor Alb NXT Gen cu Telecomand\u0103 900W"}]},{"@type":"WebSite","@id":"https:\/\/www.dionlux.md\/ro\/#website","url":"https:\/\/www.dionlux.md\/ro\/","name":"DionLux - Incalzire Eficienta","description":"AVEM TOTUL PENTRU CALDUR\u0102 \u0218I EFICIEN\u021aA EI...","publisher":{"@id":"https:\/\/www.dionlux.md\/ro\/#organization"},"potentialAction":[{"@type":"SearchAction","target":{"@type":"EntryPoint","urlTemplate":"https:\/\/www.dionlux.md\/ro\/?s={search_term_string}"},"query-input":"required name=search_term_string"}],"inLanguage":"en-US"},{"@type":"Organization","@id":"https:\/\/www.dionlux.md\/ro\/#organization","name":"DionLux - Incalzire Eficienta","url":"https:\/\/www.dionlux.md\/ro\/","logo":{"@type":"ImageObject","inLanguage":"en-US","@id":"https:\/\/www.dionlux.md\/ro\/#\/schema\/logo\/image\/","url":"https:\/\/www.dionlux.md\/wp-content\/uploads\/2023\/01\/logo1.png","contentUrl":"https:\/\/www.dionlux.md\/wp-content\/uploads\/2023\/01\/logo1.png","width":797,"height":255,"caption":"DionLux - Incalzire Eficienta"},"image":{"@id":"https:\/\/www.dionlux.md\/ro\/#\/schema\/logo\/image\/"},"sameAs":["https:\/\/www.facebook.com\/people\/Dionlux-SMART-Solutions\/100088369964479\/"]}]},"product_price_amount":"0.00","product_price_currency":"MDL","og_availability":"backorder","product_availability":"available for order","product_condition":"new"},"_links":{"self":[{"href":"https:\/\/www.dionlux.md\/en\/wp-json\/wp\/v2\/product\/689","targetHints":{"allow":["GET"]}}],"collection":[{"href":"https:\/\/www.dionlux.md\/en\/wp-json\/wp\/v2\/product"}],"about":[{"href":"https:\/\/www.dionlux.md\/en\/wp-json\/wp\/v2\/types\/product"}],"replies":[{"embeddable":true,"href":"https:\/\/www.dionlux.md\/en\/wp-json\/wp\/v2\/comments?post=689"}],"wp:featuredmedia":[{"embeddable":true,"href":"https:\/\/www.dionlux.md\/en\/wp-json\/wp\/v2\/media\/184"}],"wp:attachment":[{"href":"https:\/\/www.dionlux.md\/en\/wp-json\/wp\/v2\/media?parent=689"}],"wp:term":[{"taxonomy":"product_cat","embeddable":true,"href":"https:\/\/www.dionlux.md\/en\/wp-json\/wp\/v2\/product_cat?post=689"},{"taxonomy":"product_tag","embeddable":true,"href":"https:\/\/www.dionlux.md\/en\/wp-json\/wp\/v2\/product_tag?post=689"}],"curies":[{"name":"wp","href":"https:\/\/api.w.org\/{rel}","templated":true}]}}