{"id":28,"date":"2023-01-22T15:55:03","date_gmt":"2023-01-22T13:55:03","guid":{"rendered":"https:\/\/test.dionlux.md\/?post_type=product&#038;p=28"},"modified":"2026-02-25T13:32:06","modified_gmt":"2026-02-25T11:32:06","slug":"bara-incalzitor-aurora-wi-fi-cu-smart-control-1200w","status":"publish","type":"product","link":"https:\/\/www.dionlux.md\/en\/product\/bara-incalzitor-aurora-wi-fi-cu-smart-control-1200w\/","title":{"rendered":"Bar\u0103 \u00cenc\u0103lzitor Aurora Wi-Fi cu Smart control 1200W"},"content":{"rendered":"<p>Folosind tehnologia Near Infrared, bare \u00eenc\u0103lzitoare Aurora sunt disponibile cu sau f\u0103r\u0103 telecomand\u0103.<br \/>\nConstruite cu fibr\u0103 de carbon \u0219i aluminiu robust, acestea sunt o op\u021biune excelent\u0103 pentru mediile \u00een<br \/>\naer liber pentru spa\u021bii mai mari de \u00eenc\u0103lzit. Avansate din punct de vedere tehnologic, ei au \u0219i<br \/>\nop\u021biunea Wi-Fi pentru conectarea la smartfon.<\/p>","protected":false},"excerpt":{"rendered":"<p>Folosind tehnologia Near Infrared, bare \u00eenc\u0103lzitoare Aurora sunt disponibile cu sau f\u0103r\u0103 telecomand\u0103. Construite cu fibr\u0103 de carbon \u0219i aluminiu<\/p>","protected":false},"featured_media":159,"comment_status":"open","ping_status":"closed","template":"","meta":[],"product_cat":[27],"product_tag":[62],"class_list":["post-28","product","type-product","status-publish","has-post-thumbnail","hentry","product_cat-aurora","product_tag-dl-aurrem-12w"],"yoast_head":"<!-- This site is optimized with the Yoast SEO Premium plugin v20.13 (Yoast SEO v20.13) - https:\/\/yoast.com\/wordpress\/plugins\/seo\/ -->\n<title>Bar\u0103 \u00cenc\u0103lzitor Aurora Wi-Fi cu Smart control 1200W - DionLux - Incalzire Eficienta<\/title>\n<meta name=\"robots\" content=\"index, follow, max-snippet:-1, max-image-preview:large, max-video-preview:-1\" \/>\n<link rel=\"canonical\" href=\"https:\/\/www.dionlux.md\/en\/product\/bara-incalzitor-aurora-wi-fi-cu-smart-control-1200w\/\" \/>\n<meta property=\"og:locale\" content=\"en_US\" \/>\n<meta property=\"og:type\" content=\"article\" \/>\n<meta property=\"og:title\" content=\"Bar\u0103 \u00cenc\u0103lzitor Aurora Wi-Fi cu Smart control 1200W\" \/>\n<meta property=\"og:description\" content=\"Folosind tehnologia Near Infrared, bare \u00eenc\u0103lzitoare Aurora sunt disponibile cu sau f\u0103r\u0103 telecomand\u0103. Construite cu fibr\u0103 de carbon \u0219i aluminiu\" \/>\n<meta property=\"og:url\" content=\"https:\/\/www.dionlux.md\/en\/product\/bara-incalzitor-aurora-wi-fi-cu-smart-control-1200w\/\" \/>\n<meta property=\"og:site_name\" content=\"DionLux - Incalzire Eficienta\" \/>\n<meta property=\"article:publisher\" content=\"https:\/\/www.facebook.com\/people\/Dionlux-SMART-Solutions\/100088369964479\/\" \/>\n<meta property=\"article:modified_time\" content=\"2026-02-25T11:32:06+00:00\" \/>\n<meta property=\"og:image\" content=\"https:\/\/www.dionlux.md\/wp-content\/uploads\/2023\/01\/12J_1.jpg\" \/>\n\t<meta property=\"og:image:width\" content=\"1000\" \/>\n\t<meta property=\"og:image:height\" content=\"1000\" \/>\n\t<meta property=\"og:image:type\" content=\"image\/jpeg\" \/>\n<meta name=\"twitter:card\" content=\"summary_large_image\" \/>\n<meta name=\"twitter:label1\" content=\"Price\" \/>\n\t<meta name=\"twitter:data1\" content=\"5.799,00&nbsp;MDL\" \/>\n\t<meta name=\"twitter:label2\" content=\"Availability\" \/>\n\t<meta name=\"twitter:data2\" content=\"In stock\" \/>\n<script type=\"application\/ld+json\" class=\"yoast-schema-graph\">{\"@context\":\"https:\/\/schema.org\",\"@graph\":[{\"@type\":\"WebPage\",\"@id\":\"https:\/\/www.dionlux.md\/product\/bara-incalzitor-aurora-wi-fi-cu-smart-control-1200w\/\",\"url\":\"https:\/\/www.dionlux.md\/product\/bara-incalzitor-aurora-wi-fi-cu-smart-control-1200w\/\",\"name\":\"Bar\u0103 \u00cenc\u0103lzitor Aurora Wi-Fi cu Smart control 1200W - DionLux - Incalzire Eficienta\",\"isPartOf\":{\"@id\":\"https:\/\/www.dionlux.md\/ro\/#website\"},\"datePublished\":\"2023-01-22T13:55:03+00:00\",\"dateModified\":\"2026-02-25T11:32:06+00:00\",\"breadcrumb\":{\"@id\":\"https:\/\/www.dionlux.md\/product\/bara-incalzitor-aurora-wi-fi-cu-smart-control-1200w\/#breadcrumb\"},\"inLanguage\":\"en-US\",\"potentialAction\":[{\"@type\":\"ReadAction\",\"target\":[\"https:\/\/www.dionlux.md\/product\/bara-incalzitor-aurora-wi-fi-cu-smart-control-1200w\/\"]}]},{\"@type\":\"BreadcrumbList\",\"@id\":\"https:\/\/www.dionlux.md\/product\/bara-incalzitor-aurora-wi-fi-cu-smart-control-1200w\/#breadcrumb\",\"itemListElement\":[{\"@type\":\"ListItem\",\"position\":1,\"name\":\"Home\",\"item\":\"https:\/\/www.dionlux.md\/ro\/\"},{\"@type\":\"ListItem\",\"position\":2,\"name\":\"Magazin\",\"item\":\"https:\/\/www.dionlux.md\/ro\/shop\/\"},{\"@type\":\"ListItem\",\"position\":3,\"name\":\"Bar\u0103 \u00cenc\u0103lzitor Aurora Wi-Fi cu Smart control 1200W\"}]},{\"@type\":\"WebSite\",\"@id\":\"https:\/\/www.dionlux.md\/ro\/#website\",\"url\":\"https:\/\/www.dionlux.md\/ro\/\",\"name\":\"DionLux - Incalzire Eficienta\",\"description\":\"AVEM TOTUL PENTRU CALDUR\u0102 \u0218I EFICIEN\u021aA EI...\",\"publisher\":{\"@id\":\"https:\/\/www.dionlux.md\/ro\/#organization\"},\"potentialAction\":[{\"@type\":\"SearchAction\",\"target\":{\"@type\":\"EntryPoint\",\"urlTemplate\":\"https:\/\/www.dionlux.md\/ro\/?s={search_term_string}\"},\"query-input\":\"required name=search_term_string\"}],\"inLanguage\":\"en-US\"},{\"@type\":\"Organization\",\"@id\":\"https:\/\/www.dionlux.md\/ro\/#organization\",\"name\":\"DionLux - Incalzire Eficienta\",\"url\":\"https:\/\/www.dionlux.md\/ro\/\",\"logo\":{\"@type\":\"ImageObject\",\"inLanguage\":\"en-US\",\"@id\":\"https:\/\/www.dionlux.md\/ro\/#\/schema\/logo\/image\/\",\"url\":\"https:\/\/www.dionlux.md\/wp-content\/uploads\/2023\/01\/logo1.png\",\"contentUrl\":\"https:\/\/www.dionlux.md\/wp-content\/uploads\/2023\/01\/logo1.png\",\"width\":797,\"height\":255,\"caption\":\"DionLux - Incalzire Eficienta\"},\"image\":{\"@id\":\"https:\/\/www.dionlux.md\/ro\/#\/schema\/logo\/image\/\"},\"sameAs\":[\"https:\/\/www.facebook.com\/people\/Dionlux-SMART-Solutions\/100088369964479\/\"]}]}<\/script>\n<meta property=\"product:price:amount\" content=\"5799.00\" \/>\n<meta property=\"product:price:currency\" content=\"MDL\" \/>\n<meta property=\"og:availability\" content=\"instock\" \/>\n<meta property=\"product:availability\" content=\"instock\" \/>\n<meta property=\"product:condition\" content=\"new\" \/>\n<!-- \/ Yoast SEO Premium plugin. -->","yoast_head_json":{"title":"Bar\u0103 \u00cenc\u0103lzitor Aurora Wi-Fi cu Smart control 1200W - DionLux - Incalzire Eficienta","robots":{"index":"index","follow":"follow","max-snippet":"max-snippet:-1","max-image-preview":"max-image-preview:large","max-video-preview":"max-video-preview:-1"},"canonical":"https:\/\/www.dionlux.md\/en\/product\/bara-incalzitor-aurora-wi-fi-cu-smart-control-1200w\/","og_locale":"en_US","og_type":"article","og_title":"Bar\u0103 \u00cenc\u0103lzitor Aurora Wi-Fi cu Smart control 1200W","og_description":"Folosind tehnologia Near Infrared, bare \u00eenc\u0103lzitoare Aurora sunt disponibile cu sau f\u0103r\u0103 telecomand\u0103. Construite cu fibr\u0103 de carbon \u0219i aluminiu","og_url":"https:\/\/www.dionlux.md\/en\/product\/bara-incalzitor-aurora-wi-fi-cu-smart-control-1200w\/","og_site_name":"DionLux - Incalzire Eficienta","article_publisher":"https:\/\/www.facebook.com\/people\/Dionlux-SMART-Solutions\/100088369964479\/","article_modified_time":"2026-02-25T11:32:06+00:00","og_image":[{"width":1000,"height":1000,"url":"https:\/\/www.dionlux.md\/wp-content\/uploads\/2023\/01\/12J_1.jpg","type":"image\/jpeg"}],"twitter_card":"summary_large_image","twitter_misc":{"Price":"5.799,00&nbsp;MDL","Availability":"In stock"},"schema":{"@context":"https:\/\/schema.org","@graph":[{"@type":"WebPage","@id":"https:\/\/www.dionlux.md\/product\/bara-incalzitor-aurora-wi-fi-cu-smart-control-1200w\/","url":"https:\/\/www.dionlux.md\/product\/bara-incalzitor-aurora-wi-fi-cu-smart-control-1200w\/","name":"Bar\u0103 \u00cenc\u0103lzitor Aurora Wi-Fi cu Smart control 1200W - DionLux - Incalzire Eficienta","isPartOf":{"@id":"https:\/\/www.dionlux.md\/ro\/#website"},"datePublished":"2023-01-22T13:55:03+00:00","dateModified":"2026-02-25T11:32:06+00:00","breadcrumb":{"@id":"https:\/\/www.dionlux.md\/product\/bara-incalzitor-aurora-wi-fi-cu-smart-control-1200w\/#breadcrumb"},"inLanguage":"en-US","potentialAction":[{"@type":"ReadAction","target":["https:\/\/www.dionlux.md\/product\/bara-incalzitor-aurora-wi-fi-cu-smart-control-1200w\/"]}]},{"@type":"BreadcrumbList","@id":"https:\/\/www.dionlux.md\/product\/bara-incalzitor-aurora-wi-fi-cu-smart-control-1200w\/#breadcrumb","itemListElement":[{"@type":"ListItem","position":1,"name":"Home","item":"https:\/\/www.dionlux.md\/ro\/"},{"@type":"ListItem","position":2,"name":"Magazin","item":"https:\/\/www.dionlux.md\/ro\/shop\/"},{"@type":"ListItem","position":3,"name":"Bar\u0103 \u00cenc\u0103lzitor Aurora Wi-Fi cu Smart control 1200W"}]},{"@type":"WebSite","@id":"https:\/\/www.dionlux.md\/ro\/#website","url":"https:\/\/www.dionlux.md\/ro\/","name":"DionLux - Incalzire Eficienta","description":"AVEM TOTUL PENTRU CALDUR\u0102 \u0218I EFICIEN\u021aA EI...","publisher":{"@id":"https:\/\/www.dionlux.md\/ro\/#organization"},"potentialAction":[{"@type":"SearchAction","target":{"@type":"EntryPoint","urlTemplate":"https:\/\/www.dionlux.md\/ro\/?s={search_term_string}"},"query-input":"required name=search_term_string"}],"inLanguage":"en-US"},{"@type":"Organization","@id":"https:\/\/www.dionlux.md\/ro\/#organization","name":"DionLux - Incalzire Eficienta","url":"https:\/\/www.dionlux.md\/ro\/","logo":{"@type":"ImageObject","inLanguage":"en-US","@id":"https:\/\/www.dionlux.md\/ro\/#\/schema\/logo\/image\/","url":"https:\/\/www.dionlux.md\/wp-content\/uploads\/2023\/01\/logo1.png","contentUrl":"https:\/\/www.dionlux.md\/wp-content\/uploads\/2023\/01\/logo1.png","width":797,"height":255,"caption":"DionLux - Incalzire Eficienta"},"image":{"@id":"https:\/\/www.dionlux.md\/ro\/#\/schema\/logo\/image\/"},"sameAs":["https:\/\/www.facebook.com\/people\/Dionlux-SMART-Solutions\/100088369964479\/"]}]},"product_price_amount":"5799.00","product_price_currency":"MDL","og_availability":"instock","product_availability":"instock","product_condition":"new"},"_links":{"self":[{"href":"https:\/\/www.dionlux.md\/en\/wp-json\/wp\/v2\/product\/28","targetHints":{"allow":["GET"]}}],"collection":[{"href":"https:\/\/www.dionlux.md\/en\/wp-json\/wp\/v2\/product"}],"about":[{"href":"https:\/\/www.dionlux.md\/en\/wp-json\/wp\/v2\/types\/product"}],"replies":[{"embeddable":true,"href":"https:\/\/www.dionlux.md\/en\/wp-json\/wp\/v2\/comments?post=28"}],"wp:featuredmedia":[{"embeddable":true,"href":"https:\/\/www.dionlux.md\/en\/wp-json\/wp\/v2\/media\/159"}],"wp:attachment":[{"href":"https:\/\/www.dionlux.md\/en\/wp-json\/wp\/v2\/media?parent=28"}],"wp:term":[{"taxonomy":"product_cat","embeddable":true,"href":"https:\/\/www.dionlux.md\/en\/wp-json\/wp\/v2\/product_cat?post=28"},{"taxonomy":"product_tag","embeddable":true,"href":"https:\/\/www.dionlux.md\/en\/wp-json\/wp\/v2\/product_tag?post=28"}],"curies":[{"name":"wp","href":"https:\/\/api.w.org\/{rel}","templated":true}]}}