{"id":21,"date":"2023-01-22T15:55:02","date_gmt":"2023-01-22T13:55:02","guid":{"rendered":"https:\/\/test.dionlux.md\/?post_type=product&#038;p=21"},"modified":"2023-02-09T10:47:53","modified_gmt":"2023-02-09T08:47:53","slug":"suport-pentru-panou-de-incalzire","status":"publish","type":"product","link":"https:\/\/www.dionlux.md\/en\/product\/suport-pentru-panou-de-incalzire\/","title":{"rendered":"Suport pentru Panou de \u00cenc\u0103lzire"},"content":{"rendered":"<p><strong>Re\u021bine\u021bi c\u0103 dimensiunea maxim\u0103 a panoului pe care o poate suporta un singur suport pentru panou este de 700 W. Pentru panouri mai mari, v\u0103 recomand\u0103m s\u0103 comanda\u021bi dou\u0103 perechi pentru mai mult\u0103 stabilitate.<\/strong><\/p>\n<p>A\u0219eza\u021bi noile voastre \u00eenc\u0103lzitoare cu panouri pe vertical\u0103, cu un efort minim datorit\u0103 suportului pentru panouri cu infraro\u0219u. Dispun\u00e2nd de 2 picioare separate care pot fi prinse pe suprafe\u021bele din fa\u021b\u0103 \u0219i din spate, pute\u021bi localiza suporturile oriunde ave\u021bi nevoie.<\/p>\n<p>Ave\u021bi, de asemenea, posibilitatea de a alege \u00een ce finisaj dori\u021bi s\u0103 ave\u021bi panoul. Cu finisaje disponibile de Negru, Alb \u0219i Crom Periat, suporturile noastre pentru panouri de \u00eenc\u0103lzire se potrivesc cu oricare dintre panourile noastre IR albe. Unele dintre aceste finisaje merg bine \u0219i cu gama noastr\u0103 de panouri Image IR.<\/p>\n<p>Prin urmare, acest suport este excelent \u00eentr-o gam\u0103 larg\u0103 de locuri, cum ar fi camera de zi sau chiar sub birou.<\/p>","protected":false},"excerpt":{"rendered":"<p>Re\u021bine\u021bi c\u0103 dimensiunea maxim\u0103 a panoului pe care o poate suporta un singur suport pentru panou este de 700 W.<\/p>","protected":false},"featured_media":211,"comment_status":"open","ping_status":"closed","template":"","meta":[],"product_cat":[32],"product_tag":[65],"class_list":["post-21","product","type-product","status-publish","has-post-thumbnail","hentry","product_cat-accesorii","product_tag-dl-acc-ips-w"],"yoast_head":"<!-- This site is optimized with the Yoast SEO Premium plugin v20.13 (Yoast SEO v20.13) - https:\/\/yoast.com\/wordpress\/plugins\/seo\/ -->\n<title>Suport pentru Panou de \u00cenc\u0103lzire - DionLux - Incalzire Eficienta<\/title>\n<meta name=\"robots\" content=\"index, follow, max-snippet:-1, max-image-preview:large, max-video-preview:-1\" \/>\n<link rel=\"canonical\" href=\"https:\/\/www.dionlux.md\/en\/product\/suport-pentru-panou-de-incalzire\/\" \/>\n<meta property=\"og:locale\" content=\"en_US\" \/>\n<meta property=\"og:type\" content=\"article\" \/>\n<meta property=\"og:title\" content=\"Suport pentru Panou de \u00cenc\u0103lzire\" \/>\n<meta property=\"og:description\" content=\"Re\u021bine\u021bi c\u0103 dimensiunea maxim\u0103 a panoului pe care o poate suporta un singur suport pentru panou este de 700 W.\" \/>\n<meta property=\"og:url\" content=\"https:\/\/www.dionlux.md\/en\/product\/suport-pentru-panou-de-incalzire\/\" \/>\n<meta property=\"og:site_name\" content=\"DionLux - Incalzire Eficienta\" \/>\n<meta property=\"article:publisher\" content=\"https:\/\/www.facebook.com\/people\/Dionlux-SMART-Solutions\/100088369964479\/\" \/>\n<meta property=\"article:modified_time\" content=\"2023-02-09T08:47:53+00:00\" \/>\n<meta property=\"og:image\" content=\"https:\/\/www.dionlux.md\/wp-content\/uploads\/2023\/01\/ips_-_white_1_1-scaled.jpg\" \/>\n\t<meta property=\"og:image:width\" content=\"2560\" \/>\n\t<meta property=\"og:image:height\" content=\"2409\" \/>\n\t<meta property=\"og:image:type\" content=\"image\/jpeg\" \/>\n<meta name=\"twitter:card\" content=\"summary_large_image\" \/>\n<meta name=\"twitter:label1\" content=\"Price\" \/>\n\t<meta name=\"twitter:data1\" content=\"549,00&nbsp;MDL\" \/>\n\t<meta name=\"twitter:label2\" content=\"Availability\" \/>\n\t<meta name=\"twitter:data2\" content=\"In stock\" \/>\n<script type=\"application\/ld+json\" class=\"yoast-schema-graph\">{\"@context\":\"https:\/\/schema.org\",\"@graph\":[{\"@type\":\"WebPage\",\"@id\":\"https:\/\/www.dionlux.md\/product\/suport-pentru-panou-de-incalzire\/\",\"url\":\"https:\/\/www.dionlux.md\/product\/suport-pentru-panou-de-incalzire\/\",\"name\":\"Suport pentru Panou de \u00cenc\u0103lzire - DionLux - Incalzire Eficienta\",\"isPartOf\":{\"@id\":\"https:\/\/www.dionlux.md\/ro\/#website\"},\"datePublished\":\"2023-01-22T13:55:02+00:00\",\"dateModified\":\"2023-02-09T08:47:53+00:00\",\"breadcrumb\":{\"@id\":\"https:\/\/www.dionlux.md\/product\/suport-pentru-panou-de-incalzire\/#breadcrumb\"},\"inLanguage\":\"en-US\",\"potentialAction\":[{\"@type\":\"ReadAction\",\"target\":[\"https:\/\/www.dionlux.md\/product\/suport-pentru-panou-de-incalzire\/\"]}]},{\"@type\":\"BreadcrumbList\",\"@id\":\"https:\/\/www.dionlux.md\/product\/suport-pentru-panou-de-incalzire\/#breadcrumb\",\"itemListElement\":[{\"@type\":\"ListItem\",\"position\":1,\"name\":\"Home\",\"item\":\"https:\/\/www.dionlux.md\/ro\/\"},{\"@type\":\"ListItem\",\"position\":2,\"name\":\"Magazin\",\"item\":\"https:\/\/www.dionlux.md\/ro\/shop\/\"},{\"@type\":\"ListItem\",\"position\":3,\"name\":\"Suport pentru Panou de \u00cenc\u0103lzire\"}]},{\"@type\":\"WebSite\",\"@id\":\"https:\/\/www.dionlux.md\/ro\/#website\",\"url\":\"https:\/\/www.dionlux.md\/ro\/\",\"name\":\"DionLux - Incalzire Eficienta\",\"description\":\"AVEM TOTUL PENTRU CALDUR\u0102 \u0218I EFICIEN\u021aA EI...\",\"publisher\":{\"@id\":\"https:\/\/www.dionlux.md\/ro\/#organization\"},\"potentialAction\":[{\"@type\":\"SearchAction\",\"target\":{\"@type\":\"EntryPoint\",\"urlTemplate\":\"https:\/\/www.dionlux.md\/ro\/?s={search_term_string}\"},\"query-input\":\"required name=search_term_string\"}],\"inLanguage\":\"en-US\"},{\"@type\":\"Organization\",\"@id\":\"https:\/\/www.dionlux.md\/ro\/#organization\",\"name\":\"DionLux - Incalzire Eficienta\",\"url\":\"https:\/\/www.dionlux.md\/ro\/\",\"logo\":{\"@type\":\"ImageObject\",\"inLanguage\":\"en-US\",\"@id\":\"https:\/\/www.dionlux.md\/ro\/#\/schema\/logo\/image\/\",\"url\":\"https:\/\/www.dionlux.md\/wp-content\/uploads\/2023\/01\/logo1.png\",\"contentUrl\":\"https:\/\/www.dionlux.md\/wp-content\/uploads\/2023\/01\/logo1.png\",\"width\":797,\"height\":255,\"caption\":\"DionLux - Incalzire Eficienta\"},\"image\":{\"@id\":\"https:\/\/www.dionlux.md\/ro\/#\/schema\/logo\/image\/\"},\"sameAs\":[\"https:\/\/www.facebook.com\/people\/Dionlux-SMART-Solutions\/100088369964479\/\"]}]}<\/script>\n<meta property=\"product:price:amount\" content=\"549.00\" \/>\n<meta property=\"product:price:currency\" content=\"MDL\" \/>\n<meta property=\"og:availability\" content=\"instock\" \/>\n<meta property=\"product:availability\" content=\"instock\" \/>\n<meta property=\"product:condition\" content=\"new\" \/>\n<!-- \/ Yoast SEO Premium plugin. -->","yoast_head_json":{"title":"Suport pentru Panou de \u00cenc\u0103lzire - DionLux - Incalzire Eficienta","robots":{"index":"index","follow":"follow","max-snippet":"max-snippet:-1","max-image-preview":"max-image-preview:large","max-video-preview":"max-video-preview:-1"},"canonical":"https:\/\/www.dionlux.md\/en\/product\/suport-pentru-panou-de-incalzire\/","og_locale":"en_US","og_type":"article","og_title":"Suport pentru Panou de \u00cenc\u0103lzire","og_description":"Re\u021bine\u021bi c\u0103 dimensiunea maxim\u0103 a panoului pe care o poate suporta un singur suport pentru panou este de 700 W.","og_url":"https:\/\/www.dionlux.md\/en\/product\/suport-pentru-panou-de-incalzire\/","og_site_name":"DionLux - Incalzire Eficienta","article_publisher":"https:\/\/www.facebook.com\/people\/Dionlux-SMART-Solutions\/100088369964479\/","article_modified_time":"2023-02-09T08:47:53+00:00","og_image":[{"width":2560,"height":2409,"url":"https:\/\/www.dionlux.md\/wp-content\/uploads\/2023\/01\/ips_-_white_1_1-scaled.jpg","type":"image\/jpeg"}],"twitter_card":"summary_large_image","twitter_misc":{"Price":"549,00&nbsp;MDL","Availability":"In stock"},"schema":{"@context":"https:\/\/schema.org","@graph":[{"@type":"WebPage","@id":"https:\/\/www.dionlux.md\/product\/suport-pentru-panou-de-incalzire\/","url":"https:\/\/www.dionlux.md\/product\/suport-pentru-panou-de-incalzire\/","name":"Suport pentru Panou de \u00cenc\u0103lzire - DionLux - Incalzire Eficienta","isPartOf":{"@id":"https:\/\/www.dionlux.md\/ro\/#website"},"datePublished":"2023-01-22T13:55:02+00:00","dateModified":"2023-02-09T08:47:53+00:00","breadcrumb":{"@id":"https:\/\/www.dionlux.md\/product\/suport-pentru-panou-de-incalzire\/#breadcrumb"},"inLanguage":"en-US","potentialAction":[{"@type":"ReadAction","target":["https:\/\/www.dionlux.md\/product\/suport-pentru-panou-de-incalzire\/"]}]},{"@type":"BreadcrumbList","@id":"https:\/\/www.dionlux.md\/product\/suport-pentru-panou-de-incalzire\/#breadcrumb","itemListElement":[{"@type":"ListItem","position":1,"name":"Home","item":"https:\/\/www.dionlux.md\/ro\/"},{"@type":"ListItem","position":2,"name":"Magazin","item":"https:\/\/www.dionlux.md\/ro\/shop\/"},{"@type":"ListItem","position":3,"name":"Suport pentru Panou de \u00cenc\u0103lzire"}]},{"@type":"WebSite","@id":"https:\/\/www.dionlux.md\/ro\/#website","url":"https:\/\/www.dionlux.md\/ro\/","name":"DionLux - Incalzire Eficienta","description":"AVEM TOTUL PENTRU CALDUR\u0102 \u0218I EFICIEN\u021aA EI...","publisher":{"@id":"https:\/\/www.dionlux.md\/ro\/#organization"},"potentialAction":[{"@type":"SearchAction","target":{"@type":"EntryPoint","urlTemplate":"https:\/\/www.dionlux.md\/ro\/?s={search_term_string}"},"query-input":"required name=search_term_string"}],"inLanguage":"en-US"},{"@type":"Organization","@id":"https:\/\/www.dionlux.md\/ro\/#organization","name":"DionLux - Incalzire Eficienta","url":"https:\/\/www.dionlux.md\/ro\/","logo":{"@type":"ImageObject","inLanguage":"en-US","@id":"https:\/\/www.dionlux.md\/ro\/#\/schema\/logo\/image\/","url":"https:\/\/www.dionlux.md\/wp-content\/uploads\/2023\/01\/logo1.png","contentUrl":"https:\/\/www.dionlux.md\/wp-content\/uploads\/2023\/01\/logo1.png","width":797,"height":255,"caption":"DionLux - Incalzire Eficienta"},"image":{"@id":"https:\/\/www.dionlux.md\/ro\/#\/schema\/logo\/image\/"},"sameAs":["https:\/\/www.facebook.com\/people\/Dionlux-SMART-Solutions\/100088369964479\/"]}]},"product_price_amount":"549.00","product_price_currency":"MDL","og_availability":"instock","product_availability":"instock","product_condition":"new"},"_links":{"self":[{"href":"https:\/\/www.dionlux.md\/en\/wp-json\/wp\/v2\/product\/21","targetHints":{"allow":["GET"]}}],"collection":[{"href":"https:\/\/www.dionlux.md\/en\/wp-json\/wp\/v2\/product"}],"about":[{"href":"https:\/\/www.dionlux.md\/en\/wp-json\/wp\/v2\/types\/product"}],"replies":[{"embeddable":true,"href":"https:\/\/www.dionlux.md\/en\/wp-json\/wp\/v2\/comments?post=21"}],"wp:featuredmedia":[{"embeddable":true,"href":"https:\/\/www.dionlux.md\/en\/wp-json\/wp\/v2\/media\/211"}],"wp:attachment":[{"href":"https:\/\/www.dionlux.md\/en\/wp-json\/wp\/v2\/media?parent=21"}],"wp:term":[{"taxonomy":"product_cat","embeddable":true,"href":"https:\/\/www.dionlux.md\/en\/wp-json\/wp\/v2\/product_cat?post=21"},{"taxonomy":"product_tag","embeddable":true,"href":"https:\/\/www.dionlux.md\/en\/wp-json\/wp\/v2\/product_tag?post=21"}],"curies":[{"name":"wp","href":"https:\/\/api.w.org\/{rel}","templated":true}]}}