{"id":1109,"date":"2023-03-01T19:35:25","date_gmt":"2023-03-01T17:35:25","guid":{"rendered":"https:\/\/www.dionlux.md\/?post_type=product&#038;p=1109"},"modified":"2026-04-12T04:43:02","modified_gmt":"2026-04-12T02:43:02","slug":"panou-incalzitor-cu-imagine-panda-rosu-900w","status":"publish","type":"product","link":"https:\/\/www.dionlux.md\/en\/product\/panou-incalzitor-cu-imagine-panda-rosu-900w\/","title":{"rendered":"Panou \u00cenc\u0103lzitor cu imagine Panda rosu 900W"},"content":{"rendered":"<p>Modernizarea sistemului de \u00eenc\u0103lzire a locuin\u021bei a devenit \u0219i mai u\u0219oar\u0103 \u0219i mai ieftin\u0103. Cu panoul dat cu imagine, ve\u021bi avea o \u00eenc\u0103lzire care arat\u0103 exact ca o p\u00e2nz\u0103 obi\u0219nuit\u0103 pe perete.<br \/>\nFolosind o putere de 900 W, acest \u00eenc\u0103lzitor va putea \u00eenc\u0103lzi o camer\u0103 de aproximativ 15-16 m\u00b2. Avand urm\u0103toarele dimensiuni 795 x 1195 mm \u0219i doar 22 mm \u00een ad\u00e2ncime, va fi ideal pentru un spa\u021biu mai mare, cum ar fi o camer\u0103 de zi, de exemplu.<\/p>\n<p>Panoul este construit din acoperire FIR de \u00eenalt\u0103 calitate, care arat\u0103 fantastic \u0219i este, de asemenea, robust si durabil. Poate atinge temperaturi de aproximativ 95\u02daC, ceea ce nu este cu mult mai mare dec\u00e2t un radiator conven\u021bional. Fiind totu\u0219i un \u00eenc\u0103lzitor, re\u021bine\u021bi c\u0103 suprafa\u021ba se va \u00eencinge &#8211; ajung\u00e2nd la temperaturi maxime de p\u00e2n\u0103 la 95\u00b0C. Cu toate acestea, deoarece disip\u0103 eficient c\u0103ldura produs\u0103, nu v\u0103 va arde la atingere.<\/p>","protected":false},"excerpt":{"rendered":"<p>Modernizarea sistemului de \u00eenc\u0103lzire a locuin\u021bei a devenit \u0219i mai u\u0219oar\u0103 \u0219i mai ieftin\u0103. Cu panoul dat cu imagine, ve\u021bi<\/p>","protected":false},"featured_media":1110,"comment_status":"open","ping_status":"closed","template":"","meta":[],"product_cat":[129],"product_tag":[139],"class_list":["post-1109","product","type-product","status-publish","has-post-thumbnail","hentry","product_cat-panouri-cu-imagine","product_tag-dl-ima-80120"],"yoast_head":"<!-- This site is optimized with the Yoast SEO Premium plugin v20.13 (Yoast SEO v20.13) - https:\/\/yoast.com\/wordpress\/plugins\/seo\/ -->\n<title>Panou \u00cenc\u0103lzitor cu imagine Panda rosu 900W - DionLux - Incalzire Eficienta<\/title>\n<meta name=\"robots\" content=\"index, follow, max-snippet:-1, max-image-preview:large, max-video-preview:-1\" \/>\n<link rel=\"canonical\" href=\"https:\/\/www.dionlux.md\/en\/product\/panou-incalzitor-cu-imagine-panda-rosu-900w\/\" \/>\n<meta property=\"og:locale\" content=\"en_US\" \/>\n<meta property=\"og:type\" content=\"article\" \/>\n<meta property=\"og:title\" content=\"Panou \u00cenc\u0103lzitor cu imagine Panda rosu 900W\" \/>\n<meta property=\"og:description\" content=\"Modernizarea sistemului de \u00eenc\u0103lzire a locuin\u021bei a devenit \u0219i mai u\u0219oar\u0103 \u0219i mai ieftin\u0103. Cu panoul dat cu imagine, ve\u021bi\" \/>\n<meta property=\"og:url\" content=\"https:\/\/www.dionlux.md\/en\/product\/panou-incalzitor-cu-imagine-panda-rosu-900w\/\" \/>\n<meta property=\"og:site_name\" content=\"DionLux - Incalzire Eficienta\" \/>\n<meta property=\"article:publisher\" content=\"https:\/\/www.facebook.com\/people\/Dionlux-SMART-Solutions\/100088369964479\/\" \/>\n<meta property=\"article:modified_time\" content=\"2026-04-12T02:43:02+00:00\" \/>\n<meta property=\"og:image\" content=\"https:\/\/www.dionlux.md\/wp-content\/uploads\/2023\/03\/900W_red_panda_1.jpg\" \/>\n\t<meta property=\"og:image:width\" content=\"983\" \/>\n\t<meta property=\"og:image:height\" content=\"1024\" \/>\n\t<meta property=\"og:image:type\" content=\"image\/jpeg\" \/>\n<meta name=\"twitter:card\" content=\"summary_large_image\" \/>\n<meta name=\"twitter:label1\" content=\"Price\" \/>\n\t<meta name=\"twitter:data1\" content=\"\" \/>\n\t<meta name=\"twitter:label2\" content=\"Availability\" \/>\n\t<meta name=\"twitter:data2\" content=\"On backorder\" \/>\n<script type=\"application\/ld+json\" class=\"yoast-schema-graph\">{\"@context\":\"https:\/\/schema.org\",\"@graph\":[{\"@type\":\"WebPage\",\"@id\":\"https:\/\/www.dionlux.md\/product\/panou-incalzitor-cu-imagine-panda-rosu-900w\/\",\"url\":\"https:\/\/www.dionlux.md\/product\/panou-incalzitor-cu-imagine-panda-rosu-900w\/\",\"name\":\"Panou \u00cenc\u0103lzitor cu imagine Panda rosu 900W - DionLux - Incalzire Eficienta\",\"isPartOf\":{\"@id\":\"https:\/\/www.dionlux.md\/ro\/#website\"},\"datePublished\":\"2023-03-01T17:35:25+00:00\",\"dateModified\":\"2026-04-12T02:43:02+00:00\",\"breadcrumb\":{\"@id\":\"https:\/\/www.dionlux.md\/product\/panou-incalzitor-cu-imagine-panda-rosu-900w\/#breadcrumb\"},\"inLanguage\":\"en-US\",\"potentialAction\":[{\"@type\":\"ReadAction\",\"target\":[\"https:\/\/www.dionlux.md\/product\/panou-incalzitor-cu-imagine-panda-rosu-900w\/\"]}]},{\"@type\":\"BreadcrumbList\",\"@id\":\"https:\/\/www.dionlux.md\/product\/panou-incalzitor-cu-imagine-panda-rosu-900w\/#breadcrumb\",\"itemListElement\":[{\"@type\":\"ListItem\",\"position\":1,\"name\":\"Home\",\"item\":\"https:\/\/www.dionlux.md\/ro\/\"},{\"@type\":\"ListItem\",\"position\":2,\"name\":\"Magazin\",\"item\":\"https:\/\/www.dionlux.md\/ro\/shop\/\"},{\"@type\":\"ListItem\",\"position\":3,\"name\":\"Panou \u00cenc\u0103lzitor cu imagine Panda rosu 900W\"}]},{\"@type\":\"WebSite\",\"@id\":\"https:\/\/www.dionlux.md\/ro\/#website\",\"url\":\"https:\/\/www.dionlux.md\/ro\/\",\"name\":\"DionLux - Incalzire Eficienta\",\"description\":\"AVEM TOTUL PENTRU CALDUR\u0102 \u0218I EFICIEN\u021aA EI...\",\"publisher\":{\"@id\":\"https:\/\/www.dionlux.md\/ro\/#organization\"},\"potentialAction\":[{\"@type\":\"SearchAction\",\"target\":{\"@type\":\"EntryPoint\",\"urlTemplate\":\"https:\/\/www.dionlux.md\/ro\/?s={search_term_string}\"},\"query-input\":\"required name=search_term_string\"}],\"inLanguage\":\"en-US\"},{\"@type\":\"Organization\",\"@id\":\"https:\/\/www.dionlux.md\/ro\/#organization\",\"name\":\"DionLux - Incalzire Eficienta\",\"url\":\"https:\/\/www.dionlux.md\/ro\/\",\"logo\":{\"@type\":\"ImageObject\",\"inLanguage\":\"en-US\",\"@id\":\"https:\/\/www.dionlux.md\/ro\/#\/schema\/logo\/image\/\",\"url\":\"https:\/\/www.dionlux.md\/wp-content\/uploads\/2023\/01\/logo1.png\",\"contentUrl\":\"https:\/\/www.dionlux.md\/wp-content\/uploads\/2023\/01\/logo1.png\",\"width\":797,\"height\":255,\"caption\":\"DionLux - Incalzire Eficienta\"},\"image\":{\"@id\":\"https:\/\/www.dionlux.md\/ro\/#\/schema\/logo\/image\/\"},\"sameAs\":[\"https:\/\/www.facebook.com\/people\/Dionlux-SMART-Solutions\/100088369964479\/\"]}]}<\/script>\n<meta property=\"product:price:amount\" content=\"0.00\" \/>\n<meta property=\"product:price:currency\" content=\"MDL\" \/>\n<meta property=\"og:availability\" content=\"backorder\" \/>\n<meta property=\"product:availability\" content=\"available for order\" \/>\n<meta property=\"product:condition\" content=\"new\" \/>\n<!-- \/ Yoast SEO Premium plugin. -->","yoast_head_json":{"title":"Panou \u00cenc\u0103lzitor cu imagine Panda rosu 900W - DionLux - Incalzire Eficienta","robots":{"index":"index","follow":"follow","max-snippet":"max-snippet:-1","max-image-preview":"max-image-preview:large","max-video-preview":"max-video-preview:-1"},"canonical":"https:\/\/www.dionlux.md\/en\/product\/panou-incalzitor-cu-imagine-panda-rosu-900w\/","og_locale":"en_US","og_type":"article","og_title":"Panou \u00cenc\u0103lzitor cu imagine Panda rosu 900W","og_description":"Modernizarea sistemului de \u00eenc\u0103lzire a locuin\u021bei a devenit \u0219i mai u\u0219oar\u0103 \u0219i mai ieftin\u0103. Cu panoul dat cu imagine, ve\u021bi","og_url":"https:\/\/www.dionlux.md\/en\/product\/panou-incalzitor-cu-imagine-panda-rosu-900w\/","og_site_name":"DionLux - Incalzire Eficienta","article_publisher":"https:\/\/www.facebook.com\/people\/Dionlux-SMART-Solutions\/100088369964479\/","article_modified_time":"2026-04-12T02:43:02+00:00","og_image":[{"width":983,"height":1024,"url":"https:\/\/www.dionlux.md\/wp-content\/uploads\/2023\/03\/900W_red_panda_1.jpg","type":"image\/jpeg"}],"twitter_card":"summary_large_image","twitter_misc":{"Price":"","Availability":"On backorder"},"schema":{"@context":"https:\/\/schema.org","@graph":[{"@type":"WebPage","@id":"https:\/\/www.dionlux.md\/product\/panou-incalzitor-cu-imagine-panda-rosu-900w\/","url":"https:\/\/www.dionlux.md\/product\/panou-incalzitor-cu-imagine-panda-rosu-900w\/","name":"Panou \u00cenc\u0103lzitor cu imagine Panda rosu 900W - DionLux - Incalzire Eficienta","isPartOf":{"@id":"https:\/\/www.dionlux.md\/ro\/#website"},"datePublished":"2023-03-01T17:35:25+00:00","dateModified":"2026-04-12T02:43:02+00:00","breadcrumb":{"@id":"https:\/\/www.dionlux.md\/product\/panou-incalzitor-cu-imagine-panda-rosu-900w\/#breadcrumb"},"inLanguage":"en-US","potentialAction":[{"@type":"ReadAction","target":["https:\/\/www.dionlux.md\/product\/panou-incalzitor-cu-imagine-panda-rosu-900w\/"]}]},{"@type":"BreadcrumbList","@id":"https:\/\/www.dionlux.md\/product\/panou-incalzitor-cu-imagine-panda-rosu-900w\/#breadcrumb","itemListElement":[{"@type":"ListItem","position":1,"name":"Home","item":"https:\/\/www.dionlux.md\/ro\/"},{"@type":"ListItem","position":2,"name":"Magazin","item":"https:\/\/www.dionlux.md\/ro\/shop\/"},{"@type":"ListItem","position":3,"name":"Panou \u00cenc\u0103lzitor cu imagine Panda rosu 900W"}]},{"@type":"WebSite","@id":"https:\/\/www.dionlux.md\/ro\/#website","url":"https:\/\/www.dionlux.md\/ro\/","name":"DionLux - Incalzire Eficienta","description":"AVEM TOTUL PENTRU CALDUR\u0102 \u0218I EFICIEN\u021aA EI...","publisher":{"@id":"https:\/\/www.dionlux.md\/ro\/#organization"},"potentialAction":[{"@type":"SearchAction","target":{"@type":"EntryPoint","urlTemplate":"https:\/\/www.dionlux.md\/ro\/?s={search_term_string}"},"query-input":"required name=search_term_string"}],"inLanguage":"en-US"},{"@type":"Organization","@id":"https:\/\/www.dionlux.md\/ro\/#organization","name":"DionLux - Incalzire Eficienta","url":"https:\/\/www.dionlux.md\/ro\/","logo":{"@type":"ImageObject","inLanguage":"en-US","@id":"https:\/\/www.dionlux.md\/ro\/#\/schema\/logo\/image\/","url":"https:\/\/www.dionlux.md\/wp-content\/uploads\/2023\/01\/logo1.png","contentUrl":"https:\/\/www.dionlux.md\/wp-content\/uploads\/2023\/01\/logo1.png","width":797,"height":255,"caption":"DionLux - Incalzire Eficienta"},"image":{"@id":"https:\/\/www.dionlux.md\/ro\/#\/schema\/logo\/image\/"},"sameAs":["https:\/\/www.facebook.com\/people\/Dionlux-SMART-Solutions\/100088369964479\/"]}]},"product_price_amount":"0.00","product_price_currency":"MDL","og_availability":"backorder","product_availability":"available for order","product_condition":"new"},"_links":{"self":[{"href":"https:\/\/www.dionlux.md\/en\/wp-json\/wp\/v2\/product\/1109","targetHints":{"allow":["GET"]}}],"collection":[{"href":"https:\/\/www.dionlux.md\/en\/wp-json\/wp\/v2\/product"}],"about":[{"href":"https:\/\/www.dionlux.md\/en\/wp-json\/wp\/v2\/types\/product"}],"replies":[{"embeddable":true,"href":"https:\/\/www.dionlux.md\/en\/wp-json\/wp\/v2\/comments?post=1109"}],"wp:featuredmedia":[{"embeddable":true,"href":"https:\/\/www.dionlux.md\/en\/wp-json\/wp\/v2\/media\/1110"}],"wp:attachment":[{"href":"https:\/\/www.dionlux.md\/en\/wp-json\/wp\/v2\/media?parent=1109"}],"wp:term":[{"taxonomy":"product_cat","embeddable":true,"href":"https:\/\/www.dionlux.md\/en\/wp-json\/wp\/v2\/product_cat?post=1109"},{"taxonomy":"product_tag","embeddable":true,"href":"https:\/\/www.dionlux.md\/en\/wp-json\/wp\/v2\/product_tag?post=1109"}],"curies":[{"name":"wp","href":"https:\/\/api.w.org\/{rel}","templated":true}]}}