{"id":1033,"date":"2023-02-20T12:06:19","date_gmt":"2023-02-20T10:06:19","guid":{"rendered":"https:\/\/www.dionlux.md\/?post_type=product&#038;p=1033"},"modified":"2026-02-25T13:33:58","modified_gmt":"2026-02-25T11:33:58","slug":"panou-incalzitor-cu-imagine-ultra-slim-mystic-mountains-350w","status":"publish","type":"product","link":"https:\/\/www.dionlux.md\/en\/product\/panou-incalzitor-cu-imagine-ultra-slim-mystic-mountains-350w\/","title":{"rendered":"Panou \u00cenc\u0103lzitor cu imagine Ultra Slim Mystic mountains 350W"},"content":{"rendered":"<section class=\"wpb-content-wrapper\"><p><strong><div class=\"vc_row wpb_row vc_row-fluid\"><div class=\"wpb_column vc_column_container vc_col-sm-12\"><div class=\"vc_column-inner\"><div class=\"wpb_wrapper\">\n\t<div class=\"wpb_text_column wpb_content_element\" >\n\t\t<div class=\"wpb_wrapper\">\n\t\t\t<p>Frumoasa imagine care este imprimat\u0103 pe panoul nostru de \u00eenc\u0103lzire cu infraro\u0219u mascheaz\u0103 adev\u0103ratul scop al produsului \u2013 de a oferi c\u0103ldur\u0103 \u00een infraro\u0219u curat\u0103 \u0219i s\u0103n\u0103toas\u0103.<\/p>\n<p>Panoul de \u00eenc\u0103lzire declan\u0219eaz\u0103 o serie de unde infraro\u0219ii care \u00eenc\u0103lzesc suprafa\u021ba, spre deosebire de volumul de spa\u021biu ca radiatoarele conven\u021bionale.\u00a0Aceasta \u00eenseamn\u0103 c\u0103 folosesc mult mai pu\u021bin\u0103 energie \u00een compara\u021bie cu \u00eenc\u0103lzitoarele cu convec\u021bie, economisind bani de la facturile tale.<\/p>\n<p>\u00cen ciuda temperaturii suprafe\u021bei de 115\u00b0C, materialul PET (tereftalat de polietilen\u0103) care acoper\u0103 panoul asigur\u0103 c\u0103 acesta r\u0103m\u00e2ne \u00een siguran\u021b\u0103 la atingere chiar \u0219i atunci c\u00e2nd este pornit.<\/p>\n<p>Unul dintre lucrurile grozave despre gama noastr\u0103 mai larg\u0103 de panouri de inc\u0103lzire cu infraro\u0219u cu imagine este c\u0103 v\u0103 ajut\u0103 s\u0103 se \u00eembin\u0103 \u00een \u00eenc\u0103lzitorul dvs. cu decorarea mai larg\u0103 a camerei dvs.\u00a0Ar ap\u0103rea pur \u0219i simplu ca o imagine \u00eenr\u0103mat\u0103 pe un perete pentru cineva care nu era deloc mai \u00een\u021belept.<\/p>\n<p>Gama Panourilor cu Imagine facut\u0103 in baza panourilori din gama Nexus p\u0103streaz\u0103 toate beneficiile acestor precum si v\u0103 permite s\u0103 conecta\u021bi \u00eenc\u0103lzirea cu smartphone-ul pentru o modalitate inovatoare f\u0103r\u0103 efort de a v\u0103 \u00eenc\u0103lzi casa. Capacitatea lor Wi-Fi \u00eenseamn\u0103 c\u0103 v\u0103 pute\u021bi gestiona \u00eenc\u0103lzirea de oriunde \u00een lume, nu este nevoie s\u0103 fi\u021bi acas\u0103.<\/p>\n\n\t\t<\/div>\n\t<\/div>\n<\/div><\/div><\/div><\/div><\/strong><\/p>\n<\/section>","protected":false},"excerpt":{"rendered":"Frumoasa imagine care este imprimat\u0103 pe panoul nostru de \u00eenc\u0103lzire cu infraro\u0219u mascheaz\u0103 adev\u0103ratul scop al produsului \u2013 de a","protected":false},"featured_media":1034,"comment_status":"open","ping_status":"closed","template":"","meta":[],"product_cat":[129],"product_tag":[131],"class_list":["post-1033","product","type-product","status-publish","has-post-thumbnail","hentry","product_cat-panouri-cu-imagine","product_tag-sl-ima-30120"],"yoast_head":"<!-- This site is optimized with the Yoast SEO Premium plugin v20.13 (Yoast SEO v20.13) - https:\/\/yoast.com\/wordpress\/plugins\/seo\/ -->\n<title>Panou \u00cenc\u0103lzitor cu imagine Ultra Slim Mystic mountains 350W - DionLux - Incalzire Eficienta<\/title>\n<meta name=\"robots\" content=\"index, follow, max-snippet:-1, max-image-preview:large, max-video-preview:-1\" \/>\n<link rel=\"canonical\" href=\"https:\/\/www.dionlux.md\/en\/product\/panou-incalzitor-cu-imagine-ultra-slim-mystic-mountains-350w\/\" \/>\n<meta property=\"og:locale\" content=\"en_US\" \/>\n<meta property=\"og:type\" content=\"article\" \/>\n<meta property=\"og:title\" content=\"Panou \u00cenc\u0103lzitor cu imagine Ultra Slim Mystic mountains 350W\" \/>\n<meta property=\"og:url\" content=\"https:\/\/www.dionlux.md\/en\/product\/panou-incalzitor-cu-imagine-ultra-slim-mystic-mountains-350w\/\" \/>\n<meta property=\"og:site_name\" content=\"DionLux - Incalzire Eficienta\" \/>\n<meta property=\"article:publisher\" content=\"https:\/\/www.facebook.com\/people\/Dionlux-SMART-Solutions\/100088369964479\/\" \/>\n<meta property=\"article:modified_time\" content=\"2026-02-25T11:33:58+00:00\" \/>\n<meta property=\"og:image\" content=\"https:\/\/www.dionlux.md\/wp-content\/uploads\/2023\/02\/350W_US_Moutains_1.jpg\" \/>\n\t<meta property=\"og:image:width\" content=\"983\" \/>\n\t<meta property=\"og:image:height\" content=\"1024\" \/>\n\t<meta property=\"og:image:type\" content=\"image\/jpeg\" \/>\n<meta name=\"twitter:card\" content=\"summary_large_image\" \/>\n<meta name=\"twitter:label1\" content=\"Price\" \/>\n\t<meta name=\"twitter:data1\" content=\"\" \/>\n\t<meta name=\"twitter:label2\" content=\"Availability\" \/>\n\t<meta name=\"twitter:data2\" content=\"On backorder\" \/>\n<script type=\"application\/ld+json\" class=\"yoast-schema-graph\">{\"@context\":\"https:\/\/schema.org\",\"@graph\":[{\"@type\":\"WebPage\",\"@id\":\"https:\/\/www.dionlux.md\/product\/panou-incalzitor-cu-imagine-ultra-slim-mystic-mountains-350w\/\",\"url\":\"https:\/\/www.dionlux.md\/product\/panou-incalzitor-cu-imagine-ultra-slim-mystic-mountains-350w\/\",\"name\":\"Panou \u00cenc\u0103lzitor cu imagine Ultra Slim Mystic mountains 350W - DionLux - Incalzire Eficienta\",\"isPartOf\":{\"@id\":\"https:\/\/www.dionlux.md\/ro\/#website\"},\"datePublished\":\"2023-02-20T10:06:19+00:00\",\"dateModified\":\"2026-02-25T11:33:58+00:00\",\"breadcrumb\":{\"@id\":\"https:\/\/www.dionlux.md\/product\/panou-incalzitor-cu-imagine-ultra-slim-mystic-mountains-350w\/#breadcrumb\"},\"inLanguage\":\"en-US\",\"potentialAction\":[{\"@type\":\"ReadAction\",\"target\":[\"https:\/\/www.dionlux.md\/product\/panou-incalzitor-cu-imagine-ultra-slim-mystic-mountains-350w\/\"]}]},{\"@type\":\"BreadcrumbList\",\"@id\":\"https:\/\/www.dionlux.md\/product\/panou-incalzitor-cu-imagine-ultra-slim-mystic-mountains-350w\/#breadcrumb\",\"itemListElement\":[{\"@type\":\"ListItem\",\"position\":1,\"name\":\"Home\",\"item\":\"https:\/\/www.dionlux.md\/ro\/\"},{\"@type\":\"ListItem\",\"position\":2,\"name\":\"Magazin\",\"item\":\"https:\/\/www.dionlux.md\/ro\/shop\/\"},{\"@type\":\"ListItem\",\"position\":3,\"name\":\"Panou \u00cenc\u0103lzitor cu imagine Ultra Slim Mystic mountains 350W\"}]},{\"@type\":\"WebSite\",\"@id\":\"https:\/\/www.dionlux.md\/ro\/#website\",\"url\":\"https:\/\/www.dionlux.md\/ro\/\",\"name\":\"DionLux - Incalzire Eficienta\",\"description\":\"AVEM TOTUL PENTRU CALDUR\u0102 \u0218I EFICIEN\u021aA EI...\",\"publisher\":{\"@id\":\"https:\/\/www.dionlux.md\/ro\/#organization\"},\"potentialAction\":[{\"@type\":\"SearchAction\",\"target\":{\"@type\":\"EntryPoint\",\"urlTemplate\":\"https:\/\/www.dionlux.md\/ro\/?s={search_term_string}\"},\"query-input\":\"required name=search_term_string\"}],\"inLanguage\":\"en-US\"},{\"@type\":\"Organization\",\"@id\":\"https:\/\/www.dionlux.md\/ro\/#organization\",\"name\":\"DionLux - Incalzire Eficienta\",\"url\":\"https:\/\/www.dionlux.md\/ro\/\",\"logo\":{\"@type\":\"ImageObject\",\"inLanguage\":\"en-US\",\"@id\":\"https:\/\/www.dionlux.md\/ro\/#\/schema\/logo\/image\/\",\"url\":\"https:\/\/www.dionlux.md\/wp-content\/uploads\/2023\/01\/logo1.png\",\"contentUrl\":\"https:\/\/www.dionlux.md\/wp-content\/uploads\/2023\/01\/logo1.png\",\"width\":797,\"height\":255,\"caption\":\"DionLux - Incalzire Eficienta\"},\"image\":{\"@id\":\"https:\/\/www.dionlux.md\/ro\/#\/schema\/logo\/image\/\"},\"sameAs\":[\"https:\/\/www.facebook.com\/people\/Dionlux-SMART-Solutions\/100088369964479\/\"]}]}<\/script>\n<meta property=\"product:price:amount\" content=\"0.00\" \/>\n<meta property=\"product:price:currency\" content=\"MDL\" \/>\n<meta property=\"og:availability\" content=\"backorder\" \/>\n<meta property=\"product:availability\" content=\"available for order\" \/>\n<meta property=\"product:condition\" content=\"new\" \/>\n<!-- \/ Yoast SEO Premium plugin. -->","yoast_head_json":{"title":"Panou \u00cenc\u0103lzitor cu imagine Ultra Slim Mystic mountains 350W - DionLux - Incalzire Eficienta","robots":{"index":"index","follow":"follow","max-snippet":"max-snippet:-1","max-image-preview":"max-image-preview:large","max-video-preview":"max-video-preview:-1"},"canonical":"https:\/\/www.dionlux.md\/en\/product\/panou-incalzitor-cu-imagine-ultra-slim-mystic-mountains-350w\/","og_locale":"en_US","og_type":"article","og_title":"Panou \u00cenc\u0103lzitor cu imagine Ultra Slim Mystic mountains 350W","og_url":"https:\/\/www.dionlux.md\/en\/product\/panou-incalzitor-cu-imagine-ultra-slim-mystic-mountains-350w\/","og_site_name":"DionLux - Incalzire Eficienta","article_publisher":"https:\/\/www.facebook.com\/people\/Dionlux-SMART-Solutions\/100088369964479\/","article_modified_time":"2026-02-25T11:33:58+00:00","og_image":[{"width":983,"height":1024,"url":"https:\/\/www.dionlux.md\/wp-content\/uploads\/2023\/02\/350W_US_Moutains_1.jpg","type":"image\/jpeg"}],"twitter_card":"summary_large_image","twitter_misc":{"Price":"","Availability":"On backorder"},"schema":{"@context":"https:\/\/schema.org","@graph":[{"@type":"WebPage","@id":"https:\/\/www.dionlux.md\/product\/panou-incalzitor-cu-imagine-ultra-slim-mystic-mountains-350w\/","url":"https:\/\/www.dionlux.md\/product\/panou-incalzitor-cu-imagine-ultra-slim-mystic-mountains-350w\/","name":"Panou \u00cenc\u0103lzitor cu imagine Ultra Slim Mystic mountains 350W - DionLux - Incalzire Eficienta","isPartOf":{"@id":"https:\/\/www.dionlux.md\/ro\/#website"},"datePublished":"2023-02-20T10:06:19+00:00","dateModified":"2026-02-25T11:33:58+00:00","breadcrumb":{"@id":"https:\/\/www.dionlux.md\/product\/panou-incalzitor-cu-imagine-ultra-slim-mystic-mountains-350w\/#breadcrumb"},"inLanguage":"en-US","potentialAction":[{"@type":"ReadAction","target":["https:\/\/www.dionlux.md\/product\/panou-incalzitor-cu-imagine-ultra-slim-mystic-mountains-350w\/"]}]},{"@type":"BreadcrumbList","@id":"https:\/\/www.dionlux.md\/product\/panou-incalzitor-cu-imagine-ultra-slim-mystic-mountains-350w\/#breadcrumb","itemListElement":[{"@type":"ListItem","position":1,"name":"Home","item":"https:\/\/www.dionlux.md\/ro\/"},{"@type":"ListItem","position":2,"name":"Magazin","item":"https:\/\/www.dionlux.md\/ro\/shop\/"},{"@type":"ListItem","position":3,"name":"Panou \u00cenc\u0103lzitor cu imagine Ultra Slim Mystic mountains 350W"}]},{"@type":"WebSite","@id":"https:\/\/www.dionlux.md\/ro\/#website","url":"https:\/\/www.dionlux.md\/ro\/","name":"DionLux - Incalzire Eficienta","description":"AVEM TOTUL PENTRU CALDUR\u0102 \u0218I EFICIEN\u021aA EI...","publisher":{"@id":"https:\/\/www.dionlux.md\/ro\/#organization"},"potentialAction":[{"@type":"SearchAction","target":{"@type":"EntryPoint","urlTemplate":"https:\/\/www.dionlux.md\/ro\/?s={search_term_string}"},"query-input":"required name=search_term_string"}],"inLanguage":"en-US"},{"@type":"Organization","@id":"https:\/\/www.dionlux.md\/ro\/#organization","name":"DionLux - Incalzire Eficienta","url":"https:\/\/www.dionlux.md\/ro\/","logo":{"@type":"ImageObject","inLanguage":"en-US","@id":"https:\/\/www.dionlux.md\/ro\/#\/schema\/logo\/image\/","url":"https:\/\/www.dionlux.md\/wp-content\/uploads\/2023\/01\/logo1.png","contentUrl":"https:\/\/www.dionlux.md\/wp-content\/uploads\/2023\/01\/logo1.png","width":797,"height":255,"caption":"DionLux - Incalzire Eficienta"},"image":{"@id":"https:\/\/www.dionlux.md\/ro\/#\/schema\/logo\/image\/"},"sameAs":["https:\/\/www.facebook.com\/people\/Dionlux-SMART-Solutions\/100088369964479\/"]}]},"product_price_amount":"0.00","product_price_currency":"MDL","og_availability":"backorder","product_availability":"available for order","product_condition":"new"},"_links":{"self":[{"href":"https:\/\/www.dionlux.md\/en\/wp-json\/wp\/v2\/product\/1033","targetHints":{"allow":["GET"]}}],"collection":[{"href":"https:\/\/www.dionlux.md\/en\/wp-json\/wp\/v2\/product"}],"about":[{"href":"https:\/\/www.dionlux.md\/en\/wp-json\/wp\/v2\/types\/product"}],"replies":[{"embeddable":true,"href":"https:\/\/www.dionlux.md\/en\/wp-json\/wp\/v2\/comments?post=1033"}],"wp:featuredmedia":[{"embeddable":true,"href":"https:\/\/www.dionlux.md\/en\/wp-json\/wp\/v2\/media\/1034"}],"wp:attachment":[{"href":"https:\/\/www.dionlux.md\/en\/wp-json\/wp\/v2\/media?parent=1033"}],"wp:term":[{"taxonomy":"product_cat","embeddable":true,"href":"https:\/\/www.dionlux.md\/en\/wp-json\/wp\/v2\/product_cat?post=1033"},{"taxonomy":"product_tag","embeddable":true,"href":"https:\/\/www.dionlux.md\/en\/wp-json\/wp\/v2\/product_tag?post=1033"}],"curies":[{"name":"wp","href":"https:\/\/api.w.org\/{rel}","templated":true}]}}